{"id":693,"date":"2023-01-08T16:09:37","date_gmt":"2023-01-08T15:09:37","guid":{"rendered":"https:\/\/tsv-heiningen.de\/leichtathletik\/?page_id=693"},"modified":"2023-01-09T06:47:11","modified_gmt":"2023-01-09T05:47:11","slug":"16-heininger-drei-koenigs-lauf-2023-ergebnisse","status":"publish","type":"page","link":"https:\/\/tsv-heiningen.de\/leichtathletik\/16-heininger-drei-koenigs-lauf-2023-rueckblick\/16-heininger-drei-koenigs-lauf-2023-ergebnisse\/","title":{"rendered":"16. Heininger Drei-K\u00f6nigs-Lauf 2023 \u2013 Ergebnisse"},"content":{"rendered":"<p>Hochmotivierte Sportlerinnen und Sportler lieferten beste Ergebnisse:<\/p>\n<p>Wertung Hauptklasse Frauen (Alter: 20-29)<\/p>\n<table border=\"0\" width=\"500\">\n<tbody>\n<tr>\n<th style=\"text-align: left\">Platz<\/th>\n<th style=\"text-align: left\">Name<\/th>\n<th style=\"text-align: left\">Zeit<\/th>\n<\/tr>\n<tr>\n<td style=\"text-align: center\">1.<\/td>\n<td style=\"text-align: left\">Walter, Jessica<\/td>\n<td>00:49:38<\/td>\n<\/tr>\n<tr>\n<td style=\"text-align: center\">2.<\/td>\n<td style=\"text-align: left\">Lantschner, Britta<\/td>\n<td>00:51:02<\/td>\n<\/tr>\n<tr>\n<td style=\"text-align: center\">3.<\/td>\n<td style=\"text-align: left\">K\u00f6nig, Gwen<\/td>\n<td>00:51:23<\/td>\n<\/tr>\n<\/tbody>\n<\/table>\n<p>&nbsp;<\/p>\n<p>Wertung Hauptklasse M\u00e4nner (Alter: 20-29)<\/p>\n<table border=\"0\" width=\"500\">\n<tbody>\n<tr>\n<th style=\"text-align: left\">Platz<\/th>\n<th style=\"text-align: left\">Name<\/th>\n<th style=\"text-align: left\">Zeit<\/th>\n<\/tr>\n<tr>\n<td style=\"text-align: center\">1.<\/td>\n<td style=\"text-align: left\">Gro\u00dfkopf, Hannes<\/td>\n<td>00:35:44<\/td>\n<\/tr>\n<tr>\n<td style=\"text-align: center\">2.<\/td>\n<td style=\"text-align: left\">Tomas Gabure, Elias<\/td>\n<td>00:36:19<\/td>\n<\/tr>\n<tr>\n<td style=\"text-align: center\">3.<\/td>\n<td style=\"text-align: left\">Brandes, Hendrik<\/td>\n<td>00:39:01<\/td>\n<\/tr>\n<\/tbody>\n<\/table>\n<p>&nbsp;<\/p>\n<p>Auch alle weiteren Leistungen verdienen unseren Respekt und sind beachtlich. Dies trifft bei unseren J\u00fcngsten genauso zu, wie auch bei den Frauen und M\u00e4nnern der Feuerwehren. Insbesondere da sie rund um die Uhr f\u00fcr uns zur Verf\u00fcgung stehen um zu retten, zu l\u00f6schen, zu bergen und uns alle zu sch\u00fctzen.<\/p>\n<p>&nbsp;<\/p>\n<table border=\"0\" width=\"600\">\n<tbody>\n<tr>\n<td style=\"text-align: left\">16. Heininger Drei-K\u00f6nigs-Lauf 1,5 km Kinderlauf<\/td>\n<td style=\"text-align: left\"><\/td>\n<td><a href=\"https:\/\/tsv-heiningen.de\/leichtathletik\/wp-content\/uploads\/sites\/24\/Drei-K\u00f6nigs-Lauf_2023_Ergebnisse_1_5km.pdf\" target=\"_blank\" rel=\"noopener noreferrer\">Ergebnisliste<\/a><\/td>\n<\/tr>\n<tr>\n<td style=\"text-align: left\">16. Heininger Drei-K\u00f6nigs-Lauf 3,0 km Jugendlauf<\/td>\n<td style=\"text-align: left\"><\/td>\n<td><a href=\"https:\/\/tsv-heiningen.de\/leichtathletik\/wp-content\/uploads\/sites\/24\/Drei-K\u00f6nigs-Lauf_2023_Ergebnisse_3_0km.pdf\" target=\"_blank\" rel=\"noopener noreferrer\">Ergebnisliste<\/a><\/td>\n<\/tr>\n<tr>\n<td style=\"text-align: left\">16. Heininger Drei-K\u00f6nigs-Lauf 5,6 km Nordic-Walking<\/td>\n<td style=\"text-align: left\"><\/td>\n<td><a href=\"https:\/\/tsv-heiningen.de\/leichtathletik\/wp-content\/uploads\/sites\/24\/Drei-K\u00f6nigs-Lauf_2023_Ergebnisse_5_6km_Nordic-Walking.pdf\" target=\"_blank\" rel=\"noopener noreferrer\">Ergebnisliste<\/a><\/td>\n<\/tr>\n<tr>\n<td style=\"text-align: left\">16. Heininger Drei-K\u00f6nigs-Lauf 10,4 km Hauptlauf<\/td>\n<td style=\"text-align: left\"><\/td>\n<td><a href=\"https:\/\/tsv-heiningen.de\/leichtathletik\/wp-content\/uploads\/sites\/24\/Drei-K\u00f6nigs-Lauf_2023_Ergebnisse_10_4km.pdf\" target=\"_blank\" rel=\"noopener noreferrer\">Ergebnisliste<\/a><\/td>\n<\/tr>\n<tr>\n<td style=\"text-align: left\">16. Heininger Drei-K\u00f6nigs-Lauf 10,4 km Feuerwehrlauf<\/td>\n<td style=\"text-align: left\"><\/td>\n<td><a href=\"https:\/\/tsv-heiningen.de\/leichtathletik\/wp-content\/uploads\/sites\/24\/Drei-K\u00f6nigs-Lauf_2023_Ergebnisse_10_4km_FEUERWEHR-Lauf.pdf\" target=\"_blank\" rel=\"noopener noreferrer\">Ergebnisliste<\/a><\/td>\n<\/tr>\n<\/tbody>\n<\/table>\n<p>&nbsp;<\/p>\n<h1>Fotos<\/h1>\n<p>&nbsp;<\/p>\n<p style=\"padding-left: 120px;text-align: left\"><strong>Franziska Poensgen<\/strong> ( <a href=\"https:\/\/franziska-poensgen.de\" target=\"_blank\" rel=\"noopener noreferrer\">https:\/\/franziska-poensgen.de<\/a> ) ist ein Profi aus der Region und fotografiert mit Leib und Seele. Das sieht man, das vermitteln auch ihre professionellen Fotos.<\/p>\n<p style=\"padding-left: 80px\">Gekonnt in Szene gesezte Tieraufnahmen, Portraits in der Natur sowie Andenken an Feiern &amp; Feste jeglicher Art fordern ein geschultes Auge, Einf\u00fchlungverm\u00f6gen und Geduld. All dies und noch vieles mehr zeichnen ihre kompetenten Shootings aus.<\/p>\n<p style=\"padding-left: 40px\">Wir haben uns auch diese Jahr sehr gefreut, dass sie uns unterst\u00fctzt und <a href=\"https:\/\/www.picdrop.com\/www.franziska-poensgen.de\/Koenigslauf\" target=\"_blank\" rel=\"noopener noreferrer\">verlinken<\/a> sehr gerne auf ihre tollen Fotos von euch im Rahmen des 16. Heininger Drei-K\u00f6nig-Laufes.<\/p>\n<p>&nbsp;<\/p>\n<p><strong>Markus Nischwitz<\/strong> und sein Team von Schwaben-Foto (\u00a0 <a href=\"https:\/\/www.schwaben-foto.com\" target=\"_blank\" rel=\"noopener noreferrer\">https:\/\/www.schwaben-foto.com<\/a> ) haben sehr viel Erfahrung. Sie setzen Sportveranstaltungen und jegliche besonderen Momente gekonnt in Szene, wenn es sein soll auch aus ungewohnten Perspektiven aus der Luft.<\/p>\n<p style=\"padding-left: 40px\">Auch hier sagen wir DANKE f\u00fcr die Unterst\u00fctzung und das Festhalten und Verewigen von tollen Momenten und Leistungen in sch\u00f6nen Fotos mit charmanten Motiven. Die Beweise findetst Du <a href=\"https:\/\/www.schwaben-foto.com\/gallery\/16-heininger-dreikoenigsklauf-2023\" target=\"_blank\" rel=\"noopener noreferrer\">hier<\/a>.<\/p>\n","protected":false},"excerpt":{"rendered":"<p>Hochmotivierte Sportlerinnen und Sportler lieferten beste Ergebnisse: Wertung Hauptklasse Frauen (Alter: 20-29) Platz Name Zeit 1. Walter, Jessica 00:49:38 2. Lantschner, Britta 00:51:02 3. K\u00f6nig, Gwen 00:51:23 &nbsp; Wertung Hauptklasse M\u00e4nner (Alter: 20-29) Platz Name Zeit 1. Gro\u00dfkopf, Hannes 00:35:44 2. Tomas Gabure, Elias 00:36:19 3. Brandes, Hendrik 00:39:01 &nbsp; Auch alle weiteren Leistungen verdienen [&hellip;]<\/p>\n","protected":false},"author":47,"featured_media":0,"parent":671,"menu_order":0,"comment_status":"closed","ping_status":"closed","template":"","meta":{"_acf_changed":false,"footnotes":""},"class_list":["post-693","page","type-page","status-publish","hentry"],"acf":[],"_links":{"self":[{"href":"https:\/\/tsv-heiningen.de\/leichtathletik\/wp-json\/wp\/v2\/pages\/693","targetHints":{"allow":["GET"]}}],"collection":[{"href":"https:\/\/tsv-heiningen.de\/leichtathletik\/wp-json\/wp\/v2\/pages"}],"about":[{"href":"https:\/\/tsv-heiningen.de\/leichtathletik\/wp-json\/wp\/v2\/types\/page"}],"author":[{"embeddable":true,"href":"https:\/\/tsv-heiningen.de\/leichtathletik\/wp-json\/wp\/v2\/users\/47"}],"replies":[{"embeddable":true,"href":"https:\/\/tsv-heiningen.de\/leichtathletik\/wp-json\/wp\/v2\/comments?post=693"}],"version-history":[{"count":17,"href":"https:\/\/tsv-heiningen.de\/leichtathletik\/wp-json\/wp\/v2\/pages\/693\/revisions"}],"predecessor-version":[{"id":734,"href":"https:\/\/tsv-heiningen.de\/leichtathletik\/wp-json\/wp\/v2\/pages\/693\/revisions\/734"}],"up":[{"embeddable":true,"href":"https:\/\/tsv-heiningen.de\/leichtathletik\/wp-json\/wp\/v2\/pages\/671"}],"wp:attachment":[{"href":"https:\/\/tsv-heiningen.de\/leichtathletik\/wp-json\/wp\/v2\/media?parent=693"}],"curies":[{"name":"wp","href":"https:\/\/api.w.org\/{rel}","templated":true}]}}