{"id":671,"date":"2023-01-08T15:22:09","date_gmt":"2023-01-08T14:22:09","guid":{"rendered":"https:\/\/tsv-heiningen.de\/leichtathletik\/?page_id=671"},"modified":"2025-01-15T20:40:39","modified_gmt":"2025-01-15T19:40:39","slug":"16-heininger-drei-koenigs-lauf-2023-rueckblick","status":"publish","type":"page","link":"https:\/\/tsv-heiningen.de\/leichtathletik\/16-heininger-drei-koenigs-lauf-2023-rueckblick\/","title":{"rendered":"Nach dem DKL 2023"},"content":{"rendered":"<p>Bei besten Bedingungen hat der TSV-Heiningen 1892 e.V. am 6. Januar wieder zahlreiche L\u00e4uferinnen, L\u00e4ufer und G\u00e4ste rund um die TSV-Halle beg\u00fc\u00dft. Wir freuten uns auf viele bekannte Gesichter, welche uns schon Jahre die Treue halten und wurden auch von etlichen uns noch unbekannten sportlich ambitionierten Athleten \u00fcberrascht. An dieser Stelle bitte ich schon mal um Nachsicht, wenn ich nicht regelm\u00e4\u00dfig alle Geschlechter explizit nenne. Dies soll keinerlei Wertung meinerseits darstellen!<\/p>\n<p>&nbsp;<\/p>\n<p>&nbsp;<\/p>\n<p>Ein wirklich bunter &#8222;Haufen&#8220; an Gleichgesinnten und in allen Regenbogen-Trikotfarben hatte sich in und um die TSV-Halle eingefunden und wurde vom Heininger Star mit Fl\u00fcgelschlag begr\u00fc\u00dft. Freudige Gesichter der Athleten hatten schon vor dem Start beste Lauf-Ergebnisse angek\u00fcndigt. Von oben her trocken und bei angenehmen Temperaturen (um die 8 Grad) verlockten die eine oder den anderen dazu, kurze Hosen und Shirt zu tragen.<\/p>\n<p>Die Kleiderfrage stellte sich f\u00fcr die Teilnehmer beim nun zum zweiten mal angebotenen Feuerwehrlauf \u00fcber die Distanz von 10,4 km nicht. In voller Montur mit langer Hose, Jacke, Pressluftatmer\/Atemluftflasche auf dem R\u00fccken und Helm auf dem Kopf bew\u00e4ltigten die Atemschutztr\u00e4ger diese Strecke &#8211; das ist und bleibt uns ein R\u00e4tsel &#8211; freiwillig! Bei der Ausstattung gibt es verschiedene Typen, doch ein zus\u00e4tzliches Gewicht von bis zu 15 kg macht das Laufen nicht einfacher. Im Sommer w\u00fcrden wir dies niemandem zumuten wollen.<\/p>\n<figure id=\"attachment_683\" aria-describedby=\"caption-attachment-683\" style=\"width: 640px\" class=\"wp-caption aligncenter\"><img decoding=\"async\" class=\"wp-image-683 size-full\" src=\"https:\/\/tsv-heiningen.de\/leichtathletik\/wp-content\/uploads\/sites\/24\/Feuerwehr.jpg\" alt=\"\" width=\"640\" height=\"526\" \/><figcaption id=\"caption-attachment-683\" class=\"wp-caption-text\">Besonders beeindruckend war und ist die Kameradschaft und Teamgeist der teilnehmenden Kamerdinnen und Kameraden. Alle wollten gleichzeitig, d. h. nebeneinander das Ziel erreichen &#8211; wir m\u00fcssen 2024 wohl den Korridor verbreitern \ud83d\ude42<\/figcaption><\/figure>\n<p>Rolf Bayha war ja auch wie gewohnt &#8211; und an dieser Stelle vielen Dank daf\u00fcr &#8211; wieder sehr schnell unterwegs und hat die Ergebnisse der F\u00fchrenden schon am 7.01. in der NWZ G\u00f6ppingen ver\u00f6ffentlicht. Deshalb brauche\u00a0 ich hier keine Namen nennen. Die Ergebnislisten werden voraussichtlich am sp\u00e4ten Montagabend auch hier weiter unten ver\u00f6ffentlicht.<\/p>\n<p>Die durchweg sehr guten Leistungen sprechen f\u00fcr sich und f\u00fcr die Ausdauer, das Leistungsverm\u00f6gen und Fitness jedes einzelnen. Schon die Kinder und Jugendlichen beim 1,5km und 3,0km Lauf waren mit Feuereifer bei der Sache und wurden vom Heininger Star an der Startlinie begr\u00fc\u00dft und von unserem B\u00fcrgermeister Norbert Aufrecht mit einem meist gezielten Schuss auf die verschiedenen Laufstrecken geschickt.<\/p>\n<figure id=\"attachment_682\" aria-describedby=\"caption-attachment-682\" style=\"width: 640px\" class=\"wp-caption aligncenter\"><img decoding=\"async\" class=\"wp-image-682 size-full\" src=\"https:\/\/tsv-heiningen.de\/leichtathletik\/wp-content\/uploads\/sites\/24\/Start_1_5km.jpg\" alt=\"\" width=\"640\" height=\"480\" \/><figcaption id=\"caption-attachment-682\" class=\"wp-caption-text\">Sportliche Jungs und M\u00e4dels finden sich am Start ein.<\/figcaption><\/figure>\n<p>Nach den L\u00e4ufen fanden sich viele Teilnehmer und G\u00e4ste in der TSV-Halle ein. Von der Tischtennis-Abteilung bewirtet wurden leckere Kuchen und Kaffee, aber auch herzhafte Kartoffelsuppe mit Saitenwurst oder der allseits bekannte und geliebte schw\u00e4bische L\u00e4berk\u00e4swegga angeboten.<\/p>\n<p>Roland Schweikert, ein Mitglied der Tischtennis-Abteilung, und B\u00fcrgermeister der wundersch\u00f6nen Gemeinde Gruibingen f\u00fchrte dann weiter durch das Programm und pr\u00e4sentierte die Siegerehrungen kurzweilig und unterhaltsam.<\/p>\n<figure id=\"attachment_681\" aria-describedby=\"caption-attachment-681\" style=\"width: 640px\" class=\"wp-caption alignnone\"><img decoding=\"async\" class=\"wp-image-681 size-full\" src=\"https:\/\/tsv-heiningen.de\/leichtathletik\/wp-content\/uploads\/sites\/24\/Siegerehrung.jpg\" alt=\"\" width=\"640\" height=\"463\" \/><figcaption id=\"caption-attachment-681\" class=\"wp-caption-text\">Bei der anschlie\u00dfenden Siegerehrung erhalten unsere J\u00fcngsten zuerst die volle Aufmerksamkeit.<\/figcaption><\/figure>\n<p>Mit dem einen oder anderen Getr\u00e4nk und vielen interessanten Gespr\u00e4chen unter Gleichgesinnten klang ein sch\u00f6ner und sicherlich f\u00fcr viele erfolgreicher Tag aus. Das Jahr 2023 hat doch schon sehr gut begonnen! Nicht unerw\u00e4hnt bleiben soll, dass an diesem Tag auch eine Jugendfreundschaft, welche vor ca. 30 Jahren bei Mathe-Nachhilfe f\u00fcr das ABI begann, hier nun wieder aufgefrischt werden konnte. \ud83d\ude42<\/p>\n<p>Das gesamte Orga-Team um Daniel Butz (Abteilungsleiter Tischtennis) und J\u00fcrgen Blessing (Abteilungsleiter Leichtathletik) bedankt sich bei allen Helfern und Unterst\u00fctzern. Ohne die Stamm-Mannschaft von der Gesch\u00e4ftsstelle des TSV-Heiningen, unserm B\u00fcrgermeister Norbert Aufrecht mit seinem Team von Gemeindeverwaltung und Bauhof, den geduldigen und verst\u00e4ndnisvollen Anwohnern, den Kuchenspendern und den Helfern an der Strecke, bei Start und Ziel und in der Halle f\u00fcr die Bewirtung verantwortlich w\u00e4re so ein Event nicht m\u00f6glich. Jeder einzelne ist und bleibt auch f\u00fcr den 6. Januar 2024 unentbehrlich!<\/p>\n<h2><span style=\"color: #00ffff\">Doch was w\u00e4ren wir alleine, ohne Dich, ohne euch alle, welche wir an diesem Tag begr\u00fc\u00dfen durften und somit ihr erst den Erfolg und das gute Gelingen erm\u00f6glicht habt.<\/span><\/h2>\n<h1 style=\"text-align: center\"><span style=\"color: #ccffff\"><strong>Wir sagen Dankesch\u00f6n !<\/strong><\/span><\/h1>\n<p>&nbsp;<\/p>\n<p><span style=\"color: #ff9900\">Die Ergebnis-Listen und Hinweise, wo Du Fotos vom 16. Heininger Drei-K\u00f6nigs-Lauf finden kannst sind<\/span> <a href=\"https:\/\/tsv-heiningen.de\/leichtathletik\/16-heininger-drei-koenigs-lauf-2023-rueckblick\/16-heininger-drei-koenigs-lauf-2023-ergebnisse\/\" target=\"_blank\" rel=\"noopener noreferrer\">HIER<\/a><span style=\"color: #ff9900\"> abgelegt.<\/span><\/p>\n<p>&nbsp;<\/p>\n<p><span style=\"color: #ff9900\">Im aktuellen Flyer hatten wir f\u00fcr jeden Hauptlauf- und Nordic-Walking Teilnehmer 2 Euro Spende f\u00fcr die Lebenshilfe G\u00f6ppingen versprochen.<\/span><\/p>\n<p><span style=\"color: #ff9900\">Dank euch k\u00f6nnen wir nun 400 Euro spenden!<\/span><\/p>\n<p><span style=\"color: #ff9900\">Ein engagierter langj\u00e4hriger Helfer hat den Spendenbetrag auf 450 Euro erh\u00f6ht &#8211; wir sagen herzlichen Dank!<\/span><\/p>\n<p><img decoding=\"async\" class=\"size-full wp-image-739 alignright\" src=\"https:\/\/tsv-heiningen.de\/leichtathletik\/wp-content\/uploads\/sites\/24\/Lebenhilfe_G\u00f6ppingen_Auszug_Homepage_2023_03.jpg\" alt=\"\" width=\"419\" height=\"921\" \/><\/p>\n<p>&nbsp;<\/p>\n<p>&nbsp;<\/p>\n<p>&nbsp;<\/p>\n<p>&nbsp;<\/p>\n<p>&nbsp;<\/p>\n<p><span style=\"color: #ff9900\">Das mit eurer Unterst\u00fctzung erreichte gro\u00dfartige Ergebnis haben wir nun <\/span><span style=\"color: #ff9900\">wie versprochen an die Lebenshilfe G\u00f6ppingen \u00fcberwiesen.<br \/>\n<\/span><\/p>\n<p><span style=\"color: #ff9900\">Wir freuen uns, zusammen mit den zahlreichen L\u00e4ufern und L\u00e4uferinnen, die gemeinn\u00fctzige Arbeit der Lebenshilfe G\u00f6ppingen unerst\u00fctzen zu k\u00f6nnen.<\/span><\/p>\n<p>&nbsp;<\/p>\n<p>&nbsp;<\/p>\n<p>&nbsp;<\/p>\n<p><a href=\"https:\/\/lh-goeppingen.de\/\" target=\"_blank\" rel=\"noopener noreferrer\">hier<\/a> <span style=\"color: #ff9900\">geht\u00b4s zur Homepage der <\/span><\/p>\n<p><span style=\"color: #ff9900\">Lebenshilfe G\u00f6ppingen.<\/span><\/p>\n<p>&nbsp;<\/p>\n","protected":false},"excerpt":{"rendered":"<p>Bei besten Bedingungen hat der TSV-Heiningen 1892 e.V. am 6. Januar wieder zahlreiche L\u00e4uferinnen, L\u00e4ufer und G\u00e4ste rund um die TSV-Halle beg\u00fc\u00dft. Wir freuten uns auf viele bekannte Gesichter, welche uns schon Jahre die Treue halten und wurden auch von etlichen uns noch unbekannten sportlich ambitionierten Athleten \u00fcberrascht. An dieser Stelle bitte ich schon mal [&hellip;]<\/p>\n","protected":false},"author":47,"featured_media":0,"parent":0,"menu_order":1,"comment_status":"closed","ping_status":"closed","template":"","meta":{"_acf_changed":false,"footnotes":""},"class_list":["post-671","page","type-page","status-publish","hentry"],"acf":[],"_links":{"self":[{"href":"https:\/\/tsv-heiningen.de\/leichtathletik\/wp-json\/wp\/v2\/pages\/671","targetHints":{"allow":["GET"]}}],"collection":[{"href":"https:\/\/tsv-heiningen.de\/leichtathletik\/wp-json\/wp\/v2\/pages"}],"about":[{"href":"https:\/\/tsv-heiningen.de\/leichtathletik\/wp-json\/wp\/v2\/types\/page"}],"author":[{"embeddable":true,"href":"https:\/\/tsv-heiningen.de\/leichtathletik\/wp-json\/wp\/v2\/users\/47"}],"replies":[{"embeddable":true,"href":"https:\/\/tsv-heiningen.de\/leichtathletik\/wp-json\/wp\/v2\/comments?post=671"}],"version-history":[{"count":38,"href":"https:\/\/tsv-heiningen.de\/leichtathletik\/wp-json\/wp\/v2\/pages\/671\/revisions"}],"predecessor-version":[{"id":1845,"href":"https:\/\/tsv-heiningen.de\/leichtathletik\/wp-json\/wp\/v2\/pages\/671\/revisions\/1845"}],"wp:attachment":[{"href":"https:\/\/tsv-heiningen.de\/leichtathletik\/wp-json\/wp\/v2\/media?parent=671"}],"curies":[{"name":"wp","href":"https:\/\/api.w.org\/{rel}","templated":true}]}}