{"id":1856,"date":"2025-01-15T20:56:33","date_gmt":"2025-01-15T19:56:33","guid":{"rendered":"https:\/\/tsv-heiningen.de\/leichtathletik\/?page_id=1856"},"modified":"2026-01-08T14:35:49","modified_gmt":"2026-01-08T13:35:49","slug":"nach-dem-dkl-2026","status":"publish","type":"page","link":"https:\/\/tsv-heiningen.de\/leichtathletik\/nach-dem-dkl-2026\/","title":{"rendered":"Nach dem DKL 2026"},"content":{"rendered":"<p>&nbsp;<\/p>\n<h2>Winterlich sch\u00f6nes Wetter und ein wundersch\u00f6ner Lauf<\/h2>\n<div><\/div>\n<div>Bei den Aufbauarbeiten am fr\u00fchen Morgen wurden wir von leichtem Schneefall \u00fcberrascht und hatten dann doch etwas Sorge um die Gesundheit der L\u00e4ufer. Dank der sehr guten Unterst\u00fctzung durch die Gemeinde Heiningen waren auch gleich 2 Mitarbeiter vom Bauhof mit einem Streufahrzeug zur Stelle und haben nochmals die komplette Strecke gepr\u00fcft und abgestreut.<\/div>\n<div><\/div>\n<div><\/div>\n<div>Durch den wei\u00dfen Zuckerbelag auf Feld und Wiese kam eine ganz besondere Atmosph\u00e4re bei den L\u00e4ufen auf und dies wurde auch eindrucksvoll von unseren Fotografen festgehalten. Weitere Infos folgen hier weiter unten.<\/div>\n<div><\/div>\n<p>&nbsp;<\/p>\n<div><\/div>\n<div>P\u00fcnktlich um 11:30 Uhr erfolgte durch unseren B\u00fcrgermeister und Schirmherr Hr. Matthias Kreuzinger der Startschuss f\u00fcr unsere J\u00fcngsten.<\/div>\n<div><img decoding=\"async\" class=\"alignnone size-full wp-image-1972\" src=\"https:\/\/tsv-heiningen.de\/leichtathletik\/wp-content\/uploads\/sites\/24\/Foto_Blessing_Juergen-e1767878149635.jpg\" alt=\"\" width=\"800\" height=\"600\" \/><\/div>\n<h6>Foto: J\u00fcrgen Blessing<\/h6>\n<div><\/div>\n<div>Hoch motiviert gingen 39 M\u00e4dchen und Jungs auf die 1,5 km lange Strecke. Die Platzierungen werde ich hier nicht aufz\u00e4hlen, denn alle Teilnehmer aller L\u00e4ufe sind Sieger. Nicht nur f\u00fcr die Kinder, sondern f\u00fcr alle L\u00e4ufer ist es eine Herausforderung bei ungewissen Temperaturen und Wetter zu dieser Jahreszeit an seine pers\u00f6nlichen Leistungsgrenzen zu gehen.<\/div>\n<div><\/div>\n<div>Alle L\u00e4ufe konnten ohne Verz\u00f6gerungen gestartet werden und auch alle Siegerehrungen wurden von unserem Moderatoren-Team bravour\u00f6s durchgef\u00fchrt. Alle Anwesenden in der TSV-Halle zeigten gro\u00dfen Respekt und applaudierten den L\u00e4uferinnen und L\u00e4ufern f\u00fcr ihre starken Leistungen. Der Applaus unterstrich eindrucksvoll das hohe Niveau der Veranstaltung und die beeindruckende Bandbreite an sportlichem Einsatz, die unser Volkslauf einmal mehr hervorgebracht hat!<\/div>\n<div><\/div>\n<p>&nbsp;<\/p>\n<h2>Starker Auftritt auf winterlicher 10,4\u2011km\u2011Strecke<\/h2>\n<div><\/div>\n<div>Auf der malerischen, aber anspruchsvollen 10,4\u2011Kilometer\u2011Strecke zeigten die L\u00e4uferinnen und L\u00e4ufer beeindruckende Leistungen. Die winterliche Kulisse mit frostigen Wiesen, klarer Luft und leicht verschneiten Teer-, Pflaster und Schotterpassagen verlieh dem Rennen nicht nur besonderen Charme, sondern forderte auch volle Konzentration und ein gutes Gesp\u00fcr f\u00fcr den Untergrund.<\/div>\n<div><\/div>\n<div>Bei den M\u00e4nnern setzte sich Hannes Gro\u00dfkopf (Sparda-Team Rechberghausen) mit einer herausragenden Zeit von 35:52 Minuten an die Spitze und demonstrierte eindrucksvoll seine derzeitige Form. Matthias Eisele (AST S\u00fc\u00dfen) folgte ihm in 40:38 Minuten auf den zweiten Platz, w\u00e4hrend Michal Sosnica (TSV Lichtenwald) mit 41:17 Minuten das Podium komplettierte. Alle drei zeigten auf der welligen Strecke starke Tempoh\u00e4rte und taktisches Geschick.<\/div>\n<div><\/div>\n<div>Im Frauenfeld \u00fcberzeugte Julia Wieszt (Sparda-Team Rechberghausen) mit einer exzellenten Siegerzeit von 39:36 Minuten, die einmal mehr ihre Klasse unterstrich. Emily Schubert erreichte in 43:50 Minuten den zweiten Rang und pr\u00e4sentierte sich ebenfalls in Topform. Katrin Gottschalk (Nonplusultra Esslingen) sicherte sich mit 47:04 Minuten den dritten Platz und rundete ein starkes Frauenpodium ab.<\/div>\n<div><\/div>\n<div>Die Leistungen aller Athletinnen und Athleten wurden von den Zuschauern mit gro\u00dfem Respekt und kr\u00e4ftigem Applaus honoriert \u2013 ein w\u00fcrdiger Rahmen f\u00fcr einen Volkslauf, der sportliche Qualit\u00e4t und winterliche Atmosph\u00e4re auf ideale Weise vereinte.<\/div>\n<div><\/div>\n<p>&nbsp;<\/p>\n<h2>Besonderer Einsatz der Feuerwehrl\u00e4ufer<\/h2>\n<div>F\u00fcr ein zus\u00e4tzliches Highlight sorgten die Mitglieder der freiwilligen Feuerwehren, die die Strecke in voller Einsatzkleidung absolvierten. Mit Helm auf dem Kopf und Atemluftger\u00e4t auf dem R\u00fccken meisterten sie die 5,6 Kilometer oder die 10,4 Kilometer mit beeindruckender Ausdauer und gro\u00dfem Teamgeist. Ihr Lauf war nicht nur eine sportliche Herausforderung, sondern auch ein starkes Zeichen f\u00fcr Engagement, Zusammenhalt und die Bereitschaft, \u00fcber die eigenen Grenzen hinauszugehen.<\/div>\n<div><img decoding=\"async\" class=\"alignnone size-full wp-image-1975\" src=\"https:\/\/tsv-heiningen.de\/leichtathletik\/wp-content\/uploads\/sites\/24\/Foto_Max_Mohring_1.jpg\" alt=\"\" width=\"800\" height=\"533\" srcset=\"https:\/\/tsv-heiningen.de\/leichtathletik\/wp-content\/uploads\/sites\/24\/Foto_Max_Mohring_1.jpg 800w, https:\/\/tsv-heiningen.de\/leichtathletik\/wp-content\/uploads\/sites\/24\/Foto_Max_Mohring_1-768x512.jpg 768w\" sizes=\"(max-width: 800px) 100vw, 800px\" \/><\/div>\n<h6>Foto: Max Mohring<\/h6>\n<div><\/div>\n<div>Die Zuschauer w\u00fcrdigten auch diese au\u00dfergew\u00f6hnliche Leistung mit besonders herzlichem Applaus \u2014 ein Moment, der eindrucksvoll zeigte, welchen Stellenwert die Feuerwehr in der Gemeinschaft hat.<\/div>\n<div><\/div>\n<p>&nbsp;<\/p>\n<div><\/div>\n<div>Wir bedanken uns bei allen Partnern, Vereinsmitgliedern und Freunden f\u00fcr die sehr gute Unterst\u00fctzung vor, bei und nach der Veranstaltung.<\/div>\n<p>&nbsp;<\/p>\n<div><\/div>\n<div>Gemeinde Heiningen<\/div>\n<div style=\"padding-left: 40px\">B\u00fcrgermeister Herr Matthias Kreuzinger<\/div>\n<div style=\"padding-left: 40px\">Hallenbad Eschenbach-Heiningen<\/div>\n<div style=\"padding-left: 40px\">Bauhof Eschenbach-Heiningen<\/div>\n<div style=\"padding-left: 40px\">Bauverwaltungs- und Ordnungsamt<\/div>\n<div><\/div>\n<p>&nbsp;<\/p>\n<div>Deutsches Rotes Kreuz, Ortsverein Heiningen-Eschenbach<\/div>\n<div><\/div>\n<p>&nbsp;<\/p>\n<div>TSV Heiningen 1892 e.V.<\/div>\n<div style=\"padding-left: 40px\">Gesch\u00e4ftsstelle<\/div>\n<div style=\"padding-left: 40px\">Abteilung Tischtennis<\/div>\n<div style=\"padding-left: 40px\">Abteilung Leichtathletik<\/div>\n<div><\/div>\n<p>&nbsp;<\/p>\n<div>Moderation, Siegerehrungen, Starter<\/div>\n<div style=\"padding-left: 40px\">Steffi Heim<\/div>\n<div style=\"padding-left: 40px\">Matthias Kreuzinger<\/div>\n<div><\/div>\n<p>&nbsp;<\/p>\n<div>Kuchenspenden, Essen &amp; Trinken, Punsch f\u00fcr Athleten<\/div>\n<div style=\"padding-left: 40px\">Mitglieder<\/div>\n<div style=\"padding-left: 40px\">Freunde<\/div>\n<div style=\"padding-left: 40px\">G\u00f6nner<\/div>\n<div><\/div>\n<p>&nbsp;<\/p>\n<div>und bei allen Anwohnern nahe der TSV-Halle und der Laufstrecke f\u00fcr die ertragenen Einschr\u00e4nkungen an diesem Tag.<\/div>\n<div><\/div>\n<p>&nbsp;<\/p>\n<div><\/div>\n<div>Ohne euch k\u00f6nnte so ein Event nicht stattfinden!<\/div>\n<h1 style=\"text-align: center\">Vielen Dank<\/h1>\n<div><\/div>\n<p>Die Ergebnis-Listen vom 19. Heininger Drei-K\u00f6nigs-Lauf sind nun auch <a href=\"https:\/\/tsv-heiningen.de\/leichtathletik\/ergebnis-listen\/\" target=\"_blank\" rel=\"noopener\">online<\/a>!<\/p>\n<div><\/div>\n<p>&nbsp;<\/p>\n<div>Das <em>Team von Schwaben-Foto<\/em> hat auch dieses Jahr wundersch\u00f6ne Augenblicke eingefangen. In der richtigen Millisekunde den Finger am Ausl\u00f6ser, das zeichnet die Jungs aus! Wenn Du einen guten Fotografen suchst: <a href=\"https:\/\/www.schwaben-foto.com\/\" target=\"_blank\" rel=\"noopener\">https:\/\/www.schwaben-foto.com\/<\/a><\/div>\n<div>Hier findet ihr eine Auswahl an Fotos vom <strong>19. Heininger Drei-K\u00f6nigs-Lauf<\/strong> im Internet:<\/div>\n<div><\/div>\n<div><a href=\"https:\/\/www.schwaben-foto.com\/gallery\/heiningen-dreikoenigslauf-2026\" target=\"_blank\" rel=\"noopener\">https:\/\/www.schwaben-foto.com\/gallery\/heiningen-dreikoenigslauf-2026<\/a><\/div>\n<div><\/div>\n<div><em><img decoding=\"async\" class=\"alignnone size-full wp-image-1970\" src=\"https:\/\/tsv-heiningen.de\/leichtathletik\/wp-content\/uploads\/sites\/24\/Foto_Schwaben-Foto.jpg\" alt=\"\" width=\"800\" height=\"533\" srcset=\"https:\/\/tsv-heiningen.de\/leichtathletik\/wp-content\/uploads\/sites\/24\/Foto_Schwaben-Foto.jpg 800w, https:\/\/tsv-heiningen.de\/leichtathletik\/wp-content\/uploads\/sites\/24\/Foto_Schwaben-Foto-768x512.jpg 768w\" sizes=\"(max-width: 800px) 100vw, 800px\" \/><\/em><\/div>\n<h6>Foto: Schwaben-Foto<\/h6>\n<div><\/div>\n<div><em>Max Mohring<\/em> ist ein Talent an der Spiegelreflexkamera und findet immer den idealen Moment f\u00fcr ein tolles ausdruckstarkes Foto. Seine Fotos zeigen nicht nur den Menschen sondern verewigen zudem auch Emotionen und Leidenschaft. Portrait- und Landschaftsaufnahmen sind sein Spezialgebiet. Auf Wunsch kann ich den Kontakt zu ihm herstellen. Er stellt uns dieses Jahr hier seine Impressionen gerne zur Verf\u00fcgung:<\/div>\n<div><\/div>\n<div><a href=\"https:\/\/wetransfer.com\/previews\/d7ce18eb821abac08d4164f9c65c01d320260106210451\/786e3a\" target=\"_blank\" rel=\"noopener\">https:\/\/wetransfer.com\/previews\/d7ce18eb821abac08d4164f9c65c01d320260106210451\/786e3a<\/a><\/div>\n<div><\/div>\n<p><img decoding=\"async\" class=\"alignnone size-full wp-image-1968\" src=\"https:\/\/tsv-heiningen.de\/leichtathletik\/wp-content\/uploads\/sites\/24\/Foto_Max_Mohring.jpg\" alt=\"\" width=\"800\" height=\"533\" srcset=\"https:\/\/tsv-heiningen.de\/leichtathletik\/wp-content\/uploads\/sites\/24\/Foto_Max_Mohring.jpg 800w, https:\/\/tsv-heiningen.de\/leichtathletik\/wp-content\/uploads\/sites\/24\/Foto_Max_Mohring-768x512.jpg 768w\" sizes=\"(max-width: 800px) 100vw, 800px\" \/><\/p>\n<h6>Foto: Max Mohring<\/h6>\n<div>Das Organisations-Team um Daniel Butz (Abteilung Tischtennis) und J\u00fcrgen Blessing (Abteilung Leichtathletik) bleibt durch zahlreiche positive Gespr\u00e4che und E-Mails weiterhin hoch motiviert. Denn im Jahr 2027 k\u00f6nnte ein Jubil\u00e4umslauf, der 20. Heininger Drei-K\u00f6nigs-Lauf, wieder eine tolle M\u00f6glichkeit f\u00fcr einen sportlichen Start in das neue Jahr sein und viele sportlich begeisterte Kinder, Jugendliche und Erwachsene aller Leistungsklassen nach Heiningen f\u00fchren.<\/div>\n<div><\/div>\n<p>&nbsp;<\/p>\n<h3>Bleibt gesund!<\/h3>\n<div><\/div>\n<p>&nbsp;<\/p>\n<div>Daniel Butz, Abteilungsleitung Tischtennis<\/div>\n<div>J\u00fcrgen Blessing, Abteilungsleitung Leichtathletik<\/div>\n","protected":false},"excerpt":{"rendered":"<p>&nbsp; Winterlich sch\u00f6nes Wetter und ein wundersch\u00f6ner Lauf Bei den Aufbauarbeiten am fr\u00fchen Morgen wurden wir von leichtem Schneefall \u00fcberrascht und hatten dann doch etwas Sorge um die Gesundheit der L\u00e4ufer. Dank der sehr guten Unterst\u00fctzung durch die Gemeinde Heiningen waren auch gleich 2 Mitarbeiter vom Bauhof mit einem Streufahrzeug zur Stelle und haben nochmals [&hellip;]<\/p>\n","protected":false},"author":47,"featured_media":1873,"parent":0,"menu_order":0,"comment_status":"closed","ping_status":"closed","template":"","meta":{"_acf_changed":false,"footnotes":""},"class_list":["post-1856","page","type-page","status-publish","has-post-thumbnail","hentry"],"acf":[],"_links":{"self":[{"href":"https:\/\/tsv-heiningen.de\/leichtathletik\/wp-json\/wp\/v2\/pages\/1856","targetHints":{"allow":["GET"]}}],"collection":[{"href":"https:\/\/tsv-heiningen.de\/leichtathletik\/wp-json\/wp\/v2\/pages"}],"about":[{"href":"https:\/\/tsv-heiningen.de\/leichtathletik\/wp-json\/wp\/v2\/types\/page"}],"author":[{"embeddable":true,"href":"https:\/\/tsv-heiningen.de\/leichtathletik\/wp-json\/wp\/v2\/users\/47"}],"replies":[{"embeddable":true,"href":"https:\/\/tsv-heiningen.de\/leichtathletik\/wp-json\/wp\/v2\/comments?post=1856"}],"version-history":[{"count":22,"href":"https:\/\/tsv-heiningen.de\/leichtathletik\/wp-json\/wp\/v2\/pages\/1856\/revisions"}],"predecessor-version":[{"id":1982,"href":"https:\/\/tsv-heiningen.de\/leichtathletik\/wp-json\/wp\/v2\/pages\/1856\/revisions\/1982"}],"wp:featuredmedia":[{"embeddable":true,"href":"https:\/\/tsv-heiningen.de\/leichtathletik\/wp-json\/wp\/v2\/media\/1873"}],"wp:attachment":[{"href":"https:\/\/tsv-heiningen.de\/leichtathletik\/wp-json\/wp\/v2\/media?parent=1856"}],"curies":[{"name":"wp","href":"https:\/\/api.w.org\/{rel}","templated":true}]}}