{"id":1749,"date":"2024-11-12T20:52:15","date_gmt":"2024-11-12T19:52:15","guid":{"rendered":"https:\/\/tsv-heiningen.de\/leichtathletik\/?page_id=1749"},"modified":"2025-01-07T20:25:08","modified_gmt":"2025-01-07T19:25:08","slug":"vor-dem-dkl-2025","status":"publish","type":"page","link":"https:\/\/tsv-heiningen.de\/leichtathletik\/vor-dem-dkl-2025\/","title":{"rendered":"Vor dem DKL 2025"},"content":{"rendered":"<p>Liebe Lauffreunde,<\/p>\n<p>Endlich ist es soweit und die Planungen f\u00fcr den Drei-K\u00f6nigs-Lauf 2025 laufen auf Hochtouren. Wir freuen uns zusammen mit dem Heininger B\u00fcrgermeister Matthias Kreuzinger riesig, f\u00fcr und mit Dir wieder aktiv zu sein.<\/p>\n<p>&nbsp;<\/p>\n<p>Du bist bestimmt genau so motiviert wie wir.<\/p>\n<h1 style=\"text-align: center\">Wir freuen uns auf Dich !<\/h1>\n<p>&nbsp;<\/p>\n<p><img decoding=\"async\" class=\"size-medium wp-image-460 alignright\" src=\"https:\/\/tsv-heiningen.de\/leichtathletik\/wp-content\/uploads\/sites\/24\/IMG_4698-300x200.jpg\" alt=\"\" width=\"300\" height=\"200\" \/><\/p>\n<p>Einer besonderen sportlichen Herausforderung stellen sich auch 2025 wieder Kammeraden der Feuerwehren in Einsatzkleidung mit Helm und Atemschutzger\u00e4t. Laufschuhe sind ausdr\u00fccklich erlaubt.<\/p>\n<p>Diese werden k\u00f6nnen sich nun f\u00fcr die 5,6 km Strecke anmelden oder\u00a0 10,4 km in Angriff nehmen. Nach beiden L\u00e4ufen werden auch diese Sieger in einer gesonderten Kategorie (Frauen \/ M\u00e4nner) gewertet\u00a0 und mit Urkunden geehrt.<\/p>\n<p>&nbsp;<\/p>\n<p>&nbsp;<\/p>\n<p>&nbsp;<\/p>\n<p>Alle Infos zu den Startzeiten, Laufstrecken usw. findest Du <a href=\"https:\/\/tsv-heiningen.de\/leichtathletik\/alle-informationen-zu-den-laeufen\/\" target=\"_blank\" rel=\"noopener\">hier<\/a><\/p>\n<p>Sollte noch eine Frage unbeantwortet sein, dann sende uns gerne Deine Frage an <a href=\"mailto:drei-koenigs-lauf@tsvh-heiningen.de\">drei-koenigs-lauf@tsvh-heiningen.de<\/a><\/p>\n<p>&nbsp;<\/p>\n<p>&nbsp;<\/p>\n<p>Sportliche Gr\u00fc\u00dfe vom Orga-Team TSV Heiningen 1892 e.V.,<\/p>\n<p>stellvertretend f\u00fcr alle helfende H\u00e4nde<\/p>\n<p style=\"padding-left: 40px\">Daniel Butz\u00a0 \u00a0 \u00a0 \u00a0 \u00a0(Tischtennis-Abteilung)<\/p>\n<p style=\"padding-left: 40px\">J\u00fcrgen Blessing (Leichtathletik-Abteilung)<\/p>\n","protected":false},"excerpt":{"rendered":"<p>Liebe Lauffreunde, Endlich ist es soweit und die Planungen f\u00fcr den Drei-K\u00f6nigs-Lauf 2025 laufen auf Hochtouren. Wir freuen uns zusammen mit dem Heininger B\u00fcrgermeister Matthias Kreuzinger riesig, f\u00fcr und mit Dir wieder aktiv zu sein. &nbsp; Du bist bestimmt genau so motiviert wie wir. Wir freuen uns auf Dich ! &nbsp; Einer besonderen sportlichen Herausforderung [&hellip;]<\/p>\n","protected":false},"author":47,"featured_media":0,"parent":0,"menu_order":0,"comment_status":"closed","ping_status":"closed","template":"","meta":{"_acf_changed":false,"footnotes":""},"class_list":["post-1749","page","type-page","status-publish","hentry"],"acf":[],"_links":{"self":[{"href":"https:\/\/tsv-heiningen.de\/leichtathletik\/wp-json\/wp\/v2\/pages\/1749","targetHints":{"allow":["GET"]}}],"collection":[{"href":"https:\/\/tsv-heiningen.de\/leichtathletik\/wp-json\/wp\/v2\/pages"}],"about":[{"href":"https:\/\/tsv-heiningen.de\/leichtathletik\/wp-json\/wp\/v2\/types\/page"}],"author":[{"embeddable":true,"href":"https:\/\/tsv-heiningen.de\/leichtathletik\/wp-json\/wp\/v2\/users\/47"}],"replies":[{"embeddable":true,"href":"https:\/\/tsv-heiningen.de\/leichtathletik\/wp-json\/wp\/v2\/comments?post=1749"}],"version-history":[{"count":7,"href":"https:\/\/tsv-heiningen.de\/leichtathletik\/wp-json\/wp\/v2\/pages\/1749\/revisions"}],"predecessor-version":[{"id":1787,"href":"https:\/\/tsv-heiningen.de\/leichtathletik\/wp-json\/wp\/v2\/pages\/1749\/revisions\/1787"}],"wp:attachment":[{"href":"https:\/\/tsv-heiningen.de\/leichtathletik\/wp-json\/wp\/v2\/media?parent=1749"}],"curies":[{"name":"wp","href":"https:\/\/api.w.org\/{rel}","templated":true}]}}