{"id":988,"date":"2013-10-27T15:59:09","date_gmt":"2013-10-27T13:59:09","guid":{"rendered":"https:\/\/tsv-heiningen.de\/handball\/\/?page_id=988"},"modified":"2025-08-17T08:55:17","modified_gmt":"2025-08-17T06:55:17","slug":"e-jugend-weiblich","status":"publish","type":"page","link":"https:\/\/tsv-heiningen.de\/handball\/teams\/e-jugend-weiblich\/","title":{"rendered":"E-Jugend weiblich"},"content":{"rendered":"<p><img decoding=\"async\" class=\"alignnone size-full wp-image-29316\" src=\"https:\/\/tsv-heiningen.de\/handball\/wp-content\/uploads\/sites\/3\/2025_Teamfoto_Ew.jpg\" alt=\"\" width=\"1370\" height=\"839\" srcset=\"https:\/\/tsv-heiningen.de\/handball\/wp-content\/uploads\/sites\/3\/2025_Teamfoto_Ew.jpg 1370w, https:\/\/tsv-heiningen.de\/handball\/wp-content\/uploads\/sites\/3\/2025_Teamfoto_Ew-768x470.jpg 768w\" sizes=\"(max-width: 1370px) 100vw, 1370px\" \/><\/p>\n<hr \/>\n<p><strong>Hinten von links:<\/strong> Johanna Buchmaier, Emily Schindler, Marli Schaaf, Liah Schorpp, Romy Frey, Maja Mann, Anneli Schmatelka, Trainerin Julia Maurer<br \/>\n<strong>Mitte von links:<\/strong> Trainer Matthias Summer, Leonie Hartmann, Soe Wolz, Leana Tallafus, Pauline Summer, Melina Garcia, Lina Gr\u00fcnzweig, Marie K\u00fcrsten, Trainerin Julia Frey<br \/>\n<strong>Vorne von links:<\/strong> An Binh Wittlinger, Frieda Bohnacker, Svenja N\u00f6tzel, Leni Kloos, Leni Frey, Rebecca Rapp, Mila K\u00fcnstler<br \/>\n<strong>Es fehlen:<\/strong> Trainerinnen Nethalie Wolz und Sabine Ziegelin<\/p>\n<hr \/>\n<h4><a href=\"https:\/\/www.handball.net\/mannschaften\/handball4all.baden-wuerttemberg.1368101\/spielplan?dateFrom=2025-07-01&amp;dateTo=2026-06-30\" target=\"_blank\" rel=\"noopener\"><strong>Ew1 (4+1): Spielplan &amp; Tabelle (Handball.net)<\/strong><\/a><\/h4>\n<h4><a href=\"https:\/\/www.handball.net\/mannschaften\/handball4all.baden-wuerttemberg.1368041\/spielplan?dateFrom=2025-07-01&amp;dateTo=2026-06-30\" target=\"_blank\" rel=\"noopener\"><strong>Ew1 (6+1): Spielplan &amp; Tabelle (<\/strong><strong>Handball.net<\/strong><strong>)<\/strong><\/a><\/h4>\n<h4><a href=\"https:\/\/www.handball.net\/mannschaften\/handball4all.baden-wuerttemberg.1368606\/spielplan?dateFrom=2025-07-01&amp;dateTo=2026-06-30\" target=\"_blank\" rel=\"noopener\"><strong>Ew2 (6+1): Spielplan &amp; Tabelle (<\/strong><strong>Handball.net<\/strong><strong>)<\/strong><\/a><\/h4>\n<p><strong>2025-2026_Spieltermine_Ew (Pdf.- Datei)<\/strong><\/p>\n<hr \/>\n","protected":false},"excerpt":{"rendered":"<p>Hinten von links: Johanna Buchmaier, Emily Schindler, Marli Schaaf, Liah Schorpp, Romy Frey, Maja Mann, Anneli Schmatelka, Trainerin Julia Maurer Mitte von links: Trainer Matthias Summer, Leonie Hartmann, Soe Wolz, Leana Tallafus, Pauline Summer, Melina Garcia, Lina Gr\u00fcnzweig, Marie K\u00fcrsten, Trainerin Julia Frey Vorne von links: An Binh Wittlinger, Frieda Bohnacker, Svenja N\u00f6tzel, Leni Kloos, [&hellip;]<\/p>\n","protected":false},"author":4,"featured_media":15245,"parent":14,"menu_order":23,"comment_status":"open","ping_status":"open","template":"\/templates\/team-custom.php","meta":{"_acf_changed":false,"footnotes":""},"class_list":["post-988","page","type-page","status-publish","has-post-thumbnail","hentry"],"acf":[],"_links":{"self":[{"href":"https:\/\/tsv-heiningen.de\/handball\/wp-json\/wp\/v2\/pages\/988","targetHints":{"allow":["GET"]}}],"collection":[{"href":"https:\/\/tsv-heiningen.de\/handball\/wp-json\/wp\/v2\/pages"}],"about":[{"href":"https:\/\/tsv-heiningen.de\/handball\/wp-json\/wp\/v2\/types\/page"}],"author":[{"embeddable":true,"href":"https:\/\/tsv-heiningen.de\/handball\/wp-json\/wp\/v2\/users\/4"}],"replies":[{"embeddable":true,"href":"https:\/\/tsv-heiningen.de\/handball\/wp-json\/wp\/v2\/comments?post=988"}],"version-history":[{"count":19,"href":"https:\/\/tsv-heiningen.de\/handball\/wp-json\/wp\/v2\/pages\/988\/revisions"}],"predecessor-version":[{"id":29382,"href":"https:\/\/tsv-heiningen.de\/handball\/wp-json\/wp\/v2\/pages\/988\/revisions\/29382"}],"up":[{"embeddable":true,"href":"https:\/\/tsv-heiningen.de\/handball\/wp-json\/wp\/v2\/pages\/14"}],"wp:featuredmedia":[{"embeddable":true,"href":"https:\/\/tsv-heiningen.de\/handball\/wp-json\/wp\/v2\/media\/15245"}],"wp:attachment":[{"href":"https:\/\/tsv-heiningen.de\/handball\/wp-json\/wp\/v2\/media?parent=988"}],"curies":[{"name":"wp","href":"https:\/\/api.w.org\/{rel}","templated":true}]}}