{"id":985,"date":"2013-10-27T15:51:33","date_gmt":"2013-10-27T13:51:33","guid":{"rendered":"https:\/\/tsv-heiningen.de\/handball\/\/?page_id=985"},"modified":"2025-08-17T08:49:41","modified_gmt":"2025-08-17T06:49:41","slug":"d-jugend-2-e-jugend-maennlich","status":"publish","type":"page","link":"https:\/\/tsv-heiningen.de\/handball\/teams\/d-jugend-2-e-jugend-maennlich\/","title":{"rendered":"E-Jugend m\u00e4nnlich"},"content":{"rendered":"<h2>E- Jugend 1<\/h2>\n<p><strong><img decoding=\"async\" class=\"alignnone size-full wp-image-29325\" src=\"https:\/\/tsv-heiningen.de\/handball\/wp-content\/uploads\/sites\/3\/2025_Teamfoto_Em1.jpg\" alt=\"\" width=\"1369\" height=\"846\" srcset=\"https:\/\/tsv-heiningen.de\/handball\/wp-content\/uploads\/sites\/3\/2025_Teamfoto_Em1.jpg 1369w, https:\/\/tsv-heiningen.de\/handball\/wp-content\/uploads\/sites\/3\/2025_Teamfoto_Em1-768x475.jpg 768w\" sizes=\"(max-width: 1369px) 100vw, 1369px\" \/><\/strong><\/p>\n<p><strong>Hinten von links:<\/strong> Trainer Florian B\u00f6hm, Mio Geiger, Emil Bachmaier, Beppo Kasper, Nico Wittlinger, Theo Bachmaier, Trainer Thomas Geiger<br \/>\n<strong>Vorne von links:<\/strong> Lukas M\u00e4rz, Matti B\u00f6hm, Hannes Kallinger, Philipp Schwab, Kimi Lindgens, Milo Geller<\/p>\n<hr \/>\n<h2>E- Jugend 2 &amp; 3<\/h2>\n<p><img decoding=\"async\" class=\"alignnone size-full wp-image-29324\" src=\"https:\/\/tsv-heiningen.de\/handball\/wp-content\/uploads\/sites\/3\/2025_Teamfoto_Em23.jpg\" alt=\"\" width=\"1369\" height=\"848\" srcset=\"https:\/\/tsv-heiningen.de\/handball\/wp-content\/uploads\/sites\/3\/2025_Teamfoto_Em23.jpg 1369w, https:\/\/tsv-heiningen.de\/handball\/wp-content\/uploads\/sites\/3\/2025_Teamfoto_Em23-768x476.jpg 768w\" sizes=\"(max-width: 1369px) 100vw, 1369px\" \/><\/p>\n<p><strong>Hinten von links:<\/strong> Trainer Ingo K\u00f6hle, Trainer Frank H\u00e4rterich, Luca H\u00e4delt, Jonathan Krau\u00df, Manuel H\u00e4rterich, Jamie Kenk, Moritz Fetzer, Milo Sch\u00fcller, Trainer Matthias Keilwerth<br \/>\n<strong>Mitte von links:<\/strong> Noah Bardelle, Ben Schukey, Levin Pless, Jarne Arndt, Klim Krotov<br \/>\n<strong>Vorne von links:<\/strong> Emilios Sidirokastritis, Ben Seidel, Til K\u00f6hle, Jakob Ahl, Jakob H\u00f6fle, Linus Kosior<br \/>\n<strong>Es fehlen:<\/strong> Max Henkel, Leon Br\u00e4unle, Kimi Neumaier<\/p>\n<hr \/>\n<h4><a href=\"https:\/\/www.handball.net\/mannschaften\/handball4all.baden-wuerttemberg.1369726\/spielplan?dateFrom=2025-07-01&amp;dateTo=2026-06-30\" target=\"_blank\" rel=\"noopener\"><strong>Em1 (4+1): Spielplan &amp; Tabelle (HVW-Online)<\/strong><\/a><\/h4>\n<h4><a href=\"https:\/\/www.handball.net\/mannschaften\/handball4all.baden-wuerttemberg.1369601\/spielplan?dateFrom=2025-07-01&amp;dateTo=2026-06-30\" target=\"_blank\" rel=\"noopener\"><strong>Em1 (6+1): Spielplan &amp; Tabelle (HVW-Online)<\/strong><\/a><\/h4>\n<h4><a href=\"https:\/\/www.handball.net\/mannschaften\/handball4all.baden-wuerttemberg.1370406\/spielplan?dateFrom=2025-07-01&amp;dateTo=2026-06-30\" target=\"_blank\" rel=\"noopener\"><strong>Em2 (6+1): Spielplan &amp; Tabelle (HVW-Online)<\/strong><\/a><\/h4>\n<h4><a href=\"https:\/\/www.handball.net\/mannschaften\/handball4all.baden-wuerttemberg.1370646\/spielplan?dateFrom=2025-07-01&amp;dateTo=2026-06-30\" target=\"_blank\" rel=\"noopener\"><strong>Em3 (6+1): Spielplan &amp; Tabelle (HVW-Online)<\/strong><\/a><\/h4>\n<p><strong>2025-2026_Spieltermine_Em (Pdf.- Datei)<\/strong><\/p>\n<hr \/>\n<p>&nbsp;<\/p>\n","protected":false},"excerpt":{"rendered":"<p>E- Jugend 1 Hinten von links: Trainer Florian B\u00f6hm, Mio Geiger, Emil Bachmaier, Beppo Kasper, Nico Wittlinger, Theo Bachmaier, Trainer Thomas Geiger Vorne von links: Lukas M\u00e4rz, Matti B\u00f6hm, Hannes Kallinger, Philipp Schwab, Kimi Lindgens, Milo Geller E- Jugend 2 &amp; 3 Hinten von links: Trainer Ingo K\u00f6hle, Trainer Frank H\u00e4rterich, Luca H\u00e4delt, Jonathan Krau\u00df, [&hellip;]<\/p>\n","protected":false},"author":4,"featured_media":15245,"parent":14,"menu_order":18,"comment_status":"open","ping_status":"open","template":"\/templates\/team-custom.php","meta":{"_acf_changed":false,"footnotes":""},"class_list":["post-985","page","type-page","status-publish","has-post-thumbnail","hentry"],"acf":[],"_links":{"self":[{"href":"https:\/\/tsv-heiningen.de\/handball\/wp-json\/wp\/v2\/pages\/985","targetHints":{"allow":["GET"]}}],"collection":[{"href":"https:\/\/tsv-heiningen.de\/handball\/wp-json\/wp\/v2\/pages"}],"about":[{"href":"https:\/\/tsv-heiningen.de\/handball\/wp-json\/wp\/v2\/types\/page"}],"author":[{"embeddable":true,"href":"https:\/\/tsv-heiningen.de\/handball\/wp-json\/wp\/v2\/users\/4"}],"replies":[{"embeddable":true,"href":"https:\/\/tsv-heiningen.de\/handball\/wp-json\/wp\/v2\/comments?post=985"}],"version-history":[{"count":24,"href":"https:\/\/tsv-heiningen.de\/handball\/wp-json\/wp\/v2\/pages\/985\/revisions"}],"predecessor-version":[{"id":29381,"href":"https:\/\/tsv-heiningen.de\/handball\/wp-json\/wp\/v2\/pages\/985\/revisions\/29381"}],"up":[{"embeddable":true,"href":"https:\/\/tsv-heiningen.de\/handball\/wp-json\/wp\/v2\/pages\/14"}],"wp:featuredmedia":[{"embeddable":true,"href":"https:\/\/tsv-heiningen.de\/handball\/wp-json\/wp\/v2\/media\/15245"}],"wp:attachment":[{"href":"https:\/\/tsv-heiningen.de\/handball\/wp-json\/wp\/v2\/media?parent=985"}],"curies":[{"name":"wp","href":"https:\/\/api.w.org\/{rel}","templated":true}]}}