{"id":9797,"date":"2017-09-07T15:59:31","date_gmt":"2017-09-07T14:59:31","guid":{"rendered":"http:\/\/www.heiningen-handball.de\/?page_id=9797"},"modified":"2026-02-18T09:52:40","modified_gmt":"2026-02-18T08:52:40","slug":"jugendkoordinatoren","status":"publish","type":"page","link":"https:\/\/tsv-heiningen.de\/handball\/jugendkoordinatoren\/","title":{"rendered":"Jugendarbeit &#8211; YOUNGSTARS"},"content":{"rendered":"<div class=\"wpb-content-wrapper\"><p>[vc_row][vc_column][vc_single_image image=&#8220;26086&#8243; img_size=&#8220;full&#8220;]<div class='dt-sc-title border-title '><h2>Die Jugendleitung<\/h2><\/div>[vc_single_image image=&#8220;24727&#8243; img_size=&#8220;full&#8220; add_caption=&#8220;yes&#8220;][vc_column_text css=&#8220;&#8220;]Kontakt: <a href=\"jugendleitung.handball@tsv-heiningen.de\">jugendleitung.handball@tsv-heiningen.de<\/a>[\/vc_column_text][vc_row_inner css=&#8220;.vc_custom_1684151916394{margin-top: 50px !important;margin-bottom: 50px !important;}&#8220;][vc_column_inner][vc_separator][vc_column_text]<\/p>\n<h2>Unsere Jugendf\u00f6rderer<\/h2>\n<p>[\/vc_column_text]\t\n\t\t<div id=\"gs_logo_area_58\" data-shortcode-id=\"58\" class=\"gs_logo_area gs_logo_area_58 slider1 \" data-options='{\"logo_per_page\":\"6\"}' style=\"opacity: 0; visibility: hidden;\">\n\t\t\t<div class=\"gs_logo_area--inner\">\n\n\t\t\t\t<!-- Category Filters - New (Global) -->\n\t\t\t\t\t\n\t\t\t\t\n<div class=\"gs_logo_container gs_carousel_swiper gs_logo_fix_height_and_center\" data-carousel-config='{\"direction\":\"horizontal\",\"speed\":500,\"isAutoplay\":true,\"autoplayDelay\":1500,\"loop\":true,\"pauseOnHover\":false,\"ticker\":false,\"navs\":true,\"navs_pos\":\"bottom\",\"dots\":false,\"dynamic_dots\":true,\"slideSpace\":10,\"slidesPerGroup\":1,\"desktopLogos\":5,\"tabletLogos\":3,\"mobileLogos\":2,\"reverseDirection\":false}'>\n\n\t\n\t\t\n\t\t\t<div class=\"gs_logo_single--wrapper\">\n\t\t\t\t<div class=\"gs_logo_single\">\n\n\t\t\t\t\t<!-- Logo Img -->\n\t\t\t\t\t<a href=\"https:\/\/tsv-heiningen.de\/handball\/foerderverein-handball-heiningen\/\" target=\"_blank\" rel=\"noopener\"><img decoding=\"async\" width=\"1181\" height=\"472\" src=\"https:\/\/tsv-heiningen.de\/handball\/wp-content\/uploads\/sites\/3\/Foerderverein-HP-Sponsoren-gross-100mm-\u00d7-40mm-\u2013.png\" class=\"tt-placement-top tt-bgcolor-one-%23ff5f6d tt-bgcolor-two-%23ffc371 tt-textcolor-%23fff gs-logo--img wp-post-image\" alt=\"\" title=\"F\u00f6rderverein\" srcset=\"https:\/\/tsv-heiningen.de\/handball\/wp-content\/uploads\/sites\/3\/Foerderverein-HP-Sponsoren-gross-100mm-\u00d7-40mm-\u2013.png 1181w, https:\/\/tsv-heiningen.de\/handball\/wp-content\/uploads\/sites\/3\/Foerderverein-HP-Sponsoren-gross-100mm-\u00d7-40mm-\u2013-768x307.png 768w\" sizes=\"(max-width: 1181px) 100vw, 1181px\" \/><\/a>\n\t\t\t\t\t<!-- Logo Title -->\n\t\t\t\t\t\t\t\t\t\t\n\t\t\t\t\t<!-- Logo Category -->\n\t\t\t\t\t\t\t\t\t\t\n\t\t\t\t<\/div>\n\t\t\t<\/div>\n\n\t\t\n\t\t\t<div class=\"gs_logo_single--wrapper\">\n\t\t\t\t<div class=\"gs_logo_single\">\n\n\t\t\t\t\t<!-- Logo Img -->\n\t\t\t\t\t<a href=\"https:\/\/trockenbau-abele.de\/\" target=\"_blank\" rel=\"noopener\"><img decoding=\"async\" width=\"1181\" height=\"472\" src=\"https:\/\/tsv-heiningen.de\/handball\/wp-content\/uploads\/sites\/3\/Abele-HP-Sponsoren-gross-100mm-\u00d7-40mm-\u2013.png\" class=\"tt-placement-top tt-bgcolor-one-%23ff5f6d tt-bgcolor-two-%23ffc371 tt-textcolor-%23fff gs-logo--img wp-post-image\" alt=\"\" title=\"Abele\" srcset=\"https:\/\/tsv-heiningen.de\/handball\/wp-content\/uploads\/sites\/3\/Abele-HP-Sponsoren-gross-100mm-\u00d7-40mm-\u2013.png 1181w, https:\/\/tsv-heiningen.de\/handball\/wp-content\/uploads\/sites\/3\/Abele-HP-Sponsoren-gross-100mm-\u00d7-40mm-\u2013-768x307.png 768w\" sizes=\"(max-width: 1181px) 100vw, 1181px\" \/><\/a>\n\t\t\t\t\t<!-- Logo Title -->\n\t\t\t\t\t\t\t\t\t\t\n\t\t\t\t\t<!-- Logo Category -->\n\t\t\t\t\t\t\t\t\t\t\n\t\t\t\t<\/div>\n\t\t\t<\/div>\n\n\t\t\n\t\t\t<div class=\"gs_logo_single--wrapper\">\n\t\t\t\t<div class=\"gs_logo_single\">\n\n\t\t\t\t\t<!-- Logo Img -->\n\t\t\t\t\t<a href=\"https:\/\/heuer-metall.de\/\" target=\"_blank\" rel=\"noopener\"><img decoding=\"async\" width=\"378\" height=\"151\" src=\"https:\/\/tsv-heiningen.de\/handball\/wp-content\/uploads\/sites\/3\/3F928BCC-C862-4189-9AFC-FF7397A93A8F.jpeg\" class=\"tt-placement-top tt-bgcolor-one-%23ff5f6d tt-bgcolor-two-%23ffc371 tt-textcolor-%23fff gs-logo--img wp-post-image\" alt=\"\" title=\"Heuer\" \/><\/a>\n\t\t\t\t\t<!-- Logo Title -->\n\t\t\t\t\t\t\t\t\t\t\n\t\t\t\t\t<!-- Logo Category -->\n\t\t\t\t\t\t\t\t\t\t\n\t\t\t\t<\/div>\n\t\t\t<\/div>\n\n\t\t\n\t\t\t<div class=\"gs_logo_single--wrapper\">\n\t\t\t\t<div class=\"gs_logo_single\">\n\n\t\t\t\t\t<!-- Logo Img -->\n\t\t\t\t\t<a href=\"https:\/\/www.cakmak-kfz.de\/\" target=\"_blank\" rel=\"noopener\"><img decoding=\"async\" width=\"378\" height=\"151\" src=\"https:\/\/tsv-heiningen.de\/handball\/wp-content\/uploads\/sites\/3\/7073ED33-A0B3-4CF0-9214-58DEEA10CAF2.jpeg\" class=\"tt-placement-top tt-bgcolor-one-%23ff5f6d tt-bgcolor-two-%23ffc371 tt-textcolor-%23fff gs-logo--img wp-post-image\" alt=\"\" title=\"Werkstatt Cakmak\" \/><\/a>\n\t\t\t\t\t<!-- Logo Title -->\n\t\t\t\t\t\t\t\t\t\t\n\t\t\t\t\t<!-- Logo Category -->\n\t\t\t\t\t\t\t\t\t\t\n\t\t\t\t<\/div>\n\t\t\t<\/div>\n\n\t\t\n\t\t\t<div class=\"gs_logo_single--wrapper\">\n\t\t\t\t<div class=\"gs_logo_single\">\n\n\t\t\t\t\t<!-- Logo Img -->\n\t\t\t\t\t<a href=\"https:\/\/staufendirekt.de\/\" target=\"_blank\" rel=\"noopener\"><img decoding=\"async\" width=\"1181\" height=\"472\" src=\"https:\/\/tsv-heiningen.de\/handball\/wp-content\/uploads\/sites\/3\/Staufen-Direkt-HP-Sponsoren-gross-100mm-\u00d7-40mm-\u2013-1.png\" class=\"tt-placement-top tt-bgcolor-one-%23ff5f6d tt-bgcolor-two-%23ffc371 tt-textcolor-%23fff gs-logo--img wp-post-image\" alt=\"\" title=\"staufendirekt\" srcset=\"https:\/\/tsv-heiningen.de\/handball\/wp-content\/uploads\/sites\/3\/Staufen-Direkt-HP-Sponsoren-gross-100mm-\u00d7-40mm-\u2013-1.png 1181w, https:\/\/tsv-heiningen.de\/handball\/wp-content\/uploads\/sites\/3\/Staufen-Direkt-HP-Sponsoren-gross-100mm-\u00d7-40mm-\u2013-1-768x307.png 768w\" sizes=\"(max-width: 1181px) 100vw, 1181px\" \/><\/a>\n\t\t\t\t\t<!-- Logo Title -->\n\t\t\t\t\t\t\t\t\t\t\n\t\t\t\t\t<!-- Logo Category -->\n\t\t\t\t\t\t\t\t\t\t\n\t\t\t\t<\/div>\n\t\t\t<\/div>\n\n\t\t\n\t\t\t<div class=\"gs_logo_single--wrapper\">\n\t\t\t\t<div class=\"gs_logo_single\">\n\n\t\t\t\t\t<!-- Logo Img -->\n\t\t\t\t\t<a href=\"https:\/\/www.pusch-data.de\/\" target=\"_blank\" rel=\"noopener\"><img decoding=\"async\" width=\"1181\" height=\"472\" src=\"https:\/\/tsv-heiningen.de\/handball\/wp-content\/uploads\/sites\/3\/PUSH-DATA-HP-Sponsoren-gross-100mm-\u00d7-40mm-\u2013.png\" class=\"tt-placement-top tt-bgcolor-one-%23ff5f6d tt-bgcolor-two-%23ffc371 tt-textcolor-%23fff gs-logo--img wp-post-image\" alt=\"\" title=\"Pusch-Data\" srcset=\"https:\/\/tsv-heiningen.de\/handball\/wp-content\/uploads\/sites\/3\/PUSH-DATA-HP-Sponsoren-gross-100mm-\u00d7-40mm-\u2013.png 1181w, https:\/\/tsv-heiningen.de\/handball\/wp-content\/uploads\/sites\/3\/PUSH-DATA-HP-Sponsoren-gross-100mm-\u00d7-40mm-\u2013-768x307.png 768w\" sizes=\"(max-width: 1181px) 100vw, 1181px\" \/><\/a>\n\t\t\t\t\t<!-- Logo Title -->\n\t\t\t\t\t\t\t\t\t\t\n\t\t\t\t\t<!-- Logo Category -->\n\t\t\t\t\t\t\t\t\t\t\n\t\t\t\t<\/div>\n\t\t\t<\/div>\n\n\t\t\n\t\t\t<div class=\"gs_logo_single--wrapper\">\n\t\t\t\t<div class=\"gs_logo_single\">\n\n\t\t\t\t\t<!-- Logo Img -->\n\t\t\t\t\t<a href=\"https:\/\/www.mohrsolutions.de\/index.html\" target=\"_blank\" rel=\"noopener\"><img decoding=\"async\" width=\"1181\" height=\"472\" src=\"https:\/\/tsv-heiningen.de\/handball\/wp-content\/uploads\/sites\/3\/Mohr_Solutions.png\" class=\"tt-placement-top tt-bgcolor-one-%23ff5f6d tt-bgcolor-two-%23ffc371 tt-textcolor-%23fff gs-logo--img wp-post-image\" alt=\"\" title=\"Mohr Solutions\" srcset=\"https:\/\/tsv-heiningen.de\/handball\/wp-content\/uploads\/sites\/3\/Mohr_Solutions.png 1181w, https:\/\/tsv-heiningen.de\/handball\/wp-content\/uploads\/sites\/3\/Mohr_Solutions-768x307.png 768w\" sizes=\"(max-width: 1181px) 100vw, 1181px\" \/><\/a>\n\t\t\t\t\t<!-- Logo Title -->\n\t\t\t\t\t\t\t\t\t\t\n\t\t\t\t\t<!-- Logo Category -->\n\t\t\t\t\t\t\t\t\t\t\n\t\t\t\t<\/div>\n\t\t\t<\/div>\n\n\t\t\n\t\t\t<div class=\"gs_logo_single--wrapper\">\n\t\t\t\t<div class=\"gs_logo_single\">\n\n\t\t\t\t\t<!-- Logo Img -->\n\t\t\t\t\t<a href=\"https:\/\/team-emobility.de\/\" target=\"_blank\" rel=\"noopener\"><img decoding=\"async\" width=\"1181\" height=\"472\" src=\"https:\/\/tsv-heiningen.de\/handball\/wp-content\/uploads\/sites\/3\/E-Mobility.png\" class=\"tt-placement-top tt-bgcolor-one-%23ff5f6d tt-bgcolor-two-%23ffc371 tt-textcolor-%23fff gs-logo--img wp-post-image\" alt=\"\" title=\"Team E-Mobility\" srcset=\"https:\/\/tsv-heiningen.de\/handball\/wp-content\/uploads\/sites\/3\/E-Mobility.png 1181w, https:\/\/tsv-heiningen.de\/handball\/wp-content\/uploads\/sites\/3\/E-Mobility-768x307.png 768w\" sizes=\"(max-width: 1181px) 100vw, 1181px\" \/><\/a>\n\t\t\t\t\t<!-- Logo Title -->\n\t\t\t\t\t\t\t\t\t\t\n\t\t\t\t\t<!-- Logo Category -->\n\t\t\t\t\t\t\t\t\t\t\n\t\t\t\t<\/div>\n\t\t\t<\/div>\n\n\t\t\n\t\t\t<div class=\"gs_logo_single--wrapper\">\n\t\t\t\t<div class=\"gs_logo_single\">\n\n\t\t\t\t\t<!-- Logo Img -->\n\t\t\t\t\t<a href=\"http:\/\/www.kingeter.com\/\" target=\"_blank\" rel=\"noopener\"><img decoding=\"async\" width=\"1181\" height=\"472\" src=\"https:\/\/tsv-heiningen.de\/handball\/wp-content\/uploads\/sites\/3\/Kingeter_Logo_gross-1.png\" class=\"tt-placement-top tt-bgcolor-one-%23ff5f6d tt-bgcolor-two-%23ffc371 tt-textcolor-%23fff gs-logo--img wp-post-image\" alt=\"\" title=\"Kingeter\" srcset=\"https:\/\/tsv-heiningen.de\/handball\/wp-content\/uploads\/sites\/3\/Kingeter_Logo_gross-1.png 1181w, https:\/\/tsv-heiningen.de\/handball\/wp-content\/uploads\/sites\/3\/Kingeter_Logo_gross-1-768x307.png 768w\" sizes=\"(max-width: 1181px) 100vw, 1181px\" \/><\/a>\n\t\t\t\t\t<!-- Logo Title -->\n\t\t\t\t\t\t\t\t\t\t\n\t\t\t\t\t<!-- Logo Category -->\n\t\t\t\t\t\t\t\t\t\t\n\t\t\t\t<\/div>\n\t\t\t<\/div>\n\n\t\t\n\t\t\t<div class=\"gs_logo_single--wrapper\">\n\t\t\t\t<div class=\"gs_logo_single\">\n\n\t\t\t\t\t<!-- Logo Img -->\n\t\t\t\t\t<a href=\"http:\/\/www.saxonia-franke.de\/index.php\/de\/\" target=\"_blank\" rel=\"noopener\"><img decoding=\"async\" width=\"1181\" height=\"472\" src=\"https:\/\/tsv-heiningen.de\/handball\/wp-content\/uploads\/sites\/3\/Saxonia-HP-Sponsoren-gross-100mm-\u00d7-40mm-\u2013.png\" class=\"tt-placement-top tt-bgcolor-one-%23ff5f6d tt-bgcolor-two-%23ffc371 tt-textcolor-%23fff gs-logo--img wp-post-image\" alt=\"\" title=\"Saxonia-Franke\" srcset=\"https:\/\/tsv-heiningen.de\/handball\/wp-content\/uploads\/sites\/3\/Saxonia-HP-Sponsoren-gross-100mm-\u00d7-40mm-\u2013.png 1181w, https:\/\/tsv-heiningen.de\/handball\/wp-content\/uploads\/sites\/3\/Saxonia-HP-Sponsoren-gross-100mm-\u00d7-40mm-\u2013-768x307.png 768w\" sizes=\"(max-width: 1181px) 100vw, 1181px\" \/><\/a>\n\t\t\t\t\t<!-- Logo Title -->\n\t\t\t\t\t\t\t\t\t\t\n\t\t\t\t\t<!-- Logo Category -->\n\t\t\t\t\t\t\t\t\t\t\n\t\t\t\t<\/div>\n\t\t\t<\/div>\n\n\t\t\t\t\n\t\n<\/div>\n\t\t\t\t<!-- Pagination -->\n\t\t\t\t\n\t\t\t<\/div>\n\t\t<\/div>\n\t\n\t\t<style>#gs_logo_area_58:not(.verticaltickerdown):not(.verticalticker) .gs_logo_container{margin-left:-5px}#gs_logo_area_58:not(.verticaltickerdown):not(.verticalticker) .gs_logo_container{margin-right:-5px}#gs_logo_area_58:not(.verticaltickerdown):not(.verticalticker) .gs_logo_single--wrapper{padding:5px}#gs_logo_area_58 ul.gs-logo-filter-cats{text-align:center!important}#gs_logo_area_58 .gs_logo_single--wrapper{width:20%}@media (max-width:1023px){#gs_logo_area_58 .gs_logo_single--wrapper{width:33.333333333333%}}@media (max-width:767px){#gs_logo_area_58 .gs_logo_single--wrapper{width:50%}}<\/style>[vc_separator][\/vc_column_inner][vc_column_inner width=&#8220;1\/3&#8243;]<div class='dt-sc-image-caption type9 '><a href=\"https:\/\/tsv-heiningen.de\/handball\/infos\/trainerliste\/\" target=\"_self\" title=\"Trainerliste\"><div class='dt-sc-image-wrapper'><img decoding=\"async\" width=\"300\" height=\"200\" src=\"https:\/\/tsv-heiningen.de\/handball\/wp-content\/uploads\/sites\/3\/Jugendtrainer.png\" class=\"attachment-full\" alt=\"\" title=\"Jugendtrainer\" \/><div class=\"dt-sc-image-overlay\" style=\"background:rgba(0, 0, 0, 0.8)\"><p><\/p><\/div><\/div><div class='dt-sc-image-content'><div class='dt-sc-image-title'><h3><a href=\"https:\/\/tsv-heiningen.de\/handball\/infos\/trainerliste\/\" target=\"_self\" title=\"Trainerliste\">Teams \/ Trainer \/ Trainingszeiten<\/a><\/h3><\/div><\/div><\/div>[\/vc_column_inner][vc_column_inner width=&#8220;1\/3&#8243;]<div class='dt-sc-image-caption type9 '><a href=\"https:\/\/tsv-heiningen.de\/handball\/star-ag-an-der-grundschule-heiningen\/\" target=\"_self\" title=\"Handball Grundschul \u2013 AG\"><div class='dt-sc-image-wrapper'><img decoding=\"async\" width=\"300\" height=\"200\" src=\"https:\/\/tsv-heiningen.de\/handball\/wp-content\/uploads\/sites\/3\/Schulkooperation.png\" class=\"attachment-full\" alt=\"\" title=\"Schulkooperation\" \/><div class=\"dt-sc-image-overlay\" style=\"background:rgba(0, 0, 0, 0.8)\"><p><\/p><\/div><\/div><div class='dt-sc-image-content'><div class='dt-sc-image-title'><h3><a href=\"https:\/\/tsv-heiningen.de\/handball\/star-ag-an-der-grundschule-heiningen\/\" target=\"_self\" title=\"Handball Grundschul \u2013 AG\">Unsere Schulkooperationen<\/a><\/h3><\/div><\/div><\/div>[\/vc_column_inner][vc_column_inner width=&#8220;1\/3&#8243;]<div class='dt-sc-image-caption type9 '><a href=\"https:\/\/tsv-heiningen.de\/handball\/wp-content\/uploads\/sites\/3\/2021_04_21_HNZ_Broschuere_HP.pdf\" target=\"_blank\" title=\"\"><div class='dt-sc-image-wrapper'><img decoding=\"async\" width=\"300\" height=\"200\" src=\"https:\/\/tsv-heiningen.de\/handball\/wp-content\/uploads\/sites\/3\/Unsere-Jugendtrainer-2.png\" class=\"attachment-full\" alt=\"\" title=\"Unsere-Jugendtrainer-2\" \/><div class=\"dt-sc-image-overlay\" style=\"background:rgba(0, 0, 0, 0.8)\"><p><\/p><\/div><\/div><div class='dt-sc-image-content'><div class='dt-sc-image-title'><h3><a href=\"https:\/\/tsv-heiningen.de\/handball\/wp-content\/uploads\/sites\/3\/2021_04_21_HNZ_Broschuere_HP.pdf\" target=\"_blank\">HNZ \u2013 Brosch\u00fcre<\/a><\/h3><\/div><\/div><\/div>[\/vc_column_inner][\/vc_row_inner][vc_row_inner][vc_column_inner][vc_column_text]Der Jugendhandball des TSV Heiningen ist nach wie vor im weiblichen und im m\u00e4nnlichen Bereich eine feste Gr\u00f6\u00dfe im Handballbezirk Stauferland sowie im Handballverband W\u00fcrttemberg.<\/p>\n<p>Unter dem Namen HNZ \u2013 VORALB wurde im Mai 2019 durch den TSV Heiningen ein Nachwuchszentrum gegr\u00fcndet, um talentierten Nachwuchsspielern im Gebiet Voralb eine sportliche Ausbildung auf Spitzenniveau -sowie in der Breite- zu erm\u00f6glichen. Neu gegr\u00fcndet wurde unsere Super Minis um hier bessere Trainingsbedingungen zu erm\u00f6glichen.<\/p>\n<p>Das HNZ hat das klar definierte Ziel, den Handball in der Voralb-Region kurz- und mittelfristig im jetzigen, oberen Bereich zu halten und perspektivisch sogar \u00fcber das heutige Niveau zu heben. Junge Handballerinnen und Handballer sollen qualitativ hochwertig ausgebildet werden.<\/p>\n<p>Im Fr\u00fchjahr 2020 konnte mit der Firma KINGETER GmbH ein Exklusiv \u2013 Partner f\u00fcr das HNZ \u2013 Voralb gewonnen werden.<\/p>\n<p>Das HNZ umfasst den gesamten Jugendbereich des TSV Heiningen 1892. Mit den aktiven Herren- und Frauenmannschaften, sowie den 1B und 1C Mannschaften, bestehen f\u00fcr den \u00dcbergang der Jugendlichen in den aktiven Bereich hervorragende Voraussetzungen. Mit dem neuen Nachwuchszentrum wird den Zielen und dem Anspruch des TSV Heiningen Rechnung getragen: Leistungshandball spielen, um damit junge Spielerinnen und Spieler bestm\u00f6glich auszubilden und ausserdem attraktiv f\u00fcr Topspieler zu sein.[\/vc_column_text][\/vc_column_inner][\/vc_row_inner][vc_row_inner][vc_column_inner]<h3>Dabei bildet der Spitzensport den Antrieb und der Breitensport legt die Basis!<\/h3><h3>Leits\u00e4tze des HNZ<\/h3>[\/vc_column_inner][vc_column_inner width=&#8220;1\/4&#8243;][vc_column_text]<\/p>\n<h5>1. Ganzheitlichkeit<\/h5>\n<p>Das Training muss den altersgerechten Inhalten entsprechen und orientiert sich an den festen Zielen des TSV Heiningen.[\/vc_column_text][\/vc_column_inner][vc_column_inner width=&#8220;1\/4&#8243;][vc_column_text]<\/p>\n<h5>2. Individualisierung<\/h5>\n<p>Die Potentiale und St\u00e4rken von Spielern und Trainern im HNZ \u2013 Voralb werden durch individuelle F\u00f6rderung und Entwicklungsprogramme umfassend ausgebildet.[\/vc_column_text][\/vc_column_inner][vc_column_inner width=&#8220;1\/4&#8243;][vc_column_text]<\/p>\n<h5>3. Innovation<\/h5>\n<p>Die Ausbildung von Trainern und Spielern orientiert und misst sich an bzw. mit den aktuellen und perspektivischen Anforderungen des Handballs \u2013 auf Basis strukturierter Trainingsinhalte und innovativer Trainingsmethoden.[\/vc_column_text][\/vc_column_inner][vc_column_inner width=&#8220;1\/4&#8243;][vc_column_text]<\/p>\n<h5>4.\u00a0 Nachhaltigkeit<\/h5>\n<p>Um m\u00f6glichst effektiv zu wirken, wird die Entwicklung von Spielern und Trainern im HNZ nachhaltig und kontinuierlich betrieben.[\/vc_column_text][\/vc_column_inner][\/vc_row_inner][\/vc_column][\/vc_row][vc_row][vc_column]<div class='dt-sc-title border-title '><h3>Die Marke<\/h3><\/div>[vc_column_text]Abgeleitet vom TEAM Staren, dem Leistungsteam des TSV, wurde die Marke \u201eYOUNGSTARS\u201c zusammen mit der Gr\u00fcndung des \u201eHNZ \u2013 Voralb\u201c ins Leben gerufen. Neben den Logo\u00b4s f\u00fcr unsere aktiven Mannschaften ist nun mit dem Youngstars Logo ein eigenes Logo nur f\u00fcr unsere Jugend kreiert worden. In einer weiteren Entwicklungsstufe wurde das YOUNGSTARS \u2013 Logo f\u00fcr den weiblichen Jugendbereich erweitert.[\/vc_column_text][vc_single_image image=&#8220;21899&#8243; img_size=&#8220;full&#8220; alignment=&#8220;center&#8220;][\/vc_column][\/vc_row]<\/p>\n<\/div>","protected":false},"excerpt":{"rendered":"<p>[vc_row][vc_column][vc_single_image image=&#8220;26086&#8243; img_size=&#8220;full&#8220;][vc_single_image image=&#8220;24727&#8243; img_size=&#8220;full&#8220; add_caption=&#8220;yes&#8220;][vc_column_text css=&#8220;&#8220;]Kontakt: jugendleitung.handball@tsv-heiningen.de[\/vc_column_text][vc_row_inner css=&#8220;.vc_custom_1684151916394{margin-top: 50px !important;margin-bottom: 50px !important;}&#8220;][vc_column_inner][vc_separator][vc_column_text] Unsere Jugendf\u00f6rderer [\/vc_column_text][vc_separator][\/vc_column_inner][vc_column_inner width=&#8220;1\/3&#8243;][\/vc_column_inner][vc_column_inner width=&#8220;1\/3&#8243;][\/vc_column_inner][vc_column_inner width=&#8220;1\/3&#8243;][\/vc_column_inner][\/vc_row_inner][vc_row_inner][vc_column_inner][vc_column_text]Der Jugendhandball des TSV Heiningen ist nach wie vor im weiblichen und im m\u00e4nnlichen Bereich eine feste Gr\u00f6\u00dfe im Handballbezirk Stauferland sowie im Handballverband W\u00fcrttemberg. Unter dem Namen HNZ \u2013 VORALB wurde im Mai 2019 durch den [&hellip;]<\/p>\n","protected":false},"author":4,"featured_media":15245,"parent":0,"menu_order":3,"comment_status":"closed","ping_status":"closed","template":"","meta":{"_acf_changed":false,"footnotes":""},"class_list":["post-9797","page","type-page","status-publish","has-post-thumbnail","hentry"],"acf":[],"_links":{"self":[{"href":"https:\/\/tsv-heiningen.de\/handball\/wp-json\/wp\/v2\/pages\/9797","targetHints":{"allow":["GET"]}}],"collection":[{"href":"https:\/\/tsv-heiningen.de\/handball\/wp-json\/wp\/v2\/pages"}],"about":[{"href":"https:\/\/tsv-heiningen.de\/handball\/wp-json\/wp\/v2\/types\/page"}],"author":[{"embeddable":true,"href":"https:\/\/tsv-heiningen.de\/handball\/wp-json\/wp\/v2\/users\/4"}],"replies":[{"embeddable":true,"href":"https:\/\/tsv-heiningen.de\/handball\/wp-json\/wp\/v2\/comments?post=9797"}],"version-history":[{"count":119,"href":"https:\/\/tsv-heiningen.de\/handball\/wp-json\/wp\/v2\/pages\/9797\/revisions"}],"predecessor-version":[{"id":30065,"href":"https:\/\/tsv-heiningen.de\/handball\/wp-json\/wp\/v2\/pages\/9797\/revisions\/30065"}],"wp:featuredmedia":[{"embeddable":true,"href":"https:\/\/tsv-heiningen.de\/handball\/wp-json\/wp\/v2\/media\/15245"}],"wp:attachment":[{"href":"https:\/\/tsv-heiningen.de\/handball\/wp-json\/wp\/v2\/media?parent=9797"}],"curies":[{"name":"wp","href":"https:\/\/api.w.org\/{rel}","templated":true}]}}