{"id":969,"date":"2013-10-27T15:09:23","date_gmt":"2013-10-27T13:09:23","guid":{"rendered":"https:\/\/tsv-heiningen.de\/handball\/\/?page_id=969"},"modified":"2025-09-23T16:05:47","modified_gmt":"2025-09-23T14:05:47","slug":"d-jugend-weiblich","status":"publish","type":"page","link":"https:\/\/tsv-heiningen.de\/handball\/teams\/d-jugend-weiblich\/","title":{"rendered":"D-Jugend weiblich"},"content":{"rendered":"<p><img decoding=\"async\" class=\"alignnone size-full wp-image-29317\" src=\"https:\/\/tsv-heiningen.de\/handball\/wp-content\/uploads\/sites\/3\/2025_Teamfoto_Dw.jpg\" alt=\"\" width=\"1370\" height=\"819\" srcset=\"https:\/\/tsv-heiningen.de\/handball\/wp-content\/uploads\/sites\/3\/2025_Teamfoto_Dw.jpg 1370w, https:\/\/tsv-heiningen.de\/handball\/wp-content\/uploads\/sites\/3\/2025_Teamfoto_Dw-768x459.jpg 768w\" sizes=\"(max-width: 1370px) 100vw, 1370px\" \/><\/p>\n<hr \/>\n<p><strong>Hinten von links:<\/strong> Trainerin Carolin Frey, Madeleine Schweizer, Lotta Wiest, Serina Rummelspacher, Pauline H\u00f6nig, Emma Frey, Helena M\u00f6hlendick, Trainerin Tina H\u00f6nig<br \/>\n<strong>Vorne von links:<\/strong> Mara Herrlinger, Soey Weber, Emma H\u00e4delt, Pia N\u00f6tzel, Hanna Renz, Leonie Gro\u00dfmann, Hannah Hetmank, Sarai Wenetiou, Taira Wenetiou<\/p>\n<hr \/>\n<h4><a href=\"https:\/\/www.handball.net\/mannschaften\/handball4all.baden-wuerttemberg.1341471\/spielplan?dateFrom=2025-07-01&amp;dateTo=2026-06-30\" target=\"_blank\" rel=\"noopener\"><strong>Spielplan &amp; Tabelle (Handball.net)<\/strong><\/a><\/h4>\n<p><strong><a href=\"https:\/\/tsv-heiningen.de\/handball\/wp-content\/uploads\/sites\/3\/2025-2026_Spieltermin_D-Jugend_weiblich.pdf\">2025-2026_Spieltermin_D-Jugend_weiblich<\/a><\/strong><\/p>\n<hr \/>\n","protected":false},"excerpt":{"rendered":"<p>Hinten von links: Trainerin Carolin Frey, Madeleine Schweizer, Lotta Wiest, Serina Rummelspacher, Pauline H\u00f6nig, Emma Frey, Helena M\u00f6hlendick, Trainerin Tina H\u00f6nig Vorne von links: Mara Herrlinger, Soey Weber, Emma H\u00e4delt, Pia N\u00f6tzel, Hanna Renz, Leonie Gro\u00dfmann, Hannah Hetmank, Sarai Wenetiou, Taira Wenetiou Spielplan &amp; Tabelle (Handball.net) 2025-2026_Spieltermin_D-Jugend_weiblich<\/p>\n","protected":false},"author":4,"featured_media":15245,"parent":14,"menu_order":19,"comment_status":"open","ping_status":"open","template":"\/templates\/team-custom.php","meta":{"_acf_changed":false,"footnotes":""},"class_list":["post-969","page","type-page","status-publish","has-post-thumbnail","hentry"],"acf":[],"_links":{"self":[{"href":"https:\/\/tsv-heiningen.de\/handball\/wp-json\/wp\/v2\/pages\/969","targetHints":{"allow":["GET"]}}],"collection":[{"href":"https:\/\/tsv-heiningen.de\/handball\/wp-json\/wp\/v2\/pages"}],"about":[{"href":"https:\/\/tsv-heiningen.de\/handball\/wp-json\/wp\/v2\/types\/page"}],"author":[{"embeddable":true,"href":"https:\/\/tsv-heiningen.de\/handball\/wp-json\/wp\/v2\/users\/4"}],"replies":[{"embeddable":true,"href":"https:\/\/tsv-heiningen.de\/handball\/wp-json\/wp\/v2\/comments?post=969"}],"version-history":[{"count":28,"href":"https:\/\/tsv-heiningen.de\/handball\/wp-json\/wp\/v2\/pages\/969\/revisions"}],"predecessor-version":[{"id":29505,"href":"https:\/\/tsv-heiningen.de\/handball\/wp-json\/wp\/v2\/pages\/969\/revisions\/29505"}],"up":[{"embeddable":true,"href":"https:\/\/tsv-heiningen.de\/handball\/wp-json\/wp\/v2\/pages\/14"}],"wp:featuredmedia":[{"embeddable":true,"href":"https:\/\/tsv-heiningen.de\/handball\/wp-json\/wp\/v2\/media\/15245"}],"wp:attachment":[{"href":"https:\/\/tsv-heiningen.de\/handball\/wp-json\/wp\/v2\/media?parent=969"}],"curies":[{"name":"wp","href":"https:\/\/api.w.org\/{rel}","templated":true}]}}