{"id":957,"date":"2013-10-31T17:15:38","date_gmt":"2013-10-31T15:15:38","guid":{"rendered":"https:\/\/tsv-heiningen.de\/handball\/\/?page_id=957"},"modified":"2023-06-13T15:57:48","modified_gmt":"2023-06-13T13:57:48","slug":"c-jugend-maennlich","status":"publish","type":"page","link":"https:\/\/tsv-heiningen.de\/handball\/teams\/c-jugend-maennlich\/","title":{"rendered":"D-Jugend m\u00e4nnlich 2"},"content":{"rendered":"<p><img decoding=\"async\" class=\"alignnone size-full wp-image-24537\" src=\"https:\/\/tsv-heiningen.de\/handball\/wp-content\/uploads\/sites\/3\/2022_Mannschaftsfoto_Dm2.png\" alt=\"\" width=\"1234\" height=\"747\" srcset=\"https:\/\/tsv-heiningen.de\/handball\/wp-content\/uploads\/sites\/3\/2022_Mannschaftsfoto_Dm2.png 1234w, https:\/\/tsv-heiningen.de\/handball\/wp-content\/uploads\/sites\/3\/2022_Mannschaftsfoto_Dm2-768x465.png 768w\" sizes=\"(max-width: 1234px) 100vw, 1234px\" \/><\/p>\n<p><strong>Hinten von links:\u00a0<\/strong>Betreuerin Nadine Kingeter, Michael Kauderer, Matteo Teufel, Benedikt von Bargen, Ahmed Dado, Co-Trainer Alexander Weber<\/p>\n<p><strong>Mitte von links:\u00a0<\/strong>Trainer Markus Kingeter, Linus Ahl, Tom Wolters, Lukas Stolz, Philip Abele, Amin Khedhar, Athletiktrainer Eric Tischler<\/p>\n<p><strong>Vorne von links:\u00a0<\/strong>Luis H\u00f6nig, Vincent Tischler, Paul Kosior, Matis Messina, Jacob Schneider<\/p>\n<p><strong>Es fehlt:<\/strong> Erik B\u00f6hringer, Luca W\u00f6rz<\/p>\n<hr \/>\n<p><a href=\"https:\/\/www.hvw-online.org\/spielbetrieb\/ergebnissetabellen#\/league?ogId=3&amp;lId=92221\" target=\"_blank\" rel=\"noopener\"><strong>Spielplan &amp; Tabelle (HVW-Online)<\/strong><\/a><\/p>\n<p><strong><a href=\"https:\/\/tsv-heiningen.de\/handball\/wp-content\/uploads\/sites\/3\/2022_Spieltermine_Dm.pdf\">2022_Spieltermine_Dm (Pdf.- Datei)<\/a><\/strong><\/p>\n<hr \/>\n","protected":false},"excerpt":{"rendered":"<p>Hinten von links:\u00a0Betreuerin Nadine Kingeter, Michael Kauderer, Matteo Teufel, Benedikt von Bargen, Ahmed Dado, Co-Trainer Alexander Weber Mitte von links:\u00a0Trainer Markus Kingeter, Linus Ahl, Tom Wolters, Lukas Stolz, Philip Abele, Amin Khedhar, Athletiktrainer Eric Tischler Vorne von links:\u00a0Luis H\u00f6nig, Vincent Tischler, Paul Kosior, Matis Messina, Jacob Schneider Es fehlt: Erik B\u00f6hringer, Luca W\u00f6rz Spielplan &amp; [&hellip;]<\/p>\n","protected":false},"author":4,"featured_media":24537,"parent":14,"menu_order":17,"comment_status":"open","ping_status":"open","template":"\/templates\/team-custom.php","meta":{"_acf_changed":false,"footnotes":""},"class_list":["post-957","page","type-page","status-publish","has-post-thumbnail","hentry"],"acf":[],"_links":{"self":[{"href":"https:\/\/tsv-heiningen.de\/handball\/wp-json\/wp\/v2\/pages\/957","targetHints":{"allow":["GET"]}}],"collection":[{"href":"https:\/\/tsv-heiningen.de\/handball\/wp-json\/wp\/v2\/pages"}],"about":[{"href":"https:\/\/tsv-heiningen.de\/handball\/wp-json\/wp\/v2\/types\/page"}],"author":[{"embeddable":true,"href":"https:\/\/tsv-heiningen.de\/handball\/wp-json\/wp\/v2\/users\/4"}],"replies":[{"embeddable":true,"href":"https:\/\/tsv-heiningen.de\/handball\/wp-json\/wp\/v2\/comments?post=957"}],"version-history":[{"count":15,"href":"https:\/\/tsv-heiningen.de\/handball\/wp-json\/wp\/v2\/pages\/957\/revisions"}],"predecessor-version":[{"id":25823,"href":"https:\/\/tsv-heiningen.de\/handball\/wp-json\/wp\/v2\/pages\/957\/revisions\/25823"}],"up":[{"embeddable":true,"href":"https:\/\/tsv-heiningen.de\/handball\/wp-json\/wp\/v2\/pages\/14"}],"wp:featuredmedia":[{"embeddable":true,"href":"https:\/\/tsv-heiningen.de\/handball\/wp-json\/wp\/v2\/media\/24537"}],"wp:attachment":[{"href":"https:\/\/tsv-heiningen.de\/handball\/wp-json\/wp\/v2\/media?parent=957"}],"curies":[{"name":"wp","href":"https:\/\/api.w.org\/{rel}","templated":true}]}}