{"id":943,"date":"2013-10-26T22:02:43","date_gmt":"2013-10-26T20:02:43","guid":{"rendered":"https:\/\/tsv-heiningen.de\/handball\/\/?page_id=943"},"modified":"2025-09-23T16:02:51","modified_gmt":"2025-09-23T14:02:51","slug":"b-jugend-weiblich","status":"publish","type":"page","link":"https:\/\/tsv-heiningen.de\/handball\/teams\/b-jugend-weiblich\/","title":{"rendered":"B-Jugend weiblich"},"content":{"rendered":"<p><img decoding=\"async\" class=\"alignnone size-full wp-image-29319\" src=\"https:\/\/tsv-heiningen.de\/handball\/wp-content\/uploads\/sites\/3\/2025_Teamfoto_Bw.jpg\" alt=\"\" width=\"1368\" height=\"844\" srcset=\"https:\/\/tsv-heiningen.de\/handball\/wp-content\/uploads\/sites\/3\/2025_Teamfoto_Bw.jpg 1368w, https:\/\/tsv-heiningen.de\/handball\/wp-content\/uploads\/sites\/3\/2025_Teamfoto_Bw-768x474.jpg 768w\" sizes=\"(max-width: 1368px) 100vw, 1368px\" \/><\/p>\n<hr \/>\n<p><strong>Hinten von links:<\/strong> Trainerinnen Ronja Wei\u00dfer und Jana Sbrzesny, Fiona Schwarz, Leni K\u00f6rner, Lilly Rothfu\u00df, Melina Freitag, Trainer Peter Wei\u00dfer<br \/>\n<strong>Vorne von links:<\/strong> Emma Moll, Fidajete Shatri, Dana Maier, Aiyana Laag, Milena Munz, Valeria Stock<br \/>\n<strong>Es fehlen:<\/strong> Amelie Kuhn, Amelie Walser und Samara Maunz<\/p>\n<hr \/>\n<h4><a href=\"https:\/\/www.handball.net\/mannschaften\/handball4all.baden-wuerttemberg.1341001\/spielplan?dateFrom=2025-07-01&amp;dateTo=2026-06-30\" target=\"_blank\" rel=\"noopener\"><strong>Spielplan &amp; Tabelle (Handball.net)<\/strong><\/a><\/h4>\n<p><strong><a href=\"https:\/\/tsv-heiningen.de\/handball\/wp-content\/uploads\/sites\/3\/2025-2026_Spieltermin_A-B-Jugend_weiblich.pdf\">2025-2026_Spieltermin_A-B-Jugend_weiblich<\/a><\/strong><\/p>\n<hr \/>\n","protected":false},"excerpt":{"rendered":"<p>Hinten von links: Trainerinnen Ronja Wei\u00dfer und Jana Sbrzesny, Fiona Schwarz, Leni K\u00f6rner, Lilly Rothfu\u00df, Melina Freitag, Trainer Peter Wei\u00dfer Vorne von links: Emma Moll, Fidajete Shatri, Dana Maier, Aiyana Laag, Milena Munz, Valeria Stock Es fehlen: Amelie Kuhn, Amelie Walser und Samara Maunz Spielplan &amp; Tabelle (Handball.net) 2025-2026_Spieltermin_A-B-Jugend_weiblich<\/p>\n","protected":false},"author":4,"featured_media":15245,"parent":14,"menu_order":12,"comment_status":"open","ping_status":"open","template":"\/templates\/team-custom.php","meta":{"_acf_changed":false,"footnotes":""},"class_list":["post-943","page","type-page","status-publish","has-post-thumbnail","hentry"],"acf":[],"_links":{"self":[{"href":"https:\/\/tsv-heiningen.de\/handball\/wp-json\/wp\/v2\/pages\/943","targetHints":{"allow":["GET"]}}],"collection":[{"href":"https:\/\/tsv-heiningen.de\/handball\/wp-json\/wp\/v2\/pages"}],"about":[{"href":"https:\/\/tsv-heiningen.de\/handball\/wp-json\/wp\/v2\/types\/page"}],"author":[{"embeddable":true,"href":"https:\/\/tsv-heiningen.de\/handball\/wp-json\/wp\/v2\/users\/4"}],"replies":[{"embeddable":true,"href":"https:\/\/tsv-heiningen.de\/handball\/wp-json\/wp\/v2\/comments?post=943"}],"version-history":[{"count":21,"href":"https:\/\/tsv-heiningen.de\/handball\/wp-json\/wp\/v2\/pages\/943\/revisions"}],"predecessor-version":[{"id":29501,"href":"https:\/\/tsv-heiningen.de\/handball\/wp-json\/wp\/v2\/pages\/943\/revisions\/29501"}],"up":[{"embeddable":true,"href":"https:\/\/tsv-heiningen.de\/handball\/wp-json\/wp\/v2\/pages\/14"}],"wp:featuredmedia":[{"embeddable":true,"href":"https:\/\/tsv-heiningen.de\/handball\/wp-json\/wp\/v2\/media\/15245"}],"wp:attachment":[{"href":"https:\/\/tsv-heiningen.de\/handball\/wp-json\/wp\/v2\/media?parent=943"}],"curies":[{"name":"wp","href":"https:\/\/api.w.org\/{rel}","templated":true}]}}