{"id":688,"date":"2013-10-10T19:27:28","date_gmt":"2013-10-10T17:27:28","guid":{"rendered":"https:\/\/tsv-heiningen.de\/handball\/\/?page_id=688"},"modified":"2025-09-23T15:58:41","modified_gmt":"2025-09-23T13:58:41","slug":"frauen-1","status":"publish","type":"page","link":"https:\/\/tsv-heiningen.de\/handball\/teams\/frauen-1\/","title":{"rendered":"Frauen 1 &#8211; Bonitas"},"content":{"rendered":"<p><img decoding=\"async\" class=\"alignnone size-full wp-image-29335\" src=\"https:\/\/tsv-heiningen.de\/handball\/wp-content\/uploads\/sites\/3\/2025_Teamfoto_F1.jpg\" alt=\"\" width=\"1368\" height=\"845\" srcset=\"https:\/\/tsv-heiningen.de\/handball\/wp-content\/uploads\/sites\/3\/2025_Teamfoto_F1.jpg 1368w, https:\/\/tsv-heiningen.de\/handball\/wp-content\/uploads\/sites\/3\/2025_Teamfoto_F1-768x474.jpg 768w\" sizes=\"(max-width: 1368px) 100vw, 1368px\" \/><\/p>\n<hr \/>\n<p><strong>Hinten von links:<\/strong> Claudia Z\u00f6ller, Peter Wei\u00dfer, Detlef Kosior, Hansj\u00f6rg Ksis, Tobias K\u00f6the, Trainer Sven Fischer<br \/>\n<strong>Mitte von links:<\/strong> Lara Kreidenwei\u00df , Emma Derad, Katharina Schloot, Alicia Passeck, Maja Seeger, Christina Biegert, Monique Hick, Tijana Lukic<br \/>\n<strong>Vorne von links:<\/strong> Anna-Laura Kohnle, Cara Giunta, Alisia Elsesser, Nele B\u00fccker, Jana Sbrzeszny, Ksenija Lukic, Marcia Sedlaczek<br \/>\n<strong>Es fehlen:<\/strong> Theresa Kurz, Lina V\u00f6gl und Trainrein Iris Andjic<\/p>\n<hr \/>\n<h4><a href=\"https:\/\/www.handball.net\/mannschaften\/handball4all.baden-wuerttemberg.1332671\/spielplan?dateFrom=2025-07-01&amp;dateTo=2026-06-30\" target=\"_blank\" rel=\"noopener\"><strong>Spielplan &amp; Tabelle (Handball.net)<\/strong><\/a><\/h4>\n<p><strong><a href=\"https:\/\/tsv-heiningen.de\/handball\/wp-content\/uploads\/sites\/3\/2025-2026_Spieltermin_Frauen_1.pdf\">2025-2026_Spieltermin_Frauen_1<\/a><\/strong><\/p>\n<hr \/>\n<h2>Bonitas &#8211; das TEAM<\/h2>\n<p><img decoding=\"async\" class=\"alignnone size-full wp-image-28281\" src=\"https:\/\/tsv-heiningen.de\/handball\/wp-content\/uploads\/sites\/3\/Bonitas_Spieler_001.jpg\" alt=\"\" width=\"1253\" height=\"500\" srcset=\"https:\/\/tsv-heiningen.de\/handball\/wp-content\/uploads\/sites\/3\/Bonitas_Spieler_001.jpg 1253w, https:\/\/tsv-heiningen.de\/handball\/wp-content\/uploads\/sites\/3\/Bonitas_Spieler_001-768x306.jpg 768w\" sizes=\"(max-width: 1253px) 100vw, 1253px\" \/><\/p>\n<p><img decoding=\"async\" class=\"alignnone size-medium wp-image-28282\" src=\"https:\/\/tsv-heiningen.de\/handball\/wp-content\/uploads\/sites\/3\/Bonitas_Spieler_002.jpg\" alt=\"\" width=\"1253\" height=\"500\" srcset=\"https:\/\/tsv-heiningen.de\/handball\/wp-content\/uploads\/sites\/3\/Bonitas_Spieler_002.jpg 1253w, https:\/\/tsv-heiningen.de\/handball\/wp-content\/uploads\/sites\/3\/Bonitas_Spieler_002-768x306.jpg 768w\" sizes=\"(max-width: 1253px) 100vw, 1253px\" \/><\/p>\n<p><img decoding=\"async\" class=\"alignnone size-medium wp-image-28283\" src=\"https:\/\/tsv-heiningen.de\/handball\/wp-content\/uploads\/sites\/3\/Bonitas_Spieler_003.jpg\" alt=\"\" width=\"1254\" height=\"501\" srcset=\"https:\/\/tsv-heiningen.de\/handball\/wp-content\/uploads\/sites\/3\/Bonitas_Spieler_003.jpg 1254w, https:\/\/tsv-heiningen.de\/handball\/wp-content\/uploads\/sites\/3\/Bonitas_Spieler_003-768x307.jpg 768w\" sizes=\"(max-width: 1254px) 100vw, 1254px\" \/><\/p>\n<p><img decoding=\"async\" class=\"alignnone size-medium wp-image-28284\" src=\"https:\/\/tsv-heiningen.de\/handball\/wp-content\/uploads\/sites\/3\/Bonitas_Spieler_004.jpg\" alt=\"\" width=\"1254\" height=\"499\" srcset=\"https:\/\/tsv-heiningen.de\/handball\/wp-content\/uploads\/sites\/3\/Bonitas_Spieler_004.jpg 1254w, https:\/\/tsv-heiningen.de\/handball\/wp-content\/uploads\/sites\/3\/Bonitas_Spieler_004-768x306.jpg 768w\" sizes=\"(max-width: 1254px) 100vw, 1254px\" \/><\/p>\n<p><img decoding=\"async\" class=\"alignnone size-medium wp-image-28285\" src=\"https:\/\/tsv-heiningen.de\/handball\/wp-content\/uploads\/sites\/3\/Bonitas_Spieler_005.jpg\" alt=\"\" width=\"1253\" height=\"499\" srcset=\"https:\/\/tsv-heiningen.de\/handball\/wp-content\/uploads\/sites\/3\/Bonitas_Spieler_005.jpg 1253w, https:\/\/tsv-heiningen.de\/handball\/wp-content\/uploads\/sites\/3\/Bonitas_Spieler_005-768x306.jpg 768w\" sizes=\"(max-width: 1253px) 100vw, 1253px\" \/><\/p>\n<hr \/>\n<h2>Bonitas &#8211; Staff TEAM<\/h2>\n<p><img decoding=\"async\" class=\"alignnone size-medium wp-image-28286\" src=\"https:\/\/tsv-heiningen.de\/handball\/wp-content\/uploads\/sites\/3\/Bonitas_Staff_001.jpg\" alt=\"\" width=\"1253\" height=\"500\" srcset=\"https:\/\/tsv-heiningen.de\/handball\/wp-content\/uploads\/sites\/3\/Bonitas_Staff_001.jpg 1253w, https:\/\/tsv-heiningen.de\/handball\/wp-content\/uploads\/sites\/3\/Bonitas_Staff_001-768x306.jpg 768w\" sizes=\"(max-width: 1253px) 100vw, 1253px\" \/><img decoding=\"async\" class=\"alignnone size-medium wp-image-28287\" src=\"https:\/\/tsv-heiningen.de\/handball\/wp-content\/uploads\/sites\/3\/Bonitas_Staff_002.jpg\" alt=\"\" width=\"1253\" height=\"500\" srcset=\"https:\/\/tsv-heiningen.de\/handball\/wp-content\/uploads\/sites\/3\/Bonitas_Staff_002.jpg 1253w, https:\/\/tsv-heiningen.de\/handball\/wp-content\/uploads\/sites\/3\/Bonitas_Staff_002-768x306.jpg 768w\" sizes=\"(max-width: 1253px) 100vw, 1253px\" \/><\/p>\n","protected":false},"excerpt":{"rendered":"<p>Hinten von links: Claudia Z\u00f6ller, Peter Wei\u00dfer, Detlef Kosior, Hansj\u00f6rg Ksis, Tobias K\u00f6the, Trainer Sven Fischer Mitte von links: Lara Kreidenwei\u00df , Emma Derad, Katharina Schloot, Alicia Passeck, Maja Seeger, Christina Biegert, Monique Hick, Tijana Lukic Vorne von links: Anna-Laura Kohnle, Cara Giunta, Alisia Elsesser, Nele B\u00fccker, Jana Sbrzeszny, Ksenija Lukic, Marcia Sedlaczek Es fehlen: [&hellip;]<\/p>\n","protected":false},"author":3,"featured_media":29335,"parent":14,"menu_order":2,"comment_status":"open","ping_status":"open","template":"\/templates\/team-custom.php","meta":{"_acf_changed":false,"footnotes":""},"class_list":["post-688","page","type-page","status-publish","has-post-thumbnail","hentry"],"acf":[],"_links":{"self":[{"href":"https:\/\/tsv-heiningen.de\/handball\/wp-json\/wp\/v2\/pages\/688","targetHints":{"allow":["GET"]}}],"collection":[{"href":"https:\/\/tsv-heiningen.de\/handball\/wp-json\/wp\/v2\/pages"}],"about":[{"href":"https:\/\/tsv-heiningen.de\/handball\/wp-json\/wp\/v2\/types\/page"}],"author":[{"embeddable":true,"href":"https:\/\/tsv-heiningen.de\/handball\/wp-json\/wp\/v2\/users\/3"}],"replies":[{"embeddable":true,"href":"https:\/\/tsv-heiningen.de\/handball\/wp-json\/wp\/v2\/comments?post=688"}],"version-history":[{"count":35,"href":"https:\/\/tsv-heiningen.de\/handball\/wp-json\/wp\/v2\/pages\/688\/revisions"}],"predecessor-version":[{"id":29496,"href":"https:\/\/tsv-heiningen.de\/handball\/wp-json\/wp\/v2\/pages\/688\/revisions\/29496"}],"up":[{"embeddable":true,"href":"https:\/\/tsv-heiningen.de\/handball\/wp-json\/wp\/v2\/pages\/14"}],"wp:featuredmedia":[{"embeddable":true,"href":"https:\/\/tsv-heiningen.de\/handball\/wp-json\/wp\/v2\/media\/29335"}],"wp:attachment":[{"href":"https:\/\/tsv-heiningen.de\/handball\/wp-json\/wp\/v2\/media?parent=688"}],"curies":[{"name":"wp","href":"https:\/\/api.w.org\/{rel}","templated":true}]}}