{"id":5632,"date":"2014-09-11T01:15:31","date_gmt":"2014-09-11T00:15:31","guid":{"rendered":"https:\/\/tsv-heiningen.de\/handball\/\/?page_id=5632"},"modified":"2023-06-13T15:57:38","modified_gmt":"2023-06-13T13:57:38","slug":"c-jugend-weiblich-2","status":"publish","type":"page","link":"https:\/\/tsv-heiningen.de\/handball\/teams\/c-jugend-weiblich-2\/","title":{"rendered":"D-Jugend weiblich 2"},"content":{"rendered":"<p><img decoding=\"async\" class=\"alignnone size-full wp-image-24527\" src=\"https:\/\/tsv-heiningen.de\/handball\/wp-content\/uploads\/sites\/3\/2022_Mannschaftsfoto_Dw1.png\" alt=\"\" width=\"1233\" height=\"747\" srcset=\"https:\/\/tsv-heiningen.de\/handball\/wp-content\/uploads\/sites\/3\/2022_Mannschaftsfoto_Dw1.png 1233w, https:\/\/tsv-heiningen.de\/handball\/wp-content\/uploads\/sites\/3\/2022_Mannschaftsfoto_Dw1-768x465.png 768w\" sizes=\"(max-width: 1233px) 100vw, 1233px\" \/><\/p>\n<hr \/>\n<p><strong>Hinten von links:<\/strong> Trainerinnen Ronja Wei\u00dfer und Nicole Kopp, Leonie Terre, Lotta Wei\u00dfer, Emma Moll, Lia Arazar, Trainer Peter Wei\u00dfer<\/p>\n<p><strong>Mitte von links:<\/strong> Milena Munz, Valeria Steiner, Amelie Kuhn, Lara B\u00f6lzle, Pia Gorski, Lilly B\u00f6lzle, Thanh Wittlinger<\/p>\n<p><strong>Vorne von links:<\/strong> Dana Maier, Tami Freitag, Marla Hirschle, Zoe Werner, Mailin Kopp, Milena Kellerer, Marie Otterbein<\/p>\n<p><strong>Es fehlen:<\/strong> Louisa K\u00f6rber, Laura Bertolo Rettig, Trainerinnen Jelena Djokic, Pamela Wei\u00dfer, Tina Otterbein, Trainer Andreas Werner<\/p>\n<hr \/>\n<p><a href=\"https:\/\/www.hvw-online.org\/spielbetrieb\/ergebnissetabellen#\/league?ogId=3&amp;lId=92261&amp;tId=904401\" target=\"_blank\" rel=\"noopener\"><strong>Spielplan &amp; Tabelle <\/strong><strong>(HVW-Online)<\/strong><\/a><\/p>\n<p><strong><a href=\"https:\/\/tsv-heiningen.de\/handball\/wp-content\/uploads\/sites\/3\/2022_Spieltermine_Dw2.pdf\">2022_Spieltermine_Dw2 (Pdf.- Datei)<\/a><\/strong><\/p>\n<hr \/>\n<p>&nbsp;<\/p>\n","protected":false},"excerpt":{"rendered":"<p>Hinten von links: Trainerinnen Ronja Wei\u00dfer und Nicole Kopp, Leonie Terre, Lotta Wei\u00dfer, Emma Moll, Lia Arazar, Trainer Peter Wei\u00dfer Mitte von links: Milena Munz, Valeria Steiner, Amelie Kuhn, Lara B\u00f6lzle, Pia Gorski, Lilly B\u00f6lzle, Thanh Wittlinger Vorne von links: Dana Maier, Tami Freitag, Marla Hirschle, Zoe Werner, Mailin Kopp, Milena Kellerer, Marie Otterbein Es [&hellip;]<\/p>\n","protected":false},"author":4,"featured_media":24527,"parent":14,"menu_order":20,"comment_status":"open","ping_status":"closed","template":"\/templates\/team-custom.php","meta":{"_acf_changed":false,"footnotes":""},"class_list":["post-5632","page","type-page","status-publish","has-post-thumbnail","hentry"],"acf":[],"_links":{"self":[{"href":"https:\/\/tsv-heiningen.de\/handball\/wp-json\/wp\/v2\/pages\/5632","targetHints":{"allow":["GET"]}}],"collection":[{"href":"https:\/\/tsv-heiningen.de\/handball\/wp-json\/wp\/v2\/pages"}],"about":[{"href":"https:\/\/tsv-heiningen.de\/handball\/wp-json\/wp\/v2\/types\/page"}],"author":[{"embeddable":true,"href":"https:\/\/tsv-heiningen.de\/handball\/wp-json\/wp\/v2\/users\/4"}],"replies":[{"embeddable":true,"href":"https:\/\/tsv-heiningen.de\/handball\/wp-json\/wp\/v2\/comments?post=5632"}],"version-history":[{"count":10,"href":"https:\/\/tsv-heiningen.de\/handball\/wp-json\/wp\/v2\/pages\/5632\/revisions"}],"predecessor-version":[{"id":25821,"href":"https:\/\/tsv-heiningen.de\/handball\/wp-json\/wp\/v2\/pages\/5632\/revisions\/25821"}],"up":[{"embeddable":true,"href":"https:\/\/tsv-heiningen.de\/handball\/wp-json\/wp\/v2\/pages\/14"}],"wp:featuredmedia":[{"embeddable":true,"href":"https:\/\/tsv-heiningen.de\/handball\/wp-json\/wp\/v2\/media\/24527"}],"wp:attachment":[{"href":"https:\/\/tsv-heiningen.de\/handball\/wp-json\/wp\/v2\/media?parent=5632"}],"curies":[{"name":"wp","href":"https:\/\/api.w.org\/{rel}","templated":true}]}}