{"id":27898,"date":"2024-06-15T06:56:58","date_gmt":"2024-06-15T04:56:58","guid":{"rendered":"https:\/\/tsv-heiningen.de\/handball\/?page_id=27898"},"modified":"2024-07-23T19:52:17","modified_gmt":"2024-07-23T17:52:17","slug":"support-us","status":"publish","type":"page","link":"https:\/\/tsv-heiningen.de\/handball\/support-us\/","title":{"rendered":"Support us"},"content":{"rendered":"<h2>Willkommen beim TSV Heiningen &#8211; Handball!<\/h2>\n<p>\u201cDu bist ein Teamplayer? Perfekt! Unsere Vereinsfamilie sucht Verst\u00e4rkung \u2013 und das nicht nur auf dem Spielfeld.<\/p>\n<p>Wir lieben den Handballsport und m\u00f6chten uns weiter professionalisieren. Daher suchen wir motivierte Unterst\u00fctzung f\u00fcr unser Team.<\/p>\n<p>&nbsp;<\/p>\n<p>&nbsp;<\/p>\n<h2>Warum bei uns mitmachen?<\/h2>\n<ul>\n<li><strong>Leidenschaft f\u00fcr den Sport:<\/strong>\u00a0Wir sind begeisterte Handballerinnen und Handballer, die ihre Begeisterung gerne teilen. Wenn du diese Leidenschaft teilst, bist du bei uns genau richtig.<\/li>\n<li><strong>Gemeinschaft und Zusammenhalt:<\/strong>\u00a0Bei uns z\u00e4hlt jeder Einzelne. Wir unterst\u00fctzen uns gegenseitig, feiern Erfolge und meistern Herausforderungen gemeinsam.<\/li>\n<li><strong>Weiterentwicklung:<\/strong>\u00a0Wir wollen uns stetig verbessern und professionalisieren. Deine Ideen und dein Engagement sind bei uns gefragt!<\/li>\n<\/ul>\n<h2><\/h2>\n<p>&nbsp;<\/p>\n<h2><strong>\u201cDirekter Pass zu uns\u201d<\/strong><\/h2>\n<p>Wir sind bereit f\u00fcr deinen Pass! Schick uns eine Nachricht und sei Teil unseres Teams.<\/p>\n<p>Sende eine Nachricht an: <a href=\"mailto:abteilungsleitung.handball@tsv-heiningen.de\">abteilungsleitung.handball@tsv-heiningen.de<\/a><\/p>\n<h2><\/h2>\n<p>&nbsp;<\/p>\n<h2><strong>Cha<\/strong><strong>ncen im Team:<\/strong><\/h2>\n<hr \/>\n<p>&nbsp;<\/p>\n<h3><span style=\"color: #0075cd\"><strong>Wir suchen: <\/strong><\/span><span style=\"color: #0075cd\"><strong>CLUB\u00a0VOLUNTEERS\u00a0<\/strong><\/span><\/h3>\n<p>Die<strong>\u00a0CLUB\u00a0VOLUNTEERS\u00a0<\/strong>sind ehrenamtliche Helfer, die den TSV bei der Abwicklung der Heimspiele in verschiedenen Bereichen unterst\u00fctzen. Sie tragen mit Leidenschaft, Engagement und gro\u00dfem pers\u00f6nlichen Einsatz zu einem reibungslosen Ablauf an den Heimspieltagen bei.<\/p>\n<p>&nbsp;<\/p>\n<p><img decoding=\"async\" class=\"alignleft wp-image-27901\" src=\"https:\/\/tsv-heiningen.de\/handball\/wp-content\/uploads\/sites\/3\/Dich-1.jpg\" alt=\"\" width=\"400\" height=\"400\" srcset=\"https:\/\/tsv-heiningen.de\/handball\/wp-content\/uploads\/sites\/3\/Dich-1.jpg 1080w, https:\/\/tsv-heiningen.de\/handball\/wp-content\/uploads\/sites\/3\/Dich-1-768x768.jpg 768w\" sizes=\"(max-width: 400px) 100vw, 400px\" \/><\/p>\n<p>&nbsp;<\/p>\n<p><strong>\u201cEinlasskontrolle\u201d<\/strong>:<\/p>\n<p>Als Helfer an der Einlasskontrolle sorgst du daf\u00fcr, dass die Zuschauer ihre Tickets \u00fcberpr\u00fcfen und sicher in die Halle gelangen. Du bist freundlich, hilfsbereit und beh\u00e4ltst den \u00dcberblick.<\/p>\n<p><strong>\u201cHallensprecher\u201d<\/strong>:<\/p>\n<p>Der Hallensprecher informiert die Zuschauer \u00fcber Spielst\u00e4nde und andere wichtige Informationen. Du bist die Stimme des Vereins und tr\u00e4gst zur gro\u00dfartigen Atmosph\u00e4re bei.<\/p>\n<p><strong>\u201cHallen &#8211; DJ\u201d<\/strong>:<\/p>\n<p>Du sorgst f\u00fcr die passende Musik vor, w\u00e4hrend und nach den Spielen. Deine Aufgabe ist es, die Stimmung zu heben, die Fans zu motivieren und f\u00fcr eine mitrei\u00dfende Atmosph\u00e4re zu sorgen. Ob Einlaufmusik, Jubelrufe oder Pausenunterhaltung \u2013 der Hallen-DJ tr\u00e4gt wesentlich zum Gesamterlebnis bei.<\/p>\n<hr \/>\n<h3><span style=\"color: #0075cd\"><strong>Wir suchen:\u00a0<\/strong><\/span><span style=\"color: #0075cd\"><strong>Marketingleiter<\/strong><\/span><\/h3>\n<p>Der Marketingleiter im Handballverein ist der kreative Stratege, der die Werbetrommel f\u00fcr den Verein r\u00fchrt. <em>Mit einem Mix aus Kreativit\u00e4t, Strategie und Leidenschaft sorgt er daf\u00fcr, dass der Verein im Rampenlicht steht. <\/em>Hier sind einige seiner Aufgaben:<\/p>\n<p>&nbsp;<\/p>\n<p><img decoding=\"async\" class=\"wp-image-27921 alignright\" src=\"https:\/\/tsv-heiningen.de\/handball\/wp-content\/uploads\/sites\/3\/Marketing_Leiter.jpg\" alt=\"\" width=\"400\" height=\"400\" srcset=\"https:\/\/tsv-heiningen.de\/handball\/wp-content\/uploads\/sites\/3\/Marketing_Leiter.jpg 1080w, https:\/\/tsv-heiningen.de\/handball\/wp-content\/uploads\/sites\/3\/Marketing_Leiter-768x768.jpg 768w\" sizes=\"(max-width: 400px) 100vw, 400px\" \/><strong>Strategische Ausrichtung: <\/strong>Der Marketingleiter entwickelt eine Marketingstrategie f\u00fcr den Verein. Er identifiziert Ziele, Zielgruppen und Botschaften, um die Vereinsmission zu unterst\u00fctzen.<\/p>\n<p><strong>Markenbotschafter<\/strong>: Er positioniert den Verein in der \u00d6ffentlichkeit und sorgt daf\u00fcr, dass der Vereinsname auf den Lippen der Fans bleibt.<\/p>\n<p><strong>Sponsoring und Partnerschaften<\/strong>: Er kn\u00fcpft Beziehungen zu Sponsoren und Partnern und gestaltet Win-Win-Deals, die den Verein st\u00e4rken.<\/p>\n<p><strong>Eventplanung<\/strong>: Von Fan-Events bis zu Sponsorentreffs \u2013 der Marketingleiter sorgt f\u00fcr unvergessliche Erlebnisse rund um den Handball.<\/p>\n<p><strong>Kommunikation<\/strong>: Er ist der Sprachrohr des Vereins, und liefert den Input f\u00fcr Pressemitteilungen und die Social-Media-Kan\u00e4le.<\/p>\n<p><strong>Werbekampagnen: <\/strong>Hier ist Kreativit\u00e4t und Design gefragt, der Marketingleiter unterst\u00fctzt alle Veranstaltungen des Vereins.<\/p>\n<p>&nbsp;<\/p>\n<p><strong>Dein Profil:<\/strong><\/p>\n<ul>\n<li>Leidenschaft f\u00fcr Handball und Marketing<\/li>\n<li>Kreativit\u00e4t und strategisches Denken<\/li>\n<li>Kommunikationsst\u00e4rke und Teamgeist<\/li>\n<\/ul>\n<hr \/>\n<h3><span style=\"color: #0075cd\"><strong>Wir suchen:\u00a0<\/strong><\/span><span style=\"color: #0075cd\"><strong>Schiedsrichter &#8211; Obmann<\/strong><\/span><\/h3>\n<p><strong>Stellenbeschreibung Schiedsrichterobmann (SO)<\/strong><\/p>\n<p><em>Die Schiedsrichter sind die unerm\u00fcdlichen H\u00fcter der Fairness auf dem Spielfeld. Als Schiedsrichterobmann (SO) bist du der Kapit\u00e4n dieses Teams, du bist f\u00fcr das Schiedsrichtereinsatzmanagement verantwortlich und beh\u00e4ltst die Regeln im Auge.<\/em><\/p>\n<p><img decoding=\"async\" class=\"wp-image-27919 alignleft\" src=\"https:\/\/tsv-heiningen.de\/handball\/wp-content\/uploads\/sites\/3\/Schiedsrichter-Obmann.jpg\" alt=\"\" width=\"400\" height=\"400\" srcset=\"https:\/\/tsv-heiningen.de\/handball\/wp-content\/uploads\/sites\/3\/Schiedsrichter-Obmann.jpg 1080w, https:\/\/tsv-heiningen.de\/handball\/wp-content\/uploads\/sites\/3\/Schiedsrichter-Obmann-768x768.jpg 768w\" sizes=\"(max-width: 400px) 100vw, 400px\" \/><\/p>\n<p>&nbsp;<\/p>\n<p><strong>Bindeglied zwischen Verein und Schiedsrichterwesen<\/strong>: Der SO vermittelt zwischen dem Verein und dem Schiedsrichterverband und sorgt f\u00fcr reibungslose Kommunikation.<\/p>\n<p><strong>Gewinnung von Schiedsrichteranw\u00e4rtern<\/strong>: Der SO f\u00f6rdert die Nachwuchsgewinnung von Schiedsrichtern im Verein und unterst\u00fctzt Anw\u00e4rter bei der im neuen Amt.<\/p>\n<p><strong>Einteilung der Schiedsrichter<\/strong>: Der SO koordiniert die Schiedsrichter f\u00fcr die Nachwuchsspiele bis zur D- Jugend und stellt sicher, dass die Spiele besetzt sind.<\/p>\n<p><strong>Koordination bei Ausfall und Terminverschiebung<\/strong>: Bei unvorhergesehenen Ereignissen wie Schiedsrichterausf\u00e4llen oder Spielverlegungen ist der SO Ansprechpartner und organisiert Ersatz.<\/p>\n<p>&nbsp;<\/p>\n<p>Weitere Infos zu unseren Schiedsrichtern erh\u00e4ltst du hier: <a href=\"https:\/\/tsv-heiningen.de\/handball\/schiedsrichter\/\">Schiedsrichter des TSV Heiningen &#8211; Handball<\/a><\/p>\n<hr \/>\n<h3><span style=\"color: #0075cd\"><strong>Wir suchen: Leiter der Vereinskommunikation<\/strong><\/span><\/h3>\n<p>Unser <strong>Leiter der Vereinskommunikation<\/strong> ist eine Schl\u00fcsselperson in der Organisation unseres Vereins. Diese Rolle umfasst die Verantwortung f\u00fcr die interne und externe Kommunikation des Vereins. Hier sind einige Aspekte, die der Leiter der Vereinskommunikation typischerweise \u00fcbernimmt:<\/p>\n<p>&nbsp;<\/p>\n<ol>\n<li><strong><img decoding=\"async\" class=\"alignright wp-image-27922\" src=\"https:\/\/tsv-heiningen.de\/handball\/wp-content\/uploads\/sites\/3\/Vereinskommunikation-2.jpg\" alt=\"\" width=\"400\" height=\"400\" srcset=\"https:\/\/tsv-heiningen.de\/handball\/wp-content\/uploads\/sites\/3\/Vereinskommunikation-2.jpg 1080w, https:\/\/tsv-heiningen.de\/handball\/wp-content\/uploads\/sites\/3\/Vereinskommunikation-2-768x768.jpg 768w\" sizes=\"(max-width: 400px) 100vw, 400px\" \/>Strategische Planung: <\/strong>Der Leiter der Vereinskommunikation entwickelt eine langfristige Kommunikationsstrategie f\u00fcr den Verein. Er identifiziert Ziele, Zielgruppen und Botschaften, um die Vereinsmission zu unterst\u00fctzen.<\/li>\n<li><strong>Presse- und Medienarbeit: <\/strong>Er ist der Ansprechpartner f\u00fcr Journalisten, erstellt bzw. unterst\u00fctzt bei Pressemitteilungen und pflegt Kontakte zu Medienvertretern.<\/li>\n<li><strong>Interne Kommunikation: <\/strong>Der Leiter der Vereinskommunikation sorgt daf\u00fcr, dass alle Mitglieder und Mitarbeiter des Vereins gut informiert sind. Er kommuniziert wichtige Entscheidungen, Veranstaltungen und Neuigkeiten.<\/li>\n<li><strong>\u00d6ffentlichkeitsarbeit: <\/strong>Er f\u00f6rdert das positive Image des Vereins in der \u00d6ffentlichkeit. Dazu geh\u00f6ren die Pflege der Website, die Nutzung von Social Media und die Gestaltung von Informationsmaterialien.<\/li>\n<li><strong>Beziehungsaufbau: <\/strong>Er baut Beziehungen zu Partnern, Sponsoren, politischen Entscheidungstr\u00e4gern und anderen relevanten Akteuren auf.<\/li>\n<\/ol>\n<p>Insgesamt ist der Leiter der Vereinskommunikation ein Bindeglied zwischen dem Verein und der Au\u00dfenwelt.\u00a0Seine Arbeit tr\u00e4gt dazu bei, die Mission und die Ziele des Vereins zu vermitteln und die Unterst\u00fctzung von Mitgliedern und der breiteren Gemeinschaft zu gewinnen.<\/p>\n","protected":false},"excerpt":{"rendered":"<p>Willkommen beim TSV Heiningen &#8211; Handball! \u201cDu bist ein Teamplayer? Perfekt! Unsere Vereinsfamilie sucht Verst\u00e4rkung \u2013 und das nicht nur auf dem Spielfeld. Wir lieben den Handballsport und m\u00f6chten uns weiter professionalisieren. Daher suchen wir motivierte Unterst\u00fctzung f\u00fcr unser Team. &nbsp; &nbsp; Warum bei uns mitmachen? Leidenschaft f\u00fcr den Sport:\u00a0Wir sind begeisterte Handballerinnen und Handballer, [&hellip;]<\/p>\n","protected":false},"author":31,"featured_media":15245,"parent":0,"menu_order":0,"comment_status":"closed","ping_status":"closed","template":"","meta":{"_acf_changed":false,"footnotes":""},"class_list":["post-27898","page","type-page","status-publish","has-post-thumbnail","hentry"],"acf":[],"_links":{"self":[{"href":"https:\/\/tsv-heiningen.de\/handball\/wp-json\/wp\/v2\/pages\/27898","targetHints":{"allow":["GET"]}}],"collection":[{"href":"https:\/\/tsv-heiningen.de\/handball\/wp-json\/wp\/v2\/pages"}],"about":[{"href":"https:\/\/tsv-heiningen.de\/handball\/wp-json\/wp\/v2\/types\/page"}],"author":[{"embeddable":true,"href":"https:\/\/tsv-heiningen.de\/handball\/wp-json\/wp\/v2\/users\/31"}],"replies":[{"embeddable":true,"href":"https:\/\/tsv-heiningen.de\/handball\/wp-json\/wp\/v2\/comments?post=27898"}],"version-history":[{"count":24,"href":"https:\/\/tsv-heiningen.de\/handball\/wp-json\/wp\/v2\/pages\/27898\/revisions"}],"predecessor-version":[{"id":28013,"href":"https:\/\/tsv-heiningen.de\/handball\/wp-json\/wp\/v2\/pages\/27898\/revisions\/28013"}],"wp:featuredmedia":[{"embeddable":true,"href":"https:\/\/tsv-heiningen.de\/handball\/wp-json\/wp\/v2\/media\/15245"}],"wp:attachment":[{"href":"https:\/\/tsv-heiningen.de\/handball\/wp-json\/wp\/v2\/media?parent=27898"}],"curies":[{"name":"wp","href":"https:\/\/api.w.org\/{rel}","templated":true}]}}