{"id":26,"date":"2013-08-29T11:34:43","date_gmt":"2013-08-29T09:34:43","guid":{"rendered":"http:\/\/localhost:8888\/?page_id=26"},"modified":"2026-02-21T13:01:50","modified_gmt":"2026-02-21T12:01:50","slug":"maenner-1","status":"publish","type":"page","link":"https:\/\/tsv-heiningen.de\/handball\/teams\/maenner-1\/","title":{"rendered":"M\u00e4nner 1 &#8211; Team Staren"},"content":{"rendered":"<p><img decoding=\"async\" class=\"alignnone size-full wp-image-29338\" src=\"https:\/\/tsv-heiningen.de\/handball\/wp-content\/uploads\/sites\/3\/2025_Teamfoto_M1.jpg\" alt=\"\" width=\"1407\" height=\"864\" srcset=\"https:\/\/tsv-heiningen.de\/handball\/wp-content\/uploads\/sites\/3\/2025_Teamfoto_M1.jpg 1407w, https:\/\/tsv-heiningen.de\/handball\/wp-content\/uploads\/sites\/3\/2025_Teamfoto_M1-768x472.jpg 768w\" sizes=\"(max-width: 1407px) 100vw, 1407px\" \/><\/p>\n<hr \/>\n<p><strong>Hinten von links:<\/strong> Janick H\u00f6er, Finn Krempl, Maximilian Mattes, Tobias Bauch, Tassilo Neudeck, Simon D\u00fcrner, Peter Wei\u00dfer<br \/>\n<strong>Mitte von links:<\/strong> Kathrin Maa\u00dfen, Anita Gerasia, Timo Rapp, Markus Krempl, Michael Kohnle, Trainer Hagen Gunzenhauser, Detlef Kosior, Ulrich Schrag<br \/>\n<strong>Vorne von links:<\/strong> Felix Wei\u00dfer, Moritz Fink, Manuel Weinbuch, Yanik Braun, Talha Kabak, Ben Demsky, Chris Z\u00f6ller<br \/>\n<strong>Es fehlen:<\/strong> Trainer Mike Wolz, Felix Neudeck, Felix Kohnle, Nick Kohnle, Dr. Ramin Malek, Susanne Kleefeld<\/p>\n<hr \/>\n<h4><a href=\"https:\/\/www.handball.net\/mannschaften\/handball4all.baden-wuerttemberg.1331011\/spielplan?dateFrom=2025-07-01&amp;dateTo=2026-06-30\" target=\"_blank\" rel=\"noopener\"><strong>Spielplan &amp; Tabelle (Handball.net)<\/strong><\/a><\/h4>\n<p><strong><a href=\"https:\/\/tsv-heiningen.de\/handball\/wp-content\/uploads\/sites\/3\/2025-2026_Spieltermin_Maenner_1.pdf\">2025-2026_Spieltermin_Maenner_1<\/a><\/strong><\/p>\n<hr \/>\n<h2><span style=\"color: inherit; font-family: inherit;\"><strong>TEAM Staren &#8211; unser TEAM<\/strong><\/span><\/h2>\n<p><img decoding=\"async\" class=\"alignnone size-medium wp-image-30080\" src=\"https:\/\/tsv-heiningen.de\/handball\/wp-content\/uploads\/sites\/3\/M1_Portraits_01.jpg\" alt=\"\" width=\"1102\" height=\"442\" srcset=\"https:\/\/tsv-heiningen.de\/handball\/wp-content\/uploads\/sites\/3\/M1_Portraits_01.jpg 1102w, https:\/\/tsv-heiningen.de\/handball\/wp-content\/uploads\/sites\/3\/M1_Portraits_01-768x308.jpg 768w\" sizes=\"(max-width: 1102px) 100vw, 1102px\" \/><img decoding=\"async\" class=\"alignnone size-medium wp-image-30077\" src=\"https:\/\/tsv-heiningen.de\/handball\/wp-content\/uploads\/sites\/3\/M1_Portraits_04.jpg\" alt=\"\" width=\"1101\" height=\"442\" srcset=\"https:\/\/tsv-heiningen.de\/handball\/wp-content\/uploads\/sites\/3\/M1_Portraits_04.jpg 1101w, https:\/\/tsv-heiningen.de\/handball\/wp-content\/uploads\/sites\/3\/M1_Portraits_04-768x308.jpg 768w\" sizes=\"(max-width: 1101px) 100vw, 1101px\" \/><img decoding=\"async\" class=\"alignnone size-medium wp-image-30075\" src=\"https:\/\/tsv-heiningen.de\/handball\/wp-content\/uploads\/sites\/3\/M1_Portraits_06.jpg\" alt=\"\" width=\"1103\" height=\"441\" srcset=\"https:\/\/tsv-heiningen.de\/handball\/wp-content\/uploads\/sites\/3\/M1_Portraits_06.jpg 1103w, https:\/\/tsv-heiningen.de\/handball\/wp-content\/uploads\/sites\/3\/M1_Portraits_06-768x307.jpg 768w\" sizes=\"(max-width: 1103px) 100vw, 1103px\" \/><img decoding=\"async\" class=\"alignnone size-medium wp-image-30076\" src=\"https:\/\/tsv-heiningen.de\/handball\/wp-content\/uploads\/sites\/3\/M1_Portraits_05.jpg\" alt=\"\" width=\"1104\" height=\"443\" srcset=\"https:\/\/tsv-heiningen.de\/handball\/wp-content\/uploads\/sites\/3\/M1_Portraits_05.jpg 1104w, https:\/\/tsv-heiningen.de\/handball\/wp-content\/uploads\/sites\/3\/M1_Portraits_05-768x308.jpg 768w\" sizes=\"(max-width: 1104px) 100vw, 1104px\" \/><img decoding=\"async\" class=\"alignnone size-medium wp-image-30078\" src=\"https:\/\/tsv-heiningen.de\/handball\/wp-content\/uploads\/sites\/3\/M1_Portraits_03.jpg\" alt=\"\" width=\"1101\" height=\"440\" srcset=\"https:\/\/tsv-heiningen.de\/handball\/wp-content\/uploads\/sites\/3\/M1_Portraits_03.jpg 1101w, https:\/\/tsv-heiningen.de\/handball\/wp-content\/uploads\/sites\/3\/M1_Portraits_03-768x307.jpg 768w\" sizes=\"(max-width: 1101px) 100vw, 1101px\" \/><img decoding=\"async\" class=\"alignnone size-medium wp-image-30079\" src=\"https:\/\/tsv-heiningen.de\/handball\/wp-content\/uploads\/sites\/3\/M1_Portraits_02.jpg\" alt=\"\" width=\"1102\" height=\"440\" srcset=\"https:\/\/tsv-heiningen.de\/handball\/wp-content\/uploads\/sites\/3\/M1_Portraits_02.jpg 1102w, https:\/\/tsv-heiningen.de\/handball\/wp-content\/uploads\/sites\/3\/M1_Portraits_02-768x307.jpg 768w\" sizes=\"(max-width: 1102px) 100vw, 1102px\" \/><img decoding=\"async\" class=\"alignnone size-medium wp-image-30074\" src=\"https:\/\/tsv-heiningen.de\/handball\/wp-content\/uploads\/sites\/3\/M1_Portraits_07.jpg\" alt=\"\" width=\"1103\" height=\"442\" srcset=\"https:\/\/tsv-heiningen.de\/handball\/wp-content\/uploads\/sites\/3\/M1_Portraits_07.jpg 1103w, https:\/\/tsv-heiningen.de\/handball\/wp-content\/uploads\/sites\/3\/M1_Portraits_07-768x308.jpg 768w\" sizes=\"(max-width: 1103px) 100vw, 1103px\" \/><img decoding=\"async\" class=\"alignnone size-full wp-image-30072\" src=\"https:\/\/tsv-heiningen.de\/handball\/wp-content\/uploads\/sites\/3\/M1_Portraits_09.jpg\" alt=\"\" width=\"1104\" height=\"443\" srcset=\"https:\/\/tsv-heiningen.de\/handball\/wp-content\/uploads\/sites\/3\/M1_Portraits_09.jpg 1104w, https:\/\/tsv-heiningen.de\/handball\/wp-content\/uploads\/sites\/3\/M1_Portraits_09-768x308.jpg 768w\" sizes=\"(max-width: 1104px) 100vw, 1104px\" \/><img decoding=\"async\" class=\"alignnone size-medium wp-image-30073\" src=\"https:\/\/tsv-heiningen.de\/handball\/wp-content\/uploads\/sites\/3\/M1_Portraits_08.jpg\" alt=\"\" width=\"1101\" height=\"441\" srcset=\"https:\/\/tsv-heiningen.de\/handball\/wp-content\/uploads\/sites\/3\/M1_Portraits_08.jpg 1101w, https:\/\/tsv-heiningen.de\/handball\/wp-content\/uploads\/sites\/3\/M1_Portraits_08-768x308.jpg 768w\" sizes=\"(max-width: 1101px) 100vw, 1101px\" \/><\/p>\n<p>&nbsp;<\/p>\n<p>&nbsp;<\/p>\n<p>&nbsp;<\/p>\n<p>&nbsp;<\/p>\n","protected":false},"excerpt":{"rendered":"<p>Hinten von links: Janick H\u00f6er, Finn Krempl, Maximilian Mattes, Tobias Bauch, Tassilo Neudeck, Simon D\u00fcrner, Peter Wei\u00dfer Mitte von links: Kathrin Maa\u00dfen, Anita Gerasia, Timo Rapp, Markus Krempl, Michael Kohnle, Trainer Hagen Gunzenhauser, Detlef Kosior, Ulrich Schrag Vorne von links: Felix Wei\u00dfer, Moritz Fink, Manuel Weinbuch, Yanik Braun, Talha Kabak, Ben Demsky, Chris Z\u00f6ller Es [&hellip;]<\/p>\n","protected":false},"author":3,"featured_media":28086,"parent":14,"menu_order":1,"comment_status":"open","ping_status":"closed","template":"\/templates\/team-custom.php","meta":{"_acf_changed":false,"footnotes":""},"class_list":["post-26","page","type-page","status-publish","has-post-thumbnail","hentry"],"acf":[],"_links":{"self":[{"href":"https:\/\/tsv-heiningen.de\/handball\/wp-json\/wp\/v2\/pages\/26","targetHints":{"allow":["GET"]}}],"collection":[{"href":"https:\/\/tsv-heiningen.de\/handball\/wp-json\/wp\/v2\/pages"}],"about":[{"href":"https:\/\/tsv-heiningen.de\/handball\/wp-json\/wp\/v2\/types\/page"}],"author":[{"embeddable":true,"href":"https:\/\/tsv-heiningen.de\/handball\/wp-json\/wp\/v2\/users\/3"}],"replies":[{"embeddable":true,"href":"https:\/\/tsv-heiningen.de\/handball\/wp-json\/wp\/v2\/comments?post=26"}],"version-history":[{"count":60,"href":"https:\/\/tsv-heiningen.de\/handball\/wp-json\/wp\/v2\/pages\/26\/revisions"}],"predecessor-version":[{"id":30082,"href":"https:\/\/tsv-heiningen.de\/handball\/wp-json\/wp\/v2\/pages\/26\/revisions\/30082"}],"up":[{"embeddable":true,"href":"https:\/\/tsv-heiningen.de\/handball\/wp-json\/wp\/v2\/pages\/14"}],"wp:featuredmedia":[{"embeddable":true,"href":"https:\/\/tsv-heiningen.de\/handball\/wp-json\/wp\/v2\/media\/28086"}],"wp:attachment":[{"href":"https:\/\/tsv-heiningen.de\/handball\/wp-json\/wp\/v2\/media?parent=26"}],"curies":[{"name":"wp","href":"https:\/\/api.w.org\/{rel}","templated":true}]}}