{"id":24891,"date":"2022-10-12T21:28:18","date_gmt":"2022-10-12T19:28:18","guid":{"rendered":"https:\/\/tsv-heiningen.de\/handball\/?page_id=24891"},"modified":"2026-02-28T09:01:12","modified_gmt":"2026-02-28T08:01:12","slug":"live-uebertragung","status":"publish","type":"page","link":"https:\/\/tsv-heiningen.de\/handball\/live-uebertragung\/","title":{"rendered":"Live-\u00dcbertragungen"},"content":{"rendered":"<div class=\"wpb-content-wrapper\"><p>[vc_row][vc_column width=&#8220;1\/2&#8243;][vc_column_text css=&#8220;&#8220;]<\/p>\n<h2>Die gro\u00dfe B\u00fchne. F\u00fcr alle.<\/h2>\n<p>Live-Sport\u00fcbertragung auf Profi-Niveau. Der TSV Heiningen geht einen weiteren Schritt in Richtung Professionalit\u00e4t.<\/p>\n<p>&nbsp;<\/p>\n<hr \/>\n<h2><strong>TEAM Staren &#8211; M\u00e4nner 1<\/strong><\/h2>\n<hr \/>\n<p><strong>Sa. 07.03.2026 &#8211; 20:00 Uhr &#8211; Voralbhalle &#8211; Regionalliga M\u00e4nner<\/strong><\/p>\n<p><a href=\"https:\/\/staige.tv\/video\/528844\" target=\"_blank\" rel=\"noopener\"><strong>TEAM_Staren_vs_HSG_Ostfildern<\/strong><\/a><\/p>\n<hr \/>\n<p><strong>Sa. 11.04.2026 &#8211; 20:00 Uhr &#8211; Voralbhalle &#8211; Regionalliga M\u00e4nner<\/strong><\/p>\n<p><a href=\"https:\/\/staige.tv\/video\/528845\" target=\"_blank\" rel=\"noopener\"><strong>TEAM_Staren_vs_TV_Neuhausen-Erms<\/strong><\/a><\/p>\n<hr \/>\n<p><strong>Sa. 25.04.2026 &#8211; 20:00 Uhr &#8211; Voralbhalle &#8211; Regionalliga M\u00e4nner<\/strong><\/p>\n<p><a href=\"https:\/\/staige.tv\/video\/528846\" target=\"_blank\" rel=\"noopener\"><strong>TEAM_Staren_vs_TSB_Schw\u00e4bisch-Gm\u00fcnd<\/strong><\/a><\/p>\n<hr \/>\n<p><img decoding=\"async\" class=\"size-full wp-image-27685\" src=\"https:\/\/tsv-heiningen.de\/handball\/wp-content\/uploads\/sites\/3\/M1_Kohnle_Plochingen_4.2024-1-scaled.jpg\" alt=\"\" width=\"2560\" height=\"1706\" srcset=\"https:\/\/tsv-heiningen.de\/handball\/wp-content\/uploads\/sites\/3\/M1_Kohnle_Plochingen_4.2024-1-scaled.jpg 1621w, https:\/\/tsv-heiningen.de\/handball\/wp-content\/uploads\/sites\/3\/M1_Kohnle_Plochingen_4.2024-1-768x512.jpg 768w, https:\/\/tsv-heiningen.de\/handball\/wp-content\/uploads\/sites\/3\/M1_Kohnle_Plochingen_4.2024-1-1536x1024.jpg 1536w, https:\/\/tsv-heiningen.de\/handball\/wp-content\/uploads\/sites\/3\/M1_Kohnle_Plochingen_4.2024-1-2048x1365.jpg 2048w\" sizes=\"(max-width: 2560px) 100vw, 2560px\" \/>[\/vc_column_text][\/vc_column][vc_column width=&#8220;1\/2&#8243;][vc_column_text css=&#8220;&#8220;]<\/p>\n<h2>STAIGE.TV macht`s m\u00f6glich!<\/h2>\n<p>K\u00fcnftig werden die Heimspiele unserer Leistungsteams TEAM Staren (M\u00e4nner 1) sowie unserer Bonitas (Frauen 1) per Video-Livestream und in Full HD in die Wohnzimmer der Fans \u00fcbertragen.<\/p>\n<hr \/>\n<h2><strong>Bonitas &#8211; Frauen 1<\/strong><\/h2>\n<hr \/>\n<p><strong>Sa. 07.03.2026 &#8211; 17:45 Uhr &#8211; Voralbhalle &#8211; Oberliga Frauen<\/strong><\/p>\n<p><a href=\"https:\/\/staige.tv\/video\/524390\" target=\"_blank\" rel=\"noopener\"><strong>Bonitas_vs_HB_Kinzigtal<\/strong><\/a><\/p>\n<hr \/>\n<p><strong>Sa. 04.04.2026 &#8211; 17:45 Uhr &#8211; Voralbhalle &#8211; Oberliga Frauen<\/strong><\/p>\n<p><a href=\"https:\/\/staige.tv\/video\/524391\" target=\"_blank\" rel=\"noopener\"><strong>Bonitas_vs_VfL_Pfullingen<\/strong><\/a><\/p>\n<hr \/>\n<p><strong>Sa. 11.04.2026 &#8211; 17:45 Uhr &#8211; Voralbhalle &#8211; Oberliga Frauen<\/strong><\/p>\n<p><a href=\"https:\/\/staige.tv\/video\/524392\" target=\"_blank\" rel=\"noopener\"><strong>Bonitas_vs_SG_H2KU-Herrenberg<\/strong><\/a><\/p>\n<hr \/>\n<p>[\/vc_column_text][vc_row_inner][vc_column_inner][\/vc_column_inner][\/vc_row_inner][\/vc_column][vc_column][\/vc_column][vc_column][\/vc_column][vc_column][\/vc_column][\/vc_row][vc_row][vc_column][\/vc_column][\/vc_row]<\/p>\n<\/div>","protected":false},"excerpt":{"rendered":"<p>[vc_row][vc_column width=&#8220;1\/2&#8243;][vc_column_text css=&#8220;&#8220;] Die gro\u00dfe B\u00fchne. F\u00fcr alle. Live-Sport\u00fcbertragung auf Profi-Niveau. Der TSV Heiningen geht einen weiteren Schritt in Richtung Professionalit\u00e4t. &nbsp; TEAM Staren &#8211; M\u00e4nner 1 Sa. 07.03.2026 &#8211; 20:00 Uhr &#8211; Voralbhalle &#8211; Regionalliga M\u00e4nner TEAM_Staren_vs_HSG_Ostfildern Sa. 11.04.2026 &#8211; 20:00 Uhr &#8211; Voralbhalle &#8211; Regionalliga M\u00e4nner TEAM_Staren_vs_TV_Neuhausen-Erms Sa. 25.04.2026 &#8211; 20:00 Uhr &#8211; [&hellip;]<\/p>\n","protected":false},"author":31,"featured_media":15245,"parent":0,"menu_order":1,"comment_status":"closed","ping_status":"closed","template":"","meta":{"_acf_changed":false,"footnotes":""},"class_list":["post-24891","page","type-page","status-publish","has-post-thumbnail","hentry"],"acf":[],"_links":{"self":[{"href":"https:\/\/tsv-heiningen.de\/handball\/wp-json\/wp\/v2\/pages\/24891","targetHints":{"allow":["GET"]}}],"collection":[{"href":"https:\/\/tsv-heiningen.de\/handball\/wp-json\/wp\/v2\/pages"}],"about":[{"href":"https:\/\/tsv-heiningen.de\/handball\/wp-json\/wp\/v2\/types\/page"}],"author":[{"embeddable":true,"href":"https:\/\/tsv-heiningen.de\/handball\/wp-json\/wp\/v2\/users\/31"}],"replies":[{"embeddable":true,"href":"https:\/\/tsv-heiningen.de\/handball\/wp-json\/wp\/v2\/comments?post=24891"}],"version-history":[{"count":97,"href":"https:\/\/tsv-heiningen.de\/handball\/wp-json\/wp\/v2\/pages\/24891\/revisions"}],"predecessor-version":[{"id":30114,"href":"https:\/\/tsv-heiningen.de\/handball\/wp-json\/wp\/v2\/pages\/24891\/revisions\/30114"}],"wp:featuredmedia":[{"embeddable":true,"href":"https:\/\/tsv-heiningen.de\/handball\/wp-json\/wp\/v2\/media\/15245"}],"wp:attachment":[{"href":"https:\/\/tsv-heiningen.de\/handball\/wp-json\/wp\/v2\/media?parent=24891"}],"curies":[{"name":"wp","href":"https:\/\/api.w.org\/{rel}","templated":true}]}}