{"id":22210,"date":"2020-09-13T21:16:03","date_gmt":"2020-09-13T19:16:03","guid":{"rendered":"https:\/\/tsv-heiningen.de\/handball\/?page_id=22210"},"modified":"2024-08-22T17:55:14","modified_gmt":"2024-08-22T15:55:14","slug":"super-minis","status":"publish","type":"page","link":"https:\/\/tsv-heiningen.de\/handball\/teams\/super-minis\/","title":{"rendered":"Super Minis"},"content":{"rendered":"<p><img decoding=\"async\" class=\"alignnone wp-image-28081 size-full\" src=\"https:\/\/tsv-heiningen.de\/handball\/wp-content\/uploads\/sites\/3\/SuperMinis_Mannschaftsfoto_2024.jpg\" alt=\"\" width=\"978\" height=\"596\" srcset=\"https:\/\/tsv-heiningen.de\/handball\/wp-content\/uploads\/sites\/3\/SuperMinis_Mannschaftsfoto_2024.jpg 978w, https:\/\/tsv-heiningen.de\/handball\/wp-content\/uploads\/sites\/3\/SuperMinis_Mannschaftsfoto_2024-768x468.jpg 768w\" sizes=\"(max-width: 978px) 100vw, 978px\" \/><\/p>\n<p><strong>Hinten von links:<\/strong> Trainerin Corina Rapp, Trainerin Eva Scheu, Hugo Gueinzius, Celine M\u00e4rz, Lena Hagmann, Joris Klieber, Paulina Hartmann, Noel Gebler, Trainerin Moni Schneidereit<\/p>\n<p>Mitte von links: Aaron Arndt, Nora Scheu, Milana Hartmann, Joshua Gr\u00fcn, Nora Zimmermann<\/p>\n<p><strong>Vorne von links:<\/strong> Lara Scheu, Vincent Haas, Summer Rieker, Nora Rapp, Malte Kallinger, Roland Seitz, Benson M\u00fchlh\u00e4u\u00dfer, Lorraine Kern<\/p>\n<p><strong>Es fehlen:<\/strong> Clara Epping, Sina Hagmann, Tom Heinzmann, Emily Bachhoffer, Charlotte Hofer, Mick Gruber, Ludwig Buchmaier, Paul Mutschler, Milas Geiger, Mavie Lenard, Carolin Kuzak, Kimiya Kiseljak, Trainerin Madita Eitle<\/p>\n<hr \/>\n<p>Spielplan Super-Minis (Pdf.-Datei)<\/p>\n<hr \/>\n<p>&nbsp;<\/p>\n","protected":false},"excerpt":{"rendered":"<p>Hinten von links: Trainerin Corina Rapp, Trainerin Eva Scheu, Hugo Gueinzius, Celine M\u00e4rz, Lena Hagmann, Joris Klieber, Paulina Hartmann, Noel Gebler, Trainerin Moni Schneidereit Mitte von links: Aaron Arndt, Nora Scheu, Milana Hartmann, Joshua Gr\u00fcn, Nora Zimmermann Vorne von links: Lara Scheu, Vincent Haas, Summer Rieker, Nora Rapp, Malte Kallinger, Roland Seitz, Benson M\u00fchlh\u00e4u\u00dfer, Lorraine [&hellip;]<\/p>\n","protected":false},"author":31,"featured_media":24531,"parent":14,"menu_order":28,"comment_status":"closed","ping_status":"closed","template":"\/templates\/team-custom.php","meta":{"_acf_changed":false,"footnotes":""},"class_list":["post-22210","page","type-page","status-publish","has-post-thumbnail","hentry"],"acf":[],"_links":{"self":[{"href":"https:\/\/tsv-heiningen.de\/handball\/wp-json\/wp\/v2\/pages\/22210","targetHints":{"allow":["GET"]}}],"collection":[{"href":"https:\/\/tsv-heiningen.de\/handball\/wp-json\/wp\/v2\/pages"}],"about":[{"href":"https:\/\/tsv-heiningen.de\/handball\/wp-json\/wp\/v2\/types\/page"}],"author":[{"embeddable":true,"href":"https:\/\/tsv-heiningen.de\/handball\/wp-json\/wp\/v2\/users\/31"}],"replies":[{"embeddable":true,"href":"https:\/\/tsv-heiningen.de\/handball\/wp-json\/wp\/v2\/comments?post=22210"}],"version-history":[{"count":11,"href":"https:\/\/tsv-heiningen.de\/handball\/wp-json\/wp\/v2\/pages\/22210\/revisions"}],"predecessor-version":[{"id":28119,"href":"https:\/\/tsv-heiningen.de\/handball\/wp-json\/wp\/v2\/pages\/22210\/revisions\/28119"}],"up":[{"embeddable":true,"href":"https:\/\/tsv-heiningen.de\/handball\/wp-json\/wp\/v2\/pages\/14"}],"wp:featuredmedia":[{"embeddable":true,"href":"https:\/\/tsv-heiningen.de\/handball\/wp-json\/wp\/v2\/media\/24531"}],"wp:attachment":[{"href":"https:\/\/tsv-heiningen.de\/handball\/wp-json\/wp\/v2\/media?parent=22210"}],"curies":[{"name":"wp","href":"https:\/\/api.w.org\/{rel}","templated":true}]}}