{"id":22205,"date":"2020-09-13T08:39:13","date_gmt":"2020-09-13T06:39:13","guid":{"rendered":"https:\/\/tsv-heiningen.de\/handball\/?page_id=22205"},"modified":"2025-08-17T09:02:02","modified_gmt":"2025-08-17T07:02:02","slug":"f-jugend","status":"publish","type":"page","link":"https:\/\/tsv-heiningen.de\/handball\/teams\/f-jugend\/","title":{"rendered":"F- Jugend"},"content":{"rendered":"<h2>F- Jugend 1 &#8211; Jahrgang 2017<\/h2>\n<p><img decoding=\"async\" class=\"alignnone size-full wp-image-29323\" src=\"https:\/\/tsv-heiningen.de\/handball\/wp-content\/uploads\/sites\/3\/2025_Teamfoto_F17.jpg\" alt=\"\" width=\"1367\" height=\"846\" srcset=\"https:\/\/tsv-heiningen.de\/handball\/wp-content\/uploads\/sites\/3\/2025_Teamfoto_F17.jpg 1367w, https:\/\/tsv-heiningen.de\/handball\/wp-content\/uploads\/sites\/3\/2025_Teamfoto_F17-768x475.jpg 768w\" sizes=\"(max-width: 1367px) 100vw, 1367px\" \/><\/p>\n<hr \/>\n<p><strong>Hinten von links:<\/strong> Trainerin Jessi Br\u00e4unle, Paul Ziegelin, Celine M\u00e4rz, Lena Hagmann, Mia Micko, Louis Kalik, Jakob H\u00f6fl e, Trainerinnen Vicky Philipp und Corina Rapp<br \/>\n<strong>Mitte von links:<\/strong> Nele Eitle, Carlota Rothfu\u00df, Sarah Ranic, David Weselek, Frieda Eckle, Henry de Sousa Freitas, Matti Freitag, Moritz Landsfried<br \/>\n<strong>Vorne von links:<\/strong> Trainerin Moni Schneidereit, Sina Hagmann, Lotta Hettmank, Ida G\u00f6tz, Sina Pank, Marie M\u00fcnkle, Evi Akardere, Ben Bartoleit, Matti Bartoleit,<br \/>\nFinn Philipp, Trainerin Babette Rapp<br \/>\n<strong>Es fehlen:<\/strong> Alea Ehni, Nora Scheu<\/p>\n<hr \/>\n<h2>F- Jugend 2 &#8211; Jahrgang 2018<\/h2>\n<p><img decoding=\"async\" class=\"alignnone size-full wp-image-29322\" src=\"https:\/\/tsv-heiningen.de\/handball\/wp-content\/uploads\/sites\/3\/2025_Teamfoto_F18.jpg\" alt=\"\" width=\"1368\" height=\"846\" srcset=\"https:\/\/tsv-heiningen.de\/handball\/wp-content\/uploads\/sites\/3\/2025_Teamfoto_F18.jpg 1368w, https:\/\/tsv-heiningen.de\/handball\/wp-content\/uploads\/sites\/3\/2025_Teamfoto_F18-768x475.jpg 768w\" sizes=\"(max-width: 1368px) 100vw, 1368px\" \/><\/p>\n<hr \/>\n<p><strong>Hinten von links:<\/strong> Trainerin Jessi Br\u00e4unle, Summer Rieker, Aaron Arndt, Mick Gruber, Nico B\u00f6hm, Milana Hartmann, Noel Gebler, Nora Rapp, Trainerin Vicky Philipp,<br \/>\nTrainerin Corina Rapp<br \/>\n<strong>Vorne von links:<\/strong> Trainerin Moni Schneidereit, Emily Bachhoffer, Tom Heinzmann, Nora Zimmermann, Jona Sch\u00e4fer, Paulina Hartmann, Charlotte Hofer, Lorraine Kern,<br \/>\nTrainerin Babette Rapp<br \/>\n<strong>Es fehlt:<\/strong> Hugo Gueinzius<\/p>\n<hr \/>\n<h4><a href=\"https:\/\/www.handball.net\/mannschaften\/handball4all.baden-wuerttemberg.1368891\/spielplan?dateFrom=2025-07-01&amp;dateTo=2026-06-30\" target=\"_blank\" rel=\"noopener\"><strong>F1 (4+1): Spielplan &amp; Tabelle (Handball.net<\/strong><strong>)<\/strong><\/a><\/h4>\n<h4><a href=\"https:\/\/www.handball.net\/mannschaften\/handball4all.baden-wuerttemberg.1368986\/spielplan?dateFrom=2025-07-01&amp;dateTo=2026-06-30\" target=\"_blank\" rel=\"noopener\"><strong>F2 (4+1): Spielplan &amp; Tabelle (Handball.net<\/strong><strong>)<\/strong><\/a><\/h4>\n<h4><a href=\"https:\/\/www.handball.net\/mannschaften\/handball4all.baden-wuerttemberg.1369691\/spielplan?dateFrom=2025-07-01&amp;dateTo=2026-06-30\" target=\"_blank\" rel=\"noopener\"><strong>F3 (3+1) (: Spielplan &amp; Tabelle (Handball.net<\/strong><strong>)<\/strong><\/a><\/h4>\n<p><strong>2025-2026_Spieltermine_F-Jugend (Pdf.- Datei)<\/strong><\/p>\n<hr \/>\n<p>&nbsp;<\/p>\n","protected":false},"excerpt":{"rendered":"<p>F- Jugend 1 &#8211; Jahrgang 2017 Hinten von links: Trainerin Jessi Br\u00e4unle, Paul Ziegelin, Celine M\u00e4rz, Lena Hagmann, Mia Micko, Louis Kalik, Jakob H\u00f6fl e, Trainerinnen Vicky Philipp und Corina Rapp Mitte von links: Nele Eitle, Carlota Rothfu\u00df, Sarah Ranic, David Weselek, Frieda Eckle, Henry de Sousa Freitas, Matti Freitag, Moritz Landsfried Vorne von links: [&hellip;]<\/p>\n","protected":false},"author":31,"featured_media":15245,"parent":14,"menu_order":23,"comment_status":"closed","ping_status":"closed","template":"\/templates\/team-custom.php","meta":{"_acf_changed":false,"footnotes":""},"class_list":["post-22205","page","type-page","status-publish","has-post-thumbnail","hentry"],"acf":[],"_links":{"self":[{"href":"https:\/\/tsv-heiningen.de\/handball\/wp-json\/wp\/v2\/pages\/22205","targetHints":{"allow":["GET"]}}],"collection":[{"href":"https:\/\/tsv-heiningen.de\/handball\/wp-json\/wp\/v2\/pages"}],"about":[{"href":"https:\/\/tsv-heiningen.de\/handball\/wp-json\/wp\/v2\/types\/page"}],"author":[{"embeddable":true,"href":"https:\/\/tsv-heiningen.de\/handball\/wp-json\/wp\/v2\/users\/31"}],"replies":[{"embeddable":true,"href":"https:\/\/tsv-heiningen.de\/handball\/wp-json\/wp\/v2\/comments?post=22205"}],"version-history":[{"count":11,"href":"https:\/\/tsv-heiningen.de\/handball\/wp-json\/wp\/v2\/pages\/22205\/revisions"}],"predecessor-version":[{"id":29385,"href":"https:\/\/tsv-heiningen.de\/handball\/wp-json\/wp\/v2\/pages\/22205\/revisions\/29385"}],"up":[{"embeddable":true,"href":"https:\/\/tsv-heiningen.de\/handball\/wp-json\/wp\/v2\/pages\/14"}],"wp:featuredmedia":[{"embeddable":true,"href":"https:\/\/tsv-heiningen.de\/handball\/wp-json\/wp\/v2\/media\/15245"}],"wp:attachment":[{"href":"https:\/\/tsv-heiningen.de\/handball\/wp-json\/wp\/v2\/media?parent=22205"}],"curies":[{"name":"wp","href":"https:\/\/api.w.org\/{rel}","templated":true}]}}