{"id":20954,"date":"2019-12-02T19:42:00","date_gmt":"2019-12-02T18:42:00","guid":{"rendered":"https:\/\/tsv-heiningen.de\/handball\/?page_id=20954"},"modified":"2024-10-24T18:44:58","modified_gmt":"2024-10-24T16:44:58","slug":"foerderverein-handball-heiningen","status":"publish","type":"page","link":"https:\/\/tsv-heiningen.de\/handball\/foerderverein-handball-heiningen\/","title":{"rendered":"F\u00f6rderverein"},"content":{"rendered":"<div class=\"wpb-content-wrapper\"><p>[vc_row][vc_column][vc_row_inner][vc_column_inner][vc_column_text css=&#8220;&#8220;]<\/p>\n<h2 class=\"page-header\">HAND IN HAND\u2026<\/h2>\n<h4>werden aus kleinen Talenten GROSSE Spieler! (<a href=\"https:\/\/tsv-heiningen.de\/handball\/wp-content\/uploads\/sites\/3\/Foerderverein_Flyer_2024.pdf\">Link zum Flyer<\/a>)<\/h4>\n<p>[\/vc_column_text][vc_column_text]<\/p>\n<h2>Was wollen wir?<\/h2>\n<p>Wir wollen m\u00f6glichst vielen Kindern, Jugendlichen und Erwachsenen die M\u00f6glichkeit bieten, Handball in Heiningen zu spielen und zu erleben. Der Verein hat sich zum Ziel gesetzt, die Arbeit im TSV Heiningen 1892 e.V., ideel und finanziell zu unterst\u00fctzen.[\/vc_column_text][vc_column_text]<\/p>\n<h2>Was f\u00f6rdern wir?<\/h2>\n<p>Unterst\u00fctzung bei Veranstaltungen, die dem sportlichen und gesellschaftlichen Gemeinschaftssinn dienen. Hilfe bei Aus- und Weiterbildung der Trainer und \u00dcbungsleiter. Aufbau und Bindung von Talenten f\u00fcr die aktiven Leistungsteams, Leistungsoptimierung und F\u00f6rdertrainings.[\/vc_column_text][\/vc_column_inner][\/vc_row_inner][vc_row_inner][vc_column_inner]<div class='dt-sc-title border-title '><h2>Die Vorstandschaft<\/h2><\/div>[\/vc_column_inner][vc_column_inner width=&#8220;1\/4&#8243;][vc_single_image image=&#8220;28495&#8243; img_size=&#8220;full&#8220; css=&#8220;&#8220;][vc_column_text css=&#8220;&#8220;]<\/p>\n<p style=\"text-align: center;\"><strong>Patrick H\u00e4delt<\/strong><br \/>\nVorsitzender<\/p>\n<p>[\/vc_column_text][\/vc_column_inner][vc_column_inner width=&#8220;1\/4&#8243;][vc_single_image image=&#8220;28499&#8243; img_size=&#8220;full&#8220; css=&#8220;&#8220;][vc_column_text css=&#8220;&#8220;]<\/p>\n<p style=\"text-align: center;\"><strong>J\u00fcrgen Ladwig<\/strong><br \/>\nStv.Vorsitzender<\/p>\n<p>[\/vc_column_text][\/vc_column_inner][vc_column_inner width=&#8220;1\/4&#8243;][vc_single_image image=&#8220;28497&#8243; img_size=&#8220;full&#8220; css=&#8220;&#8220;][vc_column_text]<\/p>\n<p style=\"text-align: center;\"><strong>Dennis Br\u00e4unle<\/strong><br \/>\nKassierer<\/p>\n<p>[\/vc_column_text][\/vc_column_inner][\/vc_row_inner][vc_row_inner css=&#8220;.vc_custom_1684159760252{margin-top: 50px !important;margin-bottom: 50px !important;}&#8220;][vc_column_inner]<div class='dt-sc-title border-title '><h2>Die Kategorien<\/h2><\/div>[\/vc_column_inner][vc_column_inner width=&#8220;1\/3&#8243;]<div class='dt-sc-image-caption type9 '><a href=\"https:\/\/tsv-heiningen.de\/handball\/wp-content\/uploads\/sites\/3\/2024_Beitrittserklaerung_Foerderverein_Handball-1.pdf\" target=\"_self\" title=\"\"><div class='dt-sc-image-wrapper'><img decoding=\"async\" width=\"470\" height=\"312\" src=\"https:\/\/tsv-heiningen.de\/handball\/wp-content\/uploads\/sites\/3\/Gold_F\u00f6rderer_01.png\" class=\"attachment-full\" alt=\"\" title=\"Gold_F\u00f6rderer_01\" srcset=\"https:\/\/tsv-heiningen.de\/handball\/wp-content\/uploads\/sites\/3\/Gold_F\u00f6rderer_01.png 470w, https:\/\/tsv-heiningen.de\/handball\/wp-content\/uploads\/sites\/3\/Gold_F\u00f6rderer_01-293x195.png 293w, https:\/\/tsv-heiningen.de\/handball\/wp-content\/uploads\/sites\/3\/Gold_F\u00f6rderer_01-300x199.png 300w\" sizes=\"(max-width: 470px) 100vw, 470px\" \/><div class=\"dt-sc-image-overlay\" style=\"background:rgba(0, 0, 0, 0.8)\"><p><\/p><\/div><\/div><div class='dt-sc-image-content'><div class='dt-sc-image-title'><h3><a href=\"https:\/\/tsv-heiningen.de\/handball\/wp-content\/uploads\/sites\/3\/2024_Beitrittserklaerung_Foerderverein_Handball-1.pdf\" target=\"_self\">Jahresbeitrag 30,00\u20ac<\/a><\/h3><h6>erbetene Spende 240,00\u20ac<\/h6><\/div><\/div><\/div>[\/vc_column_inner][vc_column_inner width=&#8220;1\/3&#8243;]<div class='dt-sc-image-caption type9 '><a href=\"https:\/\/tsv-heiningen.de\/handball\/wp-content\/uploads\/sites\/3\/2024_Beitrittserklaerung_Foerderverein_Handball-1.pdf\" target=\"_self\" title=\"\"><div class='dt-sc-image-wrapper'><img decoding=\"async\" width=\"470\" height=\"312\" src=\"https:\/\/tsv-heiningen.de\/handball\/wp-content\/uploads\/sites\/3\/Silber_F\u00f6rderer_01.png\" class=\"attachment-full\" alt=\"\" title=\"Silber_F\u00f6rderer_01\" srcset=\"https:\/\/tsv-heiningen.de\/handball\/wp-content\/uploads\/sites\/3\/Silber_F\u00f6rderer_01.png 470w, https:\/\/tsv-heiningen.de\/handball\/wp-content\/uploads\/sites\/3\/Silber_F\u00f6rderer_01-293x195.png 293w, https:\/\/tsv-heiningen.de\/handball\/wp-content\/uploads\/sites\/3\/Silber_F\u00f6rderer_01-300x199.png 300w\" sizes=\"(max-width: 470px) 100vw, 470px\" \/><div class=\"dt-sc-image-overlay\" style=\"background:rgba(0, 0, 0, 0.8)\"><p><\/p><\/div><\/div><div class='dt-sc-image-content'><div class='dt-sc-image-title'><h3><a href=\"https:\/\/tsv-heiningen.de\/handball\/wp-content\/uploads\/sites\/3\/2024_Beitrittserklaerung_Foerderverein_Handball-1.pdf\" target=\"_self\">Jahresbeitrag 30,00\u20ac<\/a><\/h3><h6>erbetene Spende 130,00\u20ac<\/h6><\/div><\/div><\/div>[\/vc_column_inner][vc_column_inner width=&#8220;1\/3&#8243;]<div class='dt-sc-image-caption type9 '><a href=\"https:\/\/tsv-heiningen.de\/handball\/wp-content\/uploads\/sites\/3\/2024_Beitrittserklaerung_Foerderverein_Handball-1.pdf\" target=\"_self\" title=\"\"><div class='dt-sc-image-wrapper'><img decoding=\"async\" width=\"470\" height=\"312\" src=\"https:\/\/tsv-heiningen.de\/handball\/wp-content\/uploads\/sites\/3\/Jugend_F\u00f6rderer_01.png\" class=\"attachment-full\" alt=\"\" title=\"Jugend_F\u00f6rderer_01\" srcset=\"https:\/\/tsv-heiningen.de\/handball\/wp-content\/uploads\/sites\/3\/Jugend_F\u00f6rderer_01.png 470w, https:\/\/tsv-heiningen.de\/handball\/wp-content\/uploads\/sites\/3\/Jugend_F\u00f6rderer_01-293x195.png 293w, https:\/\/tsv-heiningen.de\/handball\/wp-content\/uploads\/sites\/3\/Jugend_F\u00f6rderer_01-300x199.png 300w\" sizes=\"(max-width: 470px) 100vw, 470px\" \/><div class=\"dt-sc-image-overlay\" style=\"background:rgba(0, 0, 0, 0.8)\"><p><\/p><\/div><\/div><div class='dt-sc-image-content'><div class='dt-sc-image-title'><h3><a href=\"https:\/\/tsv-heiningen.de\/handball\/wp-content\/uploads\/sites\/3\/2024_Beitrittserklaerung_Foerderverein_Handball-1.pdf\" target=\"_self\">Jahresbeitrag 30,00\u20ac<\/a><\/h3><\/div><\/div><\/div>[\/vc_column_inner][\/vc_row_inner][vc_row_inner][vc_column_inner][vc_column_text]<\/p>\n<h2>Unsere Aktivit\u00e4ten<\/h2>\n<ul>\n<li>F\u00f6rdervereinstombola<\/li>\n<li>Unterst\u00fctzung der Handballcamps<\/li>\n<li>Bereitstellung Vereinsbus<\/li>\n<li>Finanzielle Unterst\u00fctzung<\/li>\n<\/ul>\n<p>[\/vc_column_text][vc_column_text css=&#8220;&#8220;]<\/p>\n<h2>Mitgliedsantrag<\/h2>\n<p>Hier geht`s zum Antrag: <strong><a href=\"https:\/\/tsv-heiningen.de\/handball\/wp-content\/uploads\/sites\/3\/2024_Beitrittserklaerung_Foerderverein_Handball-1.pdf\">Beitrittserkl\u00e4rung F\u00f6rderverein Handball<\/a><\/strong>[\/vc_column_text][vc_column_text css=&#8220;&#8220;]<\/p>\n<h2>Kontakt \/ Anschrift F\u00f6rderverein:<\/h2>\n<p>Patrick H\u00e4delt (1. Vorsitzender)<\/p>\n<p>Tel. 07161 &#8211; 15 64687<\/p>\n<p>Mail:\u00a0<a href=\"mailto:foerderverein.handball@testing.tsv-heiningen.de\">foerderverein.handball@tsv-heiningen.de<\/a><\/p>\n<p>Postanschrift: Daimlerstra\u00dfe 8 &#8211; 73107 Eschenbach[\/vc_column_text][\/vc_column_inner][\/vc_row_inner][\/vc_column][\/vc_row]<\/p>\n<\/div>","protected":false},"excerpt":{"rendered":"<p>[vc_row][vc_column][vc_row_inner][vc_column_inner][vc_column_text css=&#8220;&#8220;] HAND IN HAND\u2026 werden aus kleinen Talenten GROSSE Spieler! (Link zum Flyer) [\/vc_column_text][vc_column_text] Was wollen wir? Wir wollen m\u00f6glichst vielen Kindern, Jugendlichen und Erwachsenen die M\u00f6glichkeit bieten, Handball in Heiningen zu spielen und zu erleben. Der Verein hat sich zum Ziel gesetzt, die Arbeit im TSV Heiningen 1892 e.V., ideel und finanziell zu [&hellip;]<\/p>\n","protected":false},"author":31,"featured_media":15245,"parent":0,"menu_order":7,"comment_status":"closed","ping_status":"closed","template":"","meta":{"_acf_changed":false,"footnotes":""},"class_list":["post-20954","page","type-page","status-publish","has-post-thumbnail","hentry"],"acf":[],"_links":{"self":[{"href":"https:\/\/tsv-heiningen.de\/handball\/wp-json\/wp\/v2\/pages\/20954","targetHints":{"allow":["GET"]}}],"collection":[{"href":"https:\/\/tsv-heiningen.de\/handball\/wp-json\/wp\/v2\/pages"}],"about":[{"href":"https:\/\/tsv-heiningen.de\/handball\/wp-json\/wp\/v2\/types\/page"}],"author":[{"embeddable":true,"href":"https:\/\/tsv-heiningen.de\/handball\/wp-json\/wp\/v2\/users\/31"}],"replies":[{"embeddable":true,"href":"https:\/\/tsv-heiningen.de\/handball\/wp-json\/wp\/v2\/comments?post=20954"}],"version-history":[{"count":111,"href":"https:\/\/tsv-heiningen.de\/handball\/wp-json\/wp\/v2\/pages\/20954\/revisions"}],"predecessor-version":[{"id":28505,"href":"https:\/\/tsv-heiningen.de\/handball\/wp-json\/wp\/v2\/pages\/20954\/revisions\/28505"}],"wp:featuredmedia":[{"embeddable":true,"href":"https:\/\/tsv-heiningen.de\/handball\/wp-json\/wp\/v2\/media\/15245"}],"wp:attachment":[{"href":"https:\/\/tsv-heiningen.de\/handball\/wp-json\/wp\/v2\/media?parent=20954"}],"curies":[{"name":"wp","href":"https:\/\/api.w.org\/{rel}","templated":true}]}}