{"id":20257,"date":"2019-10-21T20:33:47","date_gmt":"2019-10-21T18:33:47","guid":{"rendered":"https:\/\/tsv-heiningen.de\/handball\/?page_id=20257"},"modified":"2024-05-25T07:31:12","modified_gmt":"2024-05-25T05:31:12","slug":"star-ag-an-der-grundschule-heiningen","status":"publish","type":"page","link":"https:\/\/tsv-heiningen.de\/handball\/star-ag-an-der-grundschule-heiningen\/","title":{"rendered":"Schulkooperationen"},"content":{"rendered":"<p><img decoding=\"async\" class=\"alignnone wp-image-20296 size-large\" src=\"https:\/\/tsv-heiningen.de\/handball\/wp-content\/uploads\/sites\/3\/Star-AG-Schriftzug_wei\u00df-1-1024x328.png\" alt=\"\" width=\"1024\" height=\"328\" srcset=\"https:\/\/tsv-heiningen.de\/handball\/wp-content\/uploads\/sites\/3\/Star-AG-Schriftzug_wei\u00df-1-1024x328.png 1024w, https:\/\/tsv-heiningen.de\/handball\/wp-content\/uploads\/sites\/3\/Star-AG-Schriftzug_wei\u00df-1-293x94.png 293w, https:\/\/tsv-heiningen.de\/handball\/wp-content\/uploads\/sites\/3\/Star-AG-Schriftzug_wei\u00df-1-300x96.png 300w, https:\/\/tsv-heiningen.de\/handball\/wp-content\/uploads\/sites\/3\/Star-AG-Schriftzug_wei\u00df-1-768x246.png 768w, https:\/\/tsv-heiningen.de\/handball\/wp-content\/uploads\/sites\/3\/Star-AG-Schriftzug_wei\u00df-1.png 1250w\" sizes=\"(max-width: 1024px) 100vw, 1024px\" \/><\/p>\n<hr \/>\n<h4>Mammutprogramm f\u00fcr die ehrenamtlichen Helferinnen und Helfer des TSV Heiningen \u2013 Handball<\/h4>\n<p>Der TSV Heiningen nimmt j\u00e4hrlich am HVW-Grundschulaktionstag teil.<\/p>\n<p>&nbsp;<\/p>\n<p>An folgenden Schulen hat der TSV bereits einen Grundschulaktionstag durchgef\u00fchrt:<\/p>\n<ul>\n<li>Grundschule Heiningen<\/li>\n<li>Grundschule Eschenbach<\/li>\n<li>Grundschule D\u00fcrnau \u2013 Gammelshausen<\/li>\n<li>Grundschule Bad Boll<\/li>\n<li>Grundschule Bezgenriet<\/li>\n<li>Grundschule Jebenhausen<\/li>\n<\/ul>\n<p>\u00dcber 200 Grundsch\u00fcler kommen in den Genuss die Sportart HANDBALL einmal selbst zu erleben.<\/p>\n<hr \/>\n<div id='gallery-1' class='gallery galleryid-20257 gallery-columns-3 gallery-size-large'><figure class='gallery-item'>\n\t\t\t<div class='gallery-icon landscape'>\n\t\t\t\t<a href='https:\/\/tsv-heiningen.de\/handball\/star-ag-an-der-grundschule-heiningen\/bezgenriet_gs-aktionstag_2022-3-1\/'><img decoding=\"async\" width=\"1440\" height=\"1080\" src=\"https:\/\/tsv-heiningen.de\/handball\/wp-content\/uploads\/sites\/3\/Bezgenriet_GS-Aktionstag_2022-3-1-1.jpeg\" class=\"attachment-large size-large\" alt=\"\" srcset=\"https:\/\/tsv-heiningen.de\/handball\/wp-content\/uploads\/sites\/3\/Bezgenriet_GS-Aktionstag_2022-3-1-1.jpeg 1440w, https:\/\/tsv-heiningen.de\/handball\/wp-content\/uploads\/sites\/3\/Bezgenriet_GS-Aktionstag_2022-3-1-1-768x576.jpeg 768w, https:\/\/tsv-heiningen.de\/handball\/wp-content\/uploads\/sites\/3\/Bezgenriet_GS-Aktionstag_2022-3-1-1-1536x1152.jpeg 1536w, https:\/\/tsv-heiningen.de\/handball\/wp-content\/uploads\/sites\/3\/Bezgenriet_GS-Aktionstag_2022-3-1-1-85x64.jpeg 85w\" sizes=\"(max-width: 1440px) 100vw, 1440px\" \/><\/a>\n\t\t\t<\/div><\/figure><figure class='gallery-item'>\n\t\t\t<div class='gallery-icon landscape'>\n\t\t\t\t<a href='https:\/\/tsv-heiningen.de\/handball\/star-ag-an-der-grundschule-heiningen\/bezgenriet_gs-aktionstag_2022-5-1\/'><img decoding=\"async\" width=\"1440\" height=\"1080\" src=\"https:\/\/tsv-heiningen.de\/handball\/wp-content\/uploads\/sites\/3\/Bezgenriet_GS-Aktionstag_2022-5-1-1.jpeg\" class=\"attachment-large size-large\" alt=\"\" srcset=\"https:\/\/tsv-heiningen.de\/handball\/wp-content\/uploads\/sites\/3\/\/Bezgenriet_GS-Aktionstag_2022-5-1-1.jpeg 1440w, https:\/\/tsv-heiningen.de\/handball\/wp-content\/uploads\/sites\/3\/\/Bezgenriet_GS-Aktionstag_2022-5-1-1-768x576.jpeg 768w, https:\/\/tsv-heiningen.de\/handball\/wp-content\/uploads\/sites\/3\/\/Bezgenriet_GS-Aktionstag_2022-5-1-1-1536x1152.jpeg 1536w, https:\/\/tsv-heiningen.de\/handball\/wp-content\/uploads\/sites\/3\/\/Bezgenriet_GS-Aktionstag_2022-5-1-1-85x64.jpeg 85w\" sizes=\"(max-width: 1440px) 100vw, 1440px\" \/><\/a>\n\t\t\t<\/div><\/figure><figure class='gallery-item'>\n\t\t\t<div class='gallery-icon landscape'>\n\t\t\t\t<a href='https:\/\/tsv-heiningen.de\/handball\/star-ag-an-der-grundschule-heiningen\/bezgenriet_gs-aktionstag_2022-8-1\/'><img decoding=\"async\" width=\"1440\" height=\"1080\" src=\"https:\/\/tsv-heiningen.de\/handball\/wp-content\/uploads\/sites\/3\/Bezgenriet_GS-Aktionstag_2022-8-1-1.jpeg\" class=\"attachment-large size-large\" alt=\"\" srcset=\"https:\/\/tsv-heiningen.de\/handball\/wp-content\/uploads\/sites\/3\/\/Bezgenriet_GS-Aktionstag_2022-8-1-1.jpeg 1440w, https:\/\/tsv-heiningen.de\/handball\/wp-content\/uploads\/sites\/3\/\/Bezgenriet_GS-Aktionstag_2022-8-1-1-768x576.jpeg 768w, https:\/\/tsv-heiningen.de\/handball\/wp-content\/uploads\/sites\/3\/\/Bezgenriet_GS-Aktionstag_2022-8-1-1-1536x1152.jpeg 1536w, https:\/\/tsv-heiningen.de\/handball\/wp-content\/uploads\/sites\/3\/\/Bezgenriet_GS-Aktionstag_2022-8-1-1-85x64.jpeg 85w\" sizes=\"(max-width: 1440px) 100vw, 1440px\" \/><\/a>\n\t\t\t<\/div><\/figure><figure class='gallery-item'>\n\t\t\t<div class='gallery-icon landscape'>\n\t\t\t\t<a href='https:\/\/tsv-heiningen.de\/handball\/star-ag-an-der-grundschule-heiningen\/gs-aktionstag_2022_eschenbach-1-1\/'><img decoding=\"async\" width=\"1200\" height=\"900\" src=\"https:\/\/tsv-heiningen.de\/handball\/wp-content\/uploads\/sites\/3\/GS-Aktionstag_2022_Eschenbach-1-1-1.jpg\" class=\"attachment-large size-large\" alt=\"\" srcset=\"https:\/\/tsv-heiningen.de\/handball\/wp-content\/uploads\/sites\/3\/\/GS-Aktionstag_2022_Eschenbach-1-1-1.jpg 1200w, https:\/\/tsv-heiningen.de\/handball\/wp-content\/uploads\/sites\/3\/\/GS-Aktionstag_2022_Eschenbach-1-1-1-768x576.jpg 768w, https:\/\/tsv-heiningen.de\/handball\/wp-content\/uploads\/sites\/3\/\/GS-Aktionstag_2022_Eschenbach-1-1-1-85x64.jpg 85w\" sizes=\"(max-width: 1200px) 100vw, 1200px\" \/><\/a>\n\t\t\t<\/div><\/figure><figure class='gallery-item'>\n\t\t\t<div class='gallery-icon landscape'>\n\t\t\t\t<a href='https:\/\/tsv-heiningen.de\/handball\/star-ag-an-der-grundschule-heiningen\/gs-aktionstag_2022_eschenbach-6-kopie-1\/'><img decoding=\"async\" width=\"1200\" height=\"900\" src=\"https:\/\/tsv-heiningen.de\/handball\/wp-content\/uploads\/sites\/3\/GS-Aktionstag_2022_Eschenbach-6-Kopie-1-1.jpg\" class=\"attachment-large size-large\" alt=\"\" srcset=\"https:\/\/tsv-heiningen.de\/handball\/wp-content\/uploads\/sites\/3\/\/GS-Aktionstag_2022_Eschenbach-6-Kopie-1-1.jpg 1200w, https:\/\/tsv-heiningen.de\/handball\/wp-content\/uploads\/sites\/3\/\/GS-Aktionstag_2022_Eschenbach-6-Kopie-1-1-768x576.jpg 768w, https:\/\/tsv-heiningen.de\/handball\/wp-content\/uploads\/sites\/3\/\/GS-Aktionstag_2022_Eschenbach-6-Kopie-1-1-85x64.jpg 85w\" sizes=\"(max-width: 1200px) 100vw, 1200px\" \/><\/a>\n\t\t\t<\/div><\/figure><figure class='gallery-item'>\n\t\t\t<div class='gallery-icon landscape'>\n\t\t\t\t<a href='https:\/\/tsv-heiningen.de\/handball\/star-ag-an-der-grundschule-heiningen\/gs-aktionstag_2022_eschenbach-7-kopie-1\/'><img decoding=\"async\" width=\"1440\" height=\"1080\" src=\"https:\/\/tsv-heiningen.de\/handball\/wp-content\/uploads\/sites\/3\/GS-Aktionstag_2022_Eschenbach-7-Kopie-1-1.jpg\" class=\"attachment-large size-large\" alt=\"\" srcset=\"https:\/\/tsv-heiningen.de\/handball\/wp-content\/uploads\/sites\/3\/\/GS-Aktionstag_2022_Eschenbach-7-Kopie-1-1.jpg 1440w, https:\/\/tsv-heiningen.de\/handball\/wp-content\/uploads\/sites\/3\/\/GS-Aktionstag_2022_Eschenbach-7-Kopie-1-1-768x576.jpg 768w, https:\/\/tsv-heiningen.de\/handball\/wp-content\/uploads\/sites\/3\/\/GS-Aktionstag_2022_Eschenbach-7-Kopie-1-1-85x64.jpg 85w\" sizes=\"(max-width: 1440px) 100vw, 1440px\" \/><\/a>\n\t\t\t<\/div><\/figure>\n\t\t<\/div>\n\n<hr \/>\n<h2>Was ist der Grundschulaktionstag?<\/h2>\n<p>Der Grundschulaktionstag des Deutschen Handballbundes (DHB) findet in einmal im Jahr, erstmals gemeinsam mit allen seinen Landesverb\u00e4nden statt. Im November ist es in Baden-W\u00fcrttemberg soweit und es herrscht \u201eGro\u00dfkampftag\u201c an den Grundschulen. \u201eMit der bundesweiten Aktion wollen wir eine noch h\u00f6here Strahlkraft f\u00fcr unsere Sportart Handball erreichen\u201c, erkl\u00e4rt Hans Artschwager (Hildrizhausen), DHB-Vize-Pr\u00e4sident und Sprecher der Landesverb\u00e4nde sowie Pr\u00e4sident des Handballverbandes W\u00fcrttemberg (HVW).<\/p>\n<p>Auch in Heiningen, Eschenbach, D\u00fcrnau\/Gammelshausen, Bad Boll, Bezgenriet und Jebenhausen fanden bereits Grundschulaktionstage statt. Im Jahr 2022 beteiligten sich \u00fcber 200 Sch\u00fclerinnen und Sch\u00fcler, die von den Mitgliedern der Handballabteilung des TSV Heiningen betreut werden. Aufgrund der Vielzahl von Schulen kann der Aktionstag nicht jedes Jahr an allen Schulen stattfinden.<\/p>\n<p>&nbsp;<\/p>\n<p>Ein gro\u00dfes Dankesch\u00f6n gilt daher den vielen flei\u00dfigen Helferinnen und Helfern des TSV Heiningen.<\/p>\n<p>Deutschlandweit nehmen am Grundschulaktionstag rund 200.000 Kinder aus \u00fcber 2.200 Grundschulen teil, in Baden-W\u00fcrttemberg, wo der Aktionstag mittlerweile zum zw\u00f6lften Mal durchgef\u00fchrt wird, haben sich etwa 30.000 Sch\u00fclerinnen und Sch\u00fcler aus 550 Schulen angemeldet. \u201eDamit liegen zirka ein Viertel aller teilnehmenden Grundschulen in Baden-W\u00fcrttemberg und es zeigt sich, dass die badischen und schw\u00e4bischen Lehrkr\u00e4fte hinter der Aktion stehen\u201c, freut sich Hans Artschwager: \u201eJede Schule die mitmacht, ist wieder eine Schule mehr, wo Handball platziert ist\u201c.<\/p>\n","protected":false},"excerpt":{"rendered":"<p>Mammutprogramm f\u00fcr die ehrenamtlichen Helferinnen und Helfer des TSV Heiningen \u2013 Handball Der TSV Heiningen nimmt j\u00e4hrlich am HVW-Grundschulaktionstag teil. &nbsp; An folgenden Schulen hat der TSV bereits einen Grundschulaktionstag durchgef\u00fchrt: Grundschule Heiningen Grundschule Eschenbach Grundschule D\u00fcrnau \u2013 Gammelshausen Grundschule Bad Boll Grundschule Bezgenriet Grundschule Jebenhausen \u00dcber 200 Grundsch\u00fcler kommen in den Genuss die Sportart [&hellip;]<\/p>\n","protected":false},"author":31,"featured_media":15245,"parent":0,"menu_order":7,"comment_status":"closed","ping_status":"closed","template":"","meta":{"_acf_changed":false,"footnotes":""},"class_list":["post-20257","page","type-page","status-publish","has-post-thumbnail","hentry"],"acf":[],"_links":{"self":[{"href":"https:\/\/tsv-heiningen.de\/handball\/wp-json\/wp\/v2\/pages\/20257","targetHints":{"allow":["GET"]}}],"collection":[{"href":"https:\/\/tsv-heiningen.de\/handball\/wp-json\/wp\/v2\/pages"}],"about":[{"href":"https:\/\/tsv-heiningen.de\/handball\/wp-json\/wp\/v2\/types\/page"}],"author":[{"embeddable":true,"href":"https:\/\/tsv-heiningen.de\/handball\/wp-json\/wp\/v2\/users\/31"}],"replies":[{"embeddable":true,"href":"https:\/\/tsv-heiningen.de\/handball\/wp-json\/wp\/v2\/comments?post=20257"}],"version-history":[{"count":20,"href":"https:\/\/tsv-heiningen.de\/handball\/wp-json\/wp\/v2\/pages\/20257\/revisions"}],"predecessor-version":[{"id":27842,"href":"https:\/\/tsv-heiningen.de\/handball\/wp-json\/wp\/v2\/pages\/20257\/revisions\/27842"}],"wp:featuredmedia":[{"embeddable":true,"href":"https:\/\/tsv-heiningen.de\/handball\/wp-json\/wp\/v2\/media\/15245"}],"wp:attachment":[{"href":"https:\/\/tsv-heiningen.de\/handball\/wp-json\/wp\/v2\/media?parent=20257"}],"curies":[{"name":"wp","href":"https:\/\/api.w.org\/{rel}","templated":true}]}}