{"id":16350,"date":"2013-10-31T17:15:38","date_gmt":"2013-10-31T15:15:38","guid":{"rendered":"http:\/\/heiningen-handball.de\/?page_id=957"},"modified":"2025-09-23T16:03:40","modified_gmt":"2025-09-23T14:03:40","slug":"c-jugend-maennlich-3","status":"publish","type":"page","link":"https:\/\/tsv-heiningen.de\/handball\/teams\/c-jugend-maennlich-3\/","title":{"rendered":"C-Jugend m\u00e4nnlich"},"content":{"rendered":"<h2>C-Jugend 1<\/h2>\n<p><strong><img decoding=\"async\" class=\"alignnone size-full wp-image-29329\" src=\"https:\/\/tsv-heiningen.de\/handball\/wp-content\/uploads\/sites\/3\/2025_Teamfoto_Cm1.jpg\" alt=\"\" width=\"1370\" height=\"849\" srcset=\"https:\/\/tsv-heiningen.de\/handball\/wp-content\/uploads\/sites\/3\/2025_Teamfoto_Cm1.jpg 1370w, https:\/\/tsv-heiningen.de\/handball\/wp-content\/uploads\/sites\/3\/2025_Teamfoto_Cm1-768x476.jpg 768w\" sizes=\"(max-width: 1370px) 100vw, 1370px\" \/><\/strong><\/p>\n<p><strong>Hinten von links:<\/strong> Adri\u00e1n Choya Sol\u00e9, Erik Neufert, Fabian Rapp, Felix Schuster<br \/>\n<strong>Mitte von links:<\/strong> Trainer Gerhard Sixl, Ben Klein, Lenn Sixl, Max Niedermeyer, Felix Rauch, Aaron Pank, Trainer Daniel Choya Sol\u00e9<br \/>\n<strong>Vorne von links:<\/strong> Hannes Forster, Linus Ahl, Erik H\u00e4nel, Ahmed Dado, Oskar Bohnacker, Gunar Grolmus<\/p>\n<hr \/>\n<h4><a href=\"https:\/\/www.handball.net\/mannschaften\/handball4all.baden-wuerttemberg.1335946\/spielplan?dateFrom=2025-07-01&amp;dateTo=2026-06-30\" target=\"_blank\" rel=\"noopener\"><strong>Spielplan &amp; Tabelle (Handball.net<\/strong><strong>)<\/strong><\/a><\/h4>\n<p><strong><a href=\"https:\/\/tsv-heiningen.de\/handball\/wp-content\/uploads\/sites\/3\/2025-2026_Spieltermin_C1-C2-Jugend_maennlich.pdf\">2025-2026_Spieltermin_C1-C2-Jugend_maennlich<\/a><\/strong><\/p>\n<hr \/>\n<h2><strong>C- Jugend 2<\/strong><\/h2>\n<p><strong><img decoding=\"async\" class=\"alignnone size-full wp-image-29328\" src=\"https:\/\/tsv-heiningen.de\/handball\/wp-content\/uploads\/sites\/3\/2025_Teamfoto_Cm2.jpg\" alt=\"\" width=\"1369\" height=\"846\" srcset=\"https:\/\/tsv-heiningen.de\/handball\/wp-content\/uploads\/sites\/3\/2025_Teamfoto_Cm2.jpg 1369w, https:\/\/tsv-heiningen.de\/handball\/wp-content\/uploads\/sites\/3\/2025_Teamfoto_Cm2-768x475.jpg 768w\" sizes=\"(max-width: 1369px) 100vw, 1369px\" \/><\/strong><\/p>\n<p><strong>Hinten von links:<\/strong> Julian Biebrich, Matis Messina, Kaan Mehuljic, Noah Siffermann, Paul Bachmaier<br \/>\n<strong>Mitte von links:<\/strong> Trainer Mike Wolz, Lukas Wu\u00dfler, Linus Ahl, Niklas Sch\u00e4fer, Luis H\u00f6nig, Trainer Anton Bachmaier<br \/>\n<strong>Unten von links:<\/strong> Lenny Wolz, Paul Kosior, Fynn Br\u00e4uning, Emil Ocansey<\/p>\n<hr \/>\n<h4><a href=\"https:\/\/www.handball.net\/mannschaften\/handball4all.baden-wuerttemberg.1339571\/spielplan?dateFrom=2025-07-01&amp;dateTo=2026-06-30\" target=\"_blank\" rel=\"noopener\"><strong>Spielplan &amp; Tabelle (Handball.net<\/strong><strong>)<\/strong><\/a><\/h4>\n<h4><strong><a href=\"https:\/\/tsv-heiningen.de\/handball\/wp-content\/uploads\/sites\/3\/2025-2026_Spieltermin_C1-C2-Jugend_maennlich.pdf\">2025-2026_Spieltermin_C1-C2-Jugend_maennlich<\/a><\/strong><\/h4>\n<hr \/>\n","protected":false},"excerpt":{"rendered":"<p>C-Jugend 1 Hinten von links: Adri\u00e1n Choya Sol\u00e9, Erik Neufert, Fabian Rapp, Felix Schuster Mitte von links: Trainer Gerhard Sixl, Ben Klein, Lenn Sixl, Max Niedermeyer, Felix Rauch, Aaron Pank, Trainer Daniel Choya Sol\u00e9 Vorne von links: Hannes Forster, Linus Ahl, Erik H\u00e4nel, Ahmed Dado, Oskar Bohnacker, Gunar Grolmus Spielplan &amp; Tabelle (Handball.net) 2025-2026_Spieltermin_C1-C2-Jugend_maennlich C- [&hellip;]<\/p>\n","protected":false},"author":4,"featured_media":15245,"parent":14,"menu_order":13,"comment_status":"open","ping_status":"open","template":"\/templates\/team-custom.php","meta":{"_acf_changed":false,"footnotes":""},"class_list":["post-16350","page","type-page","status-publish","has-post-thumbnail","hentry"],"acf":[],"_links":{"self":[{"href":"https:\/\/tsv-heiningen.de\/handball\/wp-json\/wp\/v2\/pages\/16350","targetHints":{"allow":["GET"]}}],"collection":[{"href":"https:\/\/tsv-heiningen.de\/handball\/wp-json\/wp\/v2\/pages"}],"about":[{"href":"https:\/\/tsv-heiningen.de\/handball\/wp-json\/wp\/v2\/types\/page"}],"author":[{"embeddable":true,"href":"https:\/\/tsv-heiningen.de\/handball\/wp-json\/wp\/v2\/users\/4"}],"replies":[{"embeddable":true,"href":"https:\/\/tsv-heiningen.de\/handball\/wp-json\/wp\/v2\/comments?post=16350"}],"version-history":[{"count":29,"href":"https:\/\/tsv-heiningen.de\/handball\/wp-json\/wp\/v2\/pages\/16350\/revisions"}],"predecessor-version":[{"id":29502,"href":"https:\/\/tsv-heiningen.de\/handball\/wp-json\/wp\/v2\/pages\/16350\/revisions\/29502"}],"up":[{"embeddable":true,"href":"https:\/\/tsv-heiningen.de\/handball\/wp-json\/wp\/v2\/pages\/14"}],"wp:featuredmedia":[{"embeddable":true,"href":"https:\/\/tsv-heiningen.de\/handball\/wp-json\/wp\/v2\/media\/15245"}],"wp:attachment":[{"href":"https:\/\/tsv-heiningen.de\/handball\/wp-json\/wp\/v2\/media?parent=16350"}],"curies":[{"name":"wp","href":"https:\/\/api.w.org\/{rel}","templated":true}]}}