{"id":15545,"date":"2018-04-05T16:56:37","date_gmt":"2018-04-05T14:56:37","guid":{"rendered":"http:\/\/heiningen-handball.de\/?page_id=15545"},"modified":"2024-05-16T21:39:40","modified_gmt":"2024-05-16T19:39:40","slug":"wie-werde-ich-handballer","status":"publish","type":"page","link":"https:\/\/tsv-heiningen.de\/handball\/jugendarbeit\/wie-werde-ich-handballer\/","title":{"rendered":"Wie werde ich Handballer???"},"content":{"rendered":"<div class=\"wpb-content-wrapper\"><p>[vc_row][vc_column][vc_row_inner][vc_column_inner][vc_single_image image=&#8220;15548&#8243; img_size=&#8220;full&#8220;][vc_column_text]Die Mitgliederzahlen vieler Sportvereine sind r\u00fcckl\u00e4ufig. Nicht jedoch bei uns!<\/p>\n<p>&nbsp;<\/p>\n<h2><strong>WIE L\u00c4UFT DIE ANMELDUNG?<\/strong><\/h2>\n<p>Zuerst kommst du mal zu einem Training und schaust dir alles an. Die SuperMinis (ab 5 Jahren) trainieren mittwochs von 16:00 bis 17:00 Uhr in der Technotherm in Eschenbach, die Minis (ab 6 Jahren) trainieren immer donnerstags von 15:45 bis 17:15 Uhr in der Voralbhalle Heiningen.<\/p>\n<p>Das Training wird auf dein Alter und deine F\u00e4higkeiten angepasst. Im Training erlernst du spielerisch neben dem Handballspiel auch koordinative und balltechnische F\u00e4higkeiten, kannst deine Teamgeist weiter entwickeln und das das bei jede Menge FUN! VERSPROCHEN!<\/p>\n<p>&nbsp;<\/p>\n<h2><strong>DIE VORAUSSETZUNGEN<\/strong><\/h2>\n<p>Du bist mindestens 5 Jahre alt, dann kannst du das Handballspielen erlernen.<\/p>\n<p>Wenn es dir gef\u00e4llt und du weitermachen willst, bekommst du von deiner Trainerin ein Formular mit dem du dich anmelden kannst, dann darfst du auch bei den Spielen und Spielfesten teilnehmen.<\/p>\n<p>&nbsp;<\/p>\n<h2><strong>WIE OFT WIRD TRAINIERT?<\/strong><\/h2>\n<p>Wir trainieren einmal die Woche zu den oben genannten Trainingszeiten, hinzu kommen Spiele und Wettk\u00e4mpfe. Unser Trainerteam mit Ihren Helfern verbessern dich Woche um Woche und bereiten dich auf die Wettspiele und Turniere vor.<\/p>\n<p>Je \u00f6fter und regelm\u00e4\u00dfiger du zum Training kommst, desto schneller wirst du in den Wettspielen Erfolge feiern!<\/p>\n<p>&nbsp;<\/p>\n<h2><strong>WIE OFT SIND SPIELE?<\/strong><\/h2>\n<p>Mindestens vier Mal im Jahr nehmen wir an einem Mini-Spielfest teil. An diesem kannst du das Gelernte gegen andere Mannschaften anwenden und dich weiter entwickeln.<\/p>\n<p>&nbsp;<\/p>\n<h2><strong>WAS IST HANDBALL?<\/strong><\/h2>\n<p>Beim Handball spielen zwei Mannschaften mit je einem Tormann und sechs Feldspielern auf Tore um den Sieg. Der Ball darf nur mit der Hand gespielt werden. Du solltest Freude an der Bewegung und am Spiel mit dem Ball haben und ein echter Team-Player sein, dann ist Handball der richtige Sport f\u00fcr dich! Wir haben viel Spa\u00df, trainieren hart, gewinnen\u00a0und verlieren im Team gemeinsam. Wir sind Freunde durch alle H\u00f6hen und Tiefen des Sports und respektieren als faire Sportler unsere Gegenspieler!<\/p>\n<p>&nbsp;<\/p>\n<h2><strong>WIE SIND DIE REGELN?<\/strong><\/h2>\n<p>Minis und F- Jugend spielen 4 gegen 4 + Tormann.<br \/>\nAb der E- Jugend: 6 gegen 6 + Tormann.<br \/>\nMax. 3 Schritte mit dem Ball in der Hand sind erlaubt, danach muss man prellen, passen oder werfen. Der Torraum darf nur vom Tormann betreten werden.<\/p>\n<p>&nbsp;<\/p>\n<h2><strong>HANDBALL HEININGEN<\/strong><\/h2>\n<p>Der Handballsport in Heiningen hat eine lange Tradition! Wir sind noch immer ein eigenst\u00e4ndiger Verein ohne Spielgemeinschaft. Neben den beiden Leistungsteams (Team Staren und Bonitas) \u00a0haben wir noch weitere 6 aktive und 18 Jugendmannschaften. Das ist einzigartig in der Region und darauf sind wir stolz!<\/p>\n<p>&nbsp;<\/p>\n<h2><strong>UNSER TRAINERTEAM<\/strong><\/h2>\n<p>Monika Scheidereit<\/p>\n<p>Corina Rapp<\/p>\n<p>und viele weitere Helfer![\/vc_column_text][\/vc_column_inner][\/vc_row_inner][\/vc_column][\/vc_row]<\/p>\n<\/div>","protected":false},"excerpt":{"rendered":"<p>[vc_row][vc_column][vc_row_inner][vc_column_inner][vc_single_image image=&#8220;15548&#8243; img_size=&#8220;full&#8220;][vc_column_text]Die Mitgliederzahlen vieler Sportvereine sind r\u00fcckl\u00e4ufig. Nicht jedoch bei uns! &nbsp; WIE L\u00c4UFT DIE ANMELDUNG? Zuerst kommst du mal zu einem Training und schaust dir alles an. Die SuperMinis (ab 5 Jahren) trainieren mittwochs von 16:00 bis 17:00 Uhr in der Technotherm in Eschenbach, die Minis (ab 6 Jahren) trainieren immer donnerstags von [&hellip;]<\/p>\n","protected":false},"author":31,"featured_media":15245,"parent":1381,"menu_order":0,"comment_status":"closed","ping_status":"closed","template":"","meta":{"_acf_changed":false,"footnotes":""},"class_list":["post-15545","page","type-page","status-publish","has-post-thumbnail","hentry"],"acf":[],"_links":{"self":[{"href":"https:\/\/tsv-heiningen.de\/handball\/wp-json\/wp\/v2\/pages\/15545","targetHints":{"allow":["GET"]}}],"collection":[{"href":"https:\/\/tsv-heiningen.de\/handball\/wp-json\/wp\/v2\/pages"}],"about":[{"href":"https:\/\/tsv-heiningen.de\/handball\/wp-json\/wp\/v2\/types\/page"}],"author":[{"embeddable":true,"href":"https:\/\/tsv-heiningen.de\/handball\/wp-json\/wp\/v2\/users\/31"}],"replies":[{"embeddable":true,"href":"https:\/\/tsv-heiningen.de\/handball\/wp-json\/wp\/v2\/comments?post=15545"}],"version-history":[{"count":15,"href":"https:\/\/tsv-heiningen.de\/handball\/wp-json\/wp\/v2\/pages\/15545\/revisions"}],"predecessor-version":[{"id":27733,"href":"https:\/\/tsv-heiningen.de\/handball\/wp-json\/wp\/v2\/pages\/15545\/revisions\/27733"}],"up":[{"embeddable":true,"href":"https:\/\/tsv-heiningen.de\/handball\/wp-json\/wp\/v2\/pages\/1381"}],"wp:featuredmedia":[{"embeddable":true,"href":"https:\/\/tsv-heiningen.de\/handball\/wp-json\/wp\/v2\/media\/15245"}],"wp:attachment":[{"href":"https:\/\/tsv-heiningen.de\/handball\/wp-json\/wp\/v2\/media?parent=15545"}],"curies":[{"name":"wp","href":"https:\/\/api.w.org\/{rel}","templated":true}]}}