{"id":14823,"date":"2018-01-14T21:26:55","date_gmt":"2018-01-14T20:26:55","guid":{"rendered":"https:\/\/tsv-heiningen.de\/handball\/\/?page_id=14823"},"modified":"2026-01-25T09:41:34","modified_gmt":"2026-01-25T08:41:34","slug":"starencup","status":"publish","type":"page","link":"https:\/\/tsv-heiningen.de\/handball\/turniere\/starencup\/","title":{"rendered":"Saxonia-Franke Jugend-Cup"},"content":{"rendered":"<h1 style=\"text-align: center;\">Saxonia-Franke Jugend-Cup 2026<\/h1>\n<h3 style=\"text-align: center;\">Das Turnier findet am <strong>Sa. 04.07. und So. 05.07.2026<\/strong>\u00a0statt<\/h3>\n<hr \/>\n<p><img decoding=\"async\" class=\"wp-image-25357 aligncenter\" src=\"https:\/\/tsv-heiningen.de\/handball\/wp-content\/uploads\/sites\/3\/Saxonia-Franke-Jugend-Cup_Jungs-1_HP_1-1.jpg\" alt=\"\" width=\"1200\" height=\"481\" srcset=\"https:\/\/tsv-heiningen.de\/handball\/wp-content\/uploads\/sites\/3\/Saxonia-Franke-Jugend-Cup_Jungs-1_HP_1-1.jpg 1920w, https:\/\/tsv-heiningen.de\/handball\/wp-content\/uploads\/sites\/3\/Saxonia-Franke-Jugend-Cup_Jungs-1_HP_1-1-768x308.jpg 768w, https:\/\/tsv-heiningen.de\/handball\/wp-content\/uploads\/sites\/3\/Saxonia-Franke-Jugend-Cup_Jungs-1_HP_1-1-1536x616.jpg 1536w\" sizes=\"(max-width: 1200px) 100vw, 1200px\" \/><\/p>\n<hr \/>\n<p>Unser Sportgel\u00e4nde im Reusch mit den vielen Laubb\u00e4umen und einem gepflegten Rasenplatz bietet beste Voraussetzungen f\u00fcr hervorragende Jugendspiele. Das Turnier wird von den Minis bis zur A- Jugend ausgetragen. Die Spiele der F-Jugend und der m\u00e4nnlichen Jugendmannschaften finden am Sa. 04.07.2026 statt. Am So. 05.07.2026 spielen die Minis, F-Jugend und die weiblichen Jugendmannschaften. In den letzten Jahren konnten viele F-Jugendmannschaften nicht am Turnier teilnehmen, da in den jeweiligen Ortschaften teilweise Stra\u00dfenfeste oder anderweitige Veranstaltungen stattfanden. Daher haben wir uns entschlossen f\u00fcr die Altersklasse der F-Jugend am Samstag und am Sonntag je ein Turnier anzubieten. Interessierte Vereine f\u00fcr die Altersklasse der F-Jugend k\u00f6nnen sich daher am Samstag und\/oder am Sonntag anmelden.<\/p>\n<p>Die vergangenen Jahre hatten \u00fcber 100 Mannschaften am Heininger Jugendturnier teilgenommen!<\/p>\n<p>Das Turnier wird durch unseren Hauptsponsor <strong>SAXONIA-FRANKE<\/strong> gef\u00f6rdert, vielen Dank f\u00fcr die tolle Unterst\u00fctzung unserer Jugendarbeit!<\/p>\n<hr \/>\n<h2><strong>Anmeldung per Mail unter:<\/strong> <a href=\"mailto:jugendcup.handball@tsv-heiningen.de\">jugendcup.handball@tsv-heiningen.de<\/a><\/h2>\n<hr \/>\n<h4><strong>Adresse Anfahrt:<\/strong> D\u00fcrnauer &#8211; Weg 13; 73092 Heiningen<\/h4>\n<h2><\/h2>\n<hr \/>\n<h2>Ergebnisse 2025 &#8211; Saxonia-Franke Jugendcup<\/h2>\n<h2><img decoding=\"async\" class=\"alignnone wp-image-29308 size-full\" src=\"https:\/\/tsv-heiningen.de\/handball\/wp-content\/uploads\/sites\/3\/2025_Plazierungen_Saxonia-Franke-Jugendcup.png\" alt=\"\" width=\"948\" height=\"382\" srcset=\"https:\/\/tsv-heiningen.de\/handball\/wp-content\/uploads\/sites\/3\/2025_Plazierungen_Saxonia-Franke-Jugendcup.png 948w, https:\/\/tsv-heiningen.de\/handball\/wp-content\/uploads\/sites\/3\/2025_Plazierungen_Saxonia-Franke-Jugendcup-768x309.png 768w\" sizes=\"(max-width: 948px) 100vw, 948px\" \/><\/h2>\n<hr \/>\n<h2><a href=\"https:\/\/tsv-heiningen.de\/handball\/wp-content\/uploads\/sites\/3\/DFB-SFJCup-25.pdf\" target=\"_blank\" rel=\"noopener\">Durchf\u00fchrungsbestimmungen<\/a><\/h2>\n<h2><a href=\"https:\/\/tsv-heiningen.de\/handball\/wp-content\/uploads\/sites\/3\/Spielmodus-SFJCup-25-neu.pdf\" target=\"_blank\" rel=\"noopener\">Spielmodus<\/a><\/h2>\n<hr \/>\n<h2>Die Spielpl\u00e4ne f\u00fcr Samstag 05.07.2025:<\/h2>\n<h4><a href=\"https:\/\/tsv-heiningen.de\/handball\/wp-content\/uploads\/sites\/3\/F-Jugend-Spielplan-SFJCup-Samstag-05.07.25-1.pdf\" target=\"_blank\" rel=\"noopener\"><span style=\"color: #ffffff;\"><strong>Spielplan F- Jugend Samstag<\/strong><\/span><\/a><\/h4>\n<h4><a href=\"https:\/\/tsv-heiningen.de\/handball\/wp-content\/uploads\/sites\/3\/Em-Spielplan-SFJCup-Samstag-05.07.25.pdf\" target=\"_blank\" rel=\"noopener\"><span style=\"color: #ffffff;\"><strong>Spielplan E- Jugend Samstag<\/strong><\/span><\/a><\/h4>\n<h4><a href=\"https:\/\/tsv-heiningen.de\/handball\/wp-content\/uploads\/sites\/3\/Dm-Spielplan-SFJCup-Samstag-05.07.25.pdf\" target=\"_blank\" rel=\"noopener\"><span style=\"color: #ffffff;\"><strong>Spielplan D- Jugend Samstag<\/strong><\/span><\/a><\/h4>\n<h4><a href=\"https:\/\/tsv-heiningen.de\/handball\/wp-content\/uploads\/sites\/3\/Cm-Spielplan-SFJCup-Samstag-05.07.25-1.pdf\" target=\"_blank\" rel=\"noopener\"><span style=\"color: #ffffff;\"><strong>Spielplan C- Jugend Samstag<\/strong><\/span><\/a><\/h4>\n<h4><a href=\"https:\/\/tsv-heiningen.de\/handball\/wp-content\/uploads\/sites\/3\/Bm-Spielplan-SFJCup-Samstag-05.07.25-neu_4.07.25-1.pdf\" target=\"_blank\" rel=\"noopener\"><span style=\"color: #ffffff;\"><strong>Spielplan B- Jugend Samstag<\/strong><\/span><\/a><\/h4>\n<h2><a href=\"https:\/\/tsv-heiningen.de\/handball\/wp-content\/uploads\/sites\/3\/Gruppeneinteilung-Samstag-05.07.25-neu-1.pdf\" target=\"_blank\" rel=\"noopener\">Gruppeneinteilung Samstag<\/a><\/h2>\n<hr \/>\n<h2>Die Spielpl\u00e4ne f\u00fcr Sonntag 06.07.2025:<\/h2>\n<h4><a href=\"https:\/\/tsv-heiningen.de\/handball\/wp-content\/uploads\/sites\/3\/Minis-Spielplan-SFJCup-Sonntag-06.07.25.pdf\" target=\"_blank\" rel=\"noopener\"><span style=\"color: #ffffff;\"><strong>Spielplan Minis Sonntag<\/strong><\/span><\/a><\/h4>\n<h4><a href=\"https:\/\/tsv-heiningen.de\/handball\/wp-content\/uploads\/sites\/3\/F-Jugend-Spielplan-SFJCup-Sonntag-06.07.25.pdf\" target=\"_blank\" rel=\"noopener\"><span style=\"color: #ffffff;\"><strong>Spielplan F- Jugend Sonntag<\/strong><\/span><\/a><\/h4>\n<h4><a href=\"https:\/\/tsv-heiningen.de\/handball\/wp-content\/uploads\/sites\/3\/Ew-Spielplan-SFJCup-Sonntag-06.07.25-neu.pdf\" target=\"_blank\" rel=\"noopener\"><span style=\"color: #ffffff;\"><strong>Spielplan E- Jugend Sonntag<\/strong><\/span><\/a><\/h4>\n<h4><a href=\"https:\/\/tsv-heiningen.de\/handball\/wp-content\/uploads\/sites\/3\/Dw-Spielplan-SFJCup-Sonntag-06.07.25.pdf\" target=\"_blank\" rel=\"noopener\"><strong><span style=\"color: #ffffff;\">Spielplan D- Jugend Sonntag<\/span><\/strong><\/a><\/h4>\n<h4><a href=\"https:\/\/tsv-heiningen.de\/handball\/wp-content\/uploads\/sites\/3\/Cw-Spielplan-SFJCup-Sonntag-06.07.25.pdf\" target=\"_blank\" rel=\"noopener\"><strong><span style=\"color: #ffffff;\">Spielplan C- Jugend Sonntag<\/span><\/strong><\/a><\/h4>\n<h4><a href=\"https:\/\/tsv-heiningen.de\/handball\/wp-content\/uploads\/sites\/3\/Bw-Spielplan-SFJCup-Sonntag-06.07.25.pdf\" target=\"_blank\" rel=\"noopener\"><strong><span style=\"color: #ffffff;\">Spielplan B- Jugend Sonntag<\/span><\/strong><\/a><\/h4>\n<h4><a href=\"https:\/\/tsv-heiningen.de\/handball\/wp-content\/uploads\/sites\/3\/Aw-Spielplan-SFJCup-Sonntag-06.07.25.pdf\" target=\"_blank\" rel=\"noopener\"><strong><span style=\"color: #ffffff;\">Spielplan A- Jugend Sonntag<\/span><\/strong><\/a><\/h4>\n<h2><a href=\"https:\/\/tsv-heiningen.de\/handball\/wp-content\/uploads\/sites\/3\/Gruppeneinteilung-Sonntag-06.07.25-neu.pdf\" target=\"_blank\" rel=\"noopener\">Gruppenteilung Sonntag<\/a><\/h2>\n<hr \/>\n<h4><\/h4>\n<p><a href=\"https:\/\/tsv-heiningen.de\/handball\/wp-content\/uploads\/sites\/3\/Starencup-2025_Flyer.pdf\" target=\"_blank\" rel=\"noopener\"><img decoding=\"async\" class=\"aligncenter wp-image-29149 size-full\" src=\"https:\/\/tsv-heiningen.de\/handball\/wp-content\/uploads\/sites\/3\/2025_Starencup_Flyer.jpg\" alt=\"\" width=\"605\" height=\"854\" \/><\/a><\/p>\n<hr \/>\n<div id='gallery-1' class='gallery galleryid-14823 gallery-columns-3 gallery-size-full'><figure class='gallery-item'>\n\t\t\t<div class='gallery-icon landscape'>\n\t\t\t\t<a href='https:\/\/tsv-heiningen.de\/handball\/dt_galleries\/2023_saxonia_franke_jugendcup\/saxonia-franke-jugend-cup_jungs-3_hp-2\/'><img decoding=\"async\" width=\"1200\" height=\"800\" src=\"https:\/\/tsv-heiningen.de\/handball\/wp-content\/uploads\/sites\/3\/Saxonia-Franke-Jugend-Cup_Jungs-3_HP-1.jpg\" class=\"attachment-full size-full\" alt=\"\" srcset=\"https:\/\/tsv-heiningen.de\/handball\/wp-content\/uploads\/sites\/3\/\/Saxonia-Franke-Jugend-Cup_Jungs-3_HP-1.jpg 1200w, https:\/\/tsv-heiningen.de\/handball\/wp-content\/uploads\/sites\/3\/\/Saxonia-Franke-Jugend-Cup_Jungs-3_HP-1-768x512.jpg 768w\" sizes=\"(max-width: 1200px) 100vw, 1200px\" \/><\/a>\n\t\t\t<\/div><\/figure><figure class='gallery-item'>\n\t\t\t<div class='gallery-icon landscape'>\n\t\t\t\t<a href='https:\/\/tsv-heiningen.de\/handball\/dt_galleries\/2023_saxonia_franke_jugendcup\/saxonia-franke-jugend-cup_jungs-48_hp-2\/'><img decoding=\"async\" width=\"1200\" height=\"800\" src=\"https:\/\/tsv-heiningen.de\/handball\/wp-content\/uploads\/sites\/3\/Saxonia-Franke-Jugend-Cup_Jungs-48_HP-1.jpg\" class=\"attachment-full size-full\" alt=\"\" srcset=\"https:\/\/tsv-heiningen.de\/handball\/wp-content\/uploads\/sites\/3\/\/Saxonia-Franke-Jugend-Cup_Jungs-48_HP-1.jpg 1200w, https:\/\/tsv-heiningen.de\/handball\/wp-content\/uploads\/sites\/3\/\/Saxonia-Franke-Jugend-Cup_Jungs-48_HP-1-768x512.jpg 768w\" sizes=\"(max-width: 1200px) 100vw, 1200px\" \/><\/a>\n\t\t\t<\/div><\/figure><figure class='gallery-item'>\n\t\t\t<div class='gallery-icon landscape'>\n\t\t\t\t<a href='https:\/\/tsv-heiningen.de\/handball\/dt_galleries\/2023_saxonia_franke_jugendcup\/saxonia-franke-jugend-cup_jungs-175_hp-2\/'><img decoding=\"async\" width=\"1200\" height=\"800\" src=\"https:\/\/tsv-heiningen.de\/handball\/wp-content\/uploads\/sites\/3\/Saxonia-Franke-Jugend-Cup_Jungs-175_HP-1.jpg\" class=\"attachment-full size-full\" alt=\"\" srcset=\"https:\/\/tsv-heiningen.de\/handball\/wp-content\/uploads\/sites\/3\/\/Saxonia-Franke-Jugend-Cup_Jungs-175_HP-1.jpg 1200w, https:\/\/tsv-heiningen.de\/handball\/wp-content\/uploads\/sites\/3\/\/Saxonia-Franke-Jugend-Cup_Jungs-175_HP-1-768x512.jpg 768w\" sizes=\"(max-width: 1200px) 100vw, 1200px\" \/><\/a>\n\t\t\t<\/div><\/figure><figure class='gallery-item'>\n\t\t\t<div class='gallery-icon landscape'>\n\t\t\t\t<a href='https:\/\/tsv-heiningen.de\/handball\/dt_galleries\/2023_saxonia_franke_jugendcup\/saxonia-franke-jugend-cup_jungs-186_hp-2\/'><img decoding=\"async\" width=\"1200\" height=\"800\" src=\"https:\/\/tsv-heiningen.de\/handball\/wp-content\/uploads\/sites\/3\/Saxonia-Franke-Jugend-Cup_Jungs-186_HP-1.jpg\" class=\"attachment-full size-full\" alt=\"\" srcset=\"https:\/\/tsv-heiningen.de\/handball\/wp-content\/uploads\/sites\/3\/Saxonia-Franke-Jugend-Cup_Jungs-186_HP-1.jpg 1200w, https:\/\/tsv-heiningen.de\/handball\/wp-content\/uploads\/sites\/3\/Saxonia-Franke-Jugend-Cup_Jungs-186_HP-1-768x512.jpg 768w\" sizes=\"(max-width: 1200px) 100vw, 1200px\" \/><\/a>\n\t\t\t<\/div><\/figure><figure class='gallery-item'>\n\t\t\t<div class='gallery-icon landscape'>\n\t\t\t\t<a href='https:\/\/tsv-heiningen.de\/handball\/dt_galleries\/2023_saxonia_franke_jugendcup\/saxonia-franke-jugend-cup_maedls-jpg_hp-2\/'><img decoding=\"async\" width=\"1200\" height=\"800\" src=\"https:\/\/tsv-heiningen.de\/handball\/wp-content\/uploads\/sites\/3\/Saxonia-Franke-Jugend-Cup_Maedls-.jpg_HP.jpg\" class=\"attachment-full size-full\" alt=\"\" srcset=\"https:\/\/tsv-heiningen.de\/handball\/wp-content\/uploads\/sites\/3\/\/Saxonia-Franke-Jugend-Cup_Maedls-.jpg_HP.jpg 1200w, https:\/\/tsv-heiningen.de\/handball\/wp-content\/uploads\/sites\/3\/\/Saxonia-Franke-Jugend-Cup_Maedls-.jpg_HP-768x512.jpg 768w\" sizes=\"(max-width: 1200px) 100vw, 1200px\" \/><\/a>\n\t\t\t<\/div><\/figure><figure class='gallery-item'>\n\t\t\t<div class='gallery-icon landscape'>\n\t\t\t\t<a href='https:\/\/tsv-heiningen.de\/handball\/dt_galleries\/2023_saxonia_franke_jugendcup\/saxonia-franke-jugend-cup_maedls-22_hp-2\/'><img decoding=\"async\" width=\"1200\" height=\"800\" src=\"https:\/\/tsv-heiningen.de\/handball\/wp-content\/uploads\/sites\/3\/Saxonia-Franke-Jugend-Cup_Maedls-22_HP.jpg\" class=\"attachment-full size-full\" alt=\"\" srcset=\"https:\/\/tsv-heiningen.de\/handball\/wp-content\/uploads\/sites\/3\/\/Saxonia-Franke-Jugend-Cup_Maedls-22_HP.jpg 1200w, https:\/\/tsv-heiningen.de\/handball\/wp-content\/uploads\/sites\/3\/\/Saxonia-Franke-Jugend-Cup_Maedls-22_HP-768x512.jpg 768w\" sizes=\"(max-width: 1200px) 100vw, 1200px\" \/><\/a>\n\t\t\t<\/div><\/figure><figure class='gallery-item'>\n\t\t\t<div class='gallery-icon landscape'>\n\t\t\t\t<a href='https:\/\/tsv-heiningen.de\/handball\/dt_galleries\/2023_saxonia_franke_jugendcup\/saxonia-franke-jugend-cup_maedls-19-scaled\/'><img decoding=\"async\" width=\"1620\" height=\"1080\" src=\"https:\/\/tsv-heiningen.de\/handball\/wp-content\/uploads\/sites\/3\/Saxonia-Franke-Jugend-Cup_Maedls-19-scaled-1.jpg\" class=\"attachment-full size-full\" alt=\"\" srcset=\"https:\/\/tsv-heiningen.de\/handball\/wp-content\/uploads\/sites\/3\/\/Saxonia-Franke-Jugend-Cup_Maedls-19-scaled-1.jpg 1620w, https:\/\/tsv-heiningen.de\/handball\/wp-content\/uploads\/sites\/3\/\/Saxonia-Franke-Jugend-Cup_Maedls-19-scaled-1-768x512.jpg 768w, https:\/\/tsv-heiningen.de\/handball\/wp-content\/uploads\/sites\/3\/\/Saxonia-Franke-Jugend-Cup_Maedls-19-scaled-1-1536x1024.jpg 1536w, https:\/\/tsv-heiningen.de\/handball\/wp-content\/uploads\/sites\/3\/\/Saxonia-Franke-Jugend-Cup_Maedls-19-scaled-1-2048x1366.jpg 2048w\" sizes=\"(max-width: 1620px) 100vw, 1620px\" \/><\/a>\n\t\t\t<\/div><\/figure><figure class='gallery-item'>\n\t\t\t<div class='gallery-icon landscape'>\n\t\t\t\t<a href='https:\/\/tsv-heiningen.de\/handball\/dt_galleries\/2023_saxonia_franke_jugendcup\/saxonia-franke-jugend-cup_jungs-8-scaled\/'><img decoding=\"async\" width=\"1620\" height=\"1080\" src=\"https:\/\/tsv-heiningen.de\/handball\/wp-content\/uploads\/sites\/3\/Saxonia-Franke-Jugend-Cup_Jungs-8-scaled-1.jpg\" class=\"attachment-full size-full\" alt=\"\" srcset=\"https:\/\/tsv-heiningen.de\/handball\/wp-content\/uploads\/sites\/3\/\/Saxonia-Franke-Jugend-Cup_Jungs-8-scaled-1.jpg 1620w, https:\/\/tsv-heiningen.de\/handball\/wp-content\/uploads\/sites\/3\/\/Saxonia-Franke-Jugend-Cup_Jungs-8-scaled-1-768x512.jpg 768w, https:\/\/tsv-heiningen.de\/handball\/wp-content\/uploads\/sites\/3\/\/Saxonia-Franke-Jugend-Cup_Jungs-8-scaled-1-1536x1024.jpg 1536w, https:\/\/tsv-heiningen.de\/handball\/wp-content\/uploads\/sites\/3\/\/Saxonia-Franke-Jugend-Cup_Jungs-8-scaled-1-2048x1366.jpg 2048w\" sizes=\"(max-width: 1620px) 100vw, 1620px\" \/><\/a>\n\t\t\t<\/div><\/figure><figure class='gallery-item'>\n\t\t\t<div class='gallery-icon landscape'>\n\t\t\t\t<a href='https:\/\/tsv-heiningen.de\/handball\/dt_galleries\/2023_saxonia_franke_jugendcup\/saxonia-franke-jugend-cup_maedls-5\/'><img decoding=\"async\" width=\"1500\" height=\"1000\" src=\"https:\/\/tsv-heiningen.de\/handball\/wp-content\/uploads\/sites\/3\/Saxonia-Franke-Jugend-Cup_Maedls-5.jpg\" class=\"attachment-full size-full\" alt=\"\" srcset=\"https:\/\/tsv-heiningen.de\/handball\/wp-content\/uploads\/sites\/3\/\/Saxonia-Franke-Jugend-Cup_Maedls-5.jpg 1500w, https:\/\/tsv-heiningen.de\/handball\/wp-content\/uploads\/sites\/3\/\/Saxonia-Franke-Jugend-Cup_Maedls-5-768x512.jpg 768w\" sizes=\"(max-width: 1500px) 100vw, 1500px\" \/><\/a>\n\t\t\t<\/div><\/figure><figure class='gallery-item'>\n\t\t\t<div class='gallery-icon landscape'>\n\t\t\t\t<a href='https:\/\/tsv-heiningen.de\/handball\/dt_galleries\/2023_saxonia_franke_jugendcup\/saxonia-franke-jugend-cup_maedls-31\/'><img decoding=\"async\" width=\"1500\" height=\"1000\" src=\"https:\/\/tsv-heiningen.de\/handball\/wp-content\/uploads\/sites\/3\/Saxonia-Franke-Jugend-Cup_Maedls-31.jpg\" class=\"attachment-full size-full\" alt=\"\" srcset=\"https:\/\/tsv-heiningen.de\/handball\/wp-content\/uploads\/sites\/3\/Saxonia-Franke-Jugend-Cup_Maedls-31.jpg 1500w, https:\/\/tsv-heiningen.de\/handball\/wp-content\/uploads\/sites\/3\/Saxonia-Franke-Jugend-Cup_Maedls-31-768x512.jpg 768w\" sizes=\"(max-width: 1500px) 100vw, 1500px\" \/><\/a>\n\t\t\t<\/div><\/figure><figure class='gallery-item'>\n\t\t\t<div class='gallery-icon landscape'>\n\t\t\t\t<a href='https:\/\/tsv-heiningen.de\/handball\/dt_galleries\/2023_saxonia_franke_jugendcup\/saxonia-franke-jugend-cup_maedls-23\/'><img decoding=\"async\" width=\"1500\" height=\"1000\" src=\"https:\/\/tsv-heiningen.de\/handball\/wp-content\/uploads\/sites\/3\/Saxonia-Franke-Jugend-Cup_Maedls-23.jpg\" class=\"attachment-full size-full\" alt=\"\" srcset=\"https:\/\/tsv-heiningen.de\/handball\/wp-content\/uploads\/sites\/3\/\/Saxonia-Franke-Jugend-Cup_Maedls-23.jpg 1500w, https:\/\/tsv-heiningen.de\/handball\/wp-content\/uploads\/sites\/3\/\/Saxonia-Franke-Jugend-Cup_Maedls-23-768x512.jpg 768w\" sizes=\"(max-width: 1500px) 100vw, 1500px\" \/><\/a>\n\t\t\t<\/div><\/figure><figure class='gallery-item'>\n\t\t\t<div class='gallery-icon landscape'>\n\t\t\t\t<a href='https:\/\/tsv-heiningen.de\/handball\/dt_galleries\/2023_saxonia_franke_jugendcup\/saxonia-franke-jugend-cup_maedls-8\/'><img decoding=\"async\" width=\"1500\" height=\"1000\" src=\"https:\/\/tsv-heiningen.de\/handball\/wp-content\/uploads\/sites\/3\/Saxonia-Franke-Jugend-Cup_Maedls-8.jpg\" class=\"attachment-full size-full\" alt=\"\" srcset=\"https:\/\/tsv-heiningen.de\/handball\/wp-content\/uploads\/sites\/3\/\/Saxonia-Franke-Jugend-Cup_Maedls-8.jpg 1500w, https:\/\/tsv-heiningen.de\/handball\/wp-content\/uploads\/sites\/3\/\/Saxonia-Franke-Jugend-Cup_Maedls-8-768x512.jpg 768w\" sizes=\"(max-width: 1500px) 100vw, 1500px\" \/><\/a>\n\t\t\t<\/div><\/figure><figure class='gallery-item'>\n\t\t\t<div class='gallery-icon landscape'>\n\t\t\t\t<a href='https:\/\/tsv-heiningen.de\/handball\/dt_galleries\/2023_saxonia_franke_jugendcup\/saxonia-franke-jugend-cup_jungs-172\/'><img decoding=\"async\" width=\"1500\" height=\"1000\" src=\"https:\/\/tsv-heiningen.de\/handball\/wp-content\/uploads\/sites\/3\/Saxonia-Franke-Jugend-Cup_Jungs-172.jpg\" class=\"attachment-full size-full\" alt=\"\" srcset=\"https:\/\/tsv-heiningen.de\/handball\/wp-content\/uploads\/sites\/3\/Saxonia-Franke-Jugend-Cup_Jungs-172.jpg 1500w, https:\/\/tsv-heiningen.de\/handball\/wp-content\/uploads\/sites\/3\/Saxonia-Franke-Jugend-Cup_Jungs-172-768x512.jpg 768w\" sizes=\"(max-width: 1500px) 100vw, 1500px\" \/><\/a>\n\t\t\t<\/div><\/figure><figure class='gallery-item'>\n\t\t\t<div class='gallery-icon landscape'>\n\t\t\t\t<a href='https:\/\/tsv-heiningen.de\/handball\/dt_galleries\/2023_saxonia_franke_jugendcup\/saxonia-franke-jugend-cup_jungs-162\/'><img decoding=\"async\" width=\"1500\" height=\"1000\" src=\"https:\/\/tsv-heiningen.de\/handball\/wp-content\/uploads\/sites\/3\/Saxonia-Franke-Jugend-Cup_Jungs-162.jpg\" class=\"attachment-full size-full\" alt=\"\" srcset=\"https:\/\/tsv-heiningen.de\/handball\/wp-content\/uploads\/sites\/3\/\/Saxonia-Franke-Jugend-Cup_Jungs-162.jpg 1500w, https:\/\/tsv-heiningen.de\/handball\/wp-content\/uploads\/sites\/3\/\/Saxonia-Franke-Jugend-Cup_Jungs-162-768x512.jpg 768w\" sizes=\"(max-width: 1500px) 100vw, 1500px\" \/><\/a>\n\t\t\t<\/div><\/figure><figure class='gallery-item'>\n\t\t\t<div class='gallery-icon landscape'>\n\t\t\t\t<a href='https:\/\/tsv-heiningen.de\/handball\/dt_galleries\/2023_saxonia_franke_jugendcup\/saxonia-franke-jugend-cup_jungs-123\/'><img decoding=\"async\" width=\"1500\" height=\"1000\" src=\"https:\/\/tsv-heiningen.de\/handball\/wp-content\/uploads\/sites\/3\/Saxonia-Franke-Jugend-Cup_Jungs-123.jpg\" class=\"attachment-full size-full\" alt=\"\" srcset=\"https:\/\/tsv-heiningen.de\/handball\/wp-content\/uploads\/sites\/3\/\/Saxonia-Franke-Jugend-Cup_Jungs-123.jpg 1500w, https:\/\/tsv-heiningen.de\/handball\/wp-content\/uploads\/sites\/3\/\/Saxonia-Franke-Jugend-Cup_Jungs-123-768x512.jpg 768w\" sizes=\"(max-width: 1500px) 100vw, 1500px\" \/><\/a>\n\t\t\t<\/div><\/figure><figure class='gallery-item'>\n\t\t\t<div class='gallery-icon landscape'>\n\t\t\t\t<a href='https:\/\/tsv-heiningen.de\/handball\/dt_galleries\/2023_saxonia_franke_jugendcup\/saxonia-franke-jugend-cup_jungs-78\/'><img decoding=\"async\" width=\"1500\" height=\"1000\" src=\"https:\/\/tsv-heiningen.de\/handball\/wp-content\/uploads\/sites\/3\/Saxonia-Franke-Jugend-Cup_Jungs-78.jpg\" class=\"attachment-full size-full\" alt=\"\" srcset=\"https:\/\/tsv-heiningen.de\/handball\/wp-content\/uploads\/sites\/3\/\/Saxonia-Franke-Jugend-Cup_Jungs-78.jpg 1500w, https:\/\/tsv-heiningen.de\/handball\/wp-content\/uploads\/sites\/3\/\/Saxonia-Franke-Jugend-Cup_Jungs-78-768x512.jpg 768w\" sizes=\"(max-width: 1500px) 100vw, 1500px\" \/><\/a>\n\t\t\t<\/div><\/figure><figure class='gallery-item'>\n\t\t\t<div class='gallery-icon landscape'>\n\t\t\t\t<a href='https:\/\/tsv-heiningen.de\/handball\/dt_galleries\/2023_saxonia_franke_jugendcup\/saxonia-franke-jugend-cup_jungs-5\/'><img decoding=\"async\" width=\"1000\" height=\"667\" src=\"https:\/\/tsv-heiningen.de\/handball\/wp-content\/uploads\/sites\/3\/Saxonia-Franke-Jugend-Cup_Jungs-5.jpg\" class=\"attachment-full size-full\" alt=\"\" srcset=\"https:\/\/tsv-heiningen.de\/handball\/wp-content\/uploads\/sites\/3\/Saxonia-Franke-Jugend-Cup_Jungs-5.jpg 1000w, https:\/\/tsv-heiningen.de\/handball\/wp-content\/uploads\/sites\/3\/Saxonia-Franke-Jugend-Cup_Jungs-5-768x512.jpg 768w\" sizes=\"(max-width: 1000px) 100vw, 1000px\" \/><\/a>\n\t\t\t<\/div><\/figure>\n\t\t<\/div>\n\n<hr \/>\n<h4><\/h4>\n<h1 style=\"text-align: center;\"><img decoding=\"async\" class=\"aligncenter wp-image-24084 size-large\" src=\"https:\/\/tsv-heiningen.de\/handball\/wp-content\/uploads\/sites\/3\/Saxonia-Franke-Jugendcup-764x1024.png\" alt=\"\" width=\"764\" height=\"1024\" srcset=\"https:\/\/tsv-heiningen.de\/handball\/wp-content\/uploads\/sites\/3\/Saxonia-Franke-Jugendcup-764x1024.png 764w, https:\/\/tsv-heiningen.de\/handball\/wp-content\/uploads\/sites\/3\/Saxonia-Franke-Jugendcup-224x300.png 224w, https:\/\/tsv-heiningen.de\/handball\/wp-content\/uploads\/sites\/3\/Saxonia-Franke-Jugendcup-149x200.png 149w, https:\/\/tsv-heiningen.de\/handball\/wp-content\/uploads\/sites\/3\/Saxonia-Franke-Jugendcup-768x1029.png 768w, https:\/\/tsv-heiningen.de\/handball\/wp-content\/uploads\/sites\/3\/Saxonia-Franke-Jugendcup.png 806w\" sizes=\"(max-width: 764px) 100vw, 764px\" \/><\/h1>\n<hr \/>\n<p><a href=\"https:\/\/www.saxonia-franke.de\/\" target=\"_blank\" rel=\"noopener\"><img decoding=\"async\" class=\"aligncenter wp-image-23758 size-full\" src=\"https:\/\/tsv-heiningen.de\/handball\/wp-content\/uploads\/sites\/3\/logo-Saxonia-franke-copy.png\" alt=\"\" width=\"1000\" height=\"400\" srcset=\"https:\/\/tsv-heiningen.de\/handball\/wp-content\/uploads\/sites\/3\/logo-Saxonia-franke-copy.png 1000w, https:\/\/tsv-heiningen.de\/handball\/wp-content\/uploads\/sites\/3\/logo-Saxonia-franke-copy-300x120.png 300w, https:\/\/tsv-heiningen.de\/handball\/wp-content\/uploads\/sites\/3\/logo-Saxonia-franke-copy-293x117.png 293w, https:\/\/tsv-heiningen.de\/handball\/wp-content\/uploads\/sites\/3\/logo-Saxonia-franke-copy-768x307.png 768w\" sizes=\"(max-width: 1000px) 100vw, 1000px\" \/><\/a><\/p>\n<p>&nbsp;<\/p>\n<p>&nbsp;<\/p>\n<p>&nbsp;<\/p>\n<hr \/>\n<p>&nbsp;<\/p>\n","protected":false},"excerpt":{"rendered":"<p>Saxonia-Franke Jugend-Cup 2026 Das Turnier findet am Sa. 04.07. und So. 05.07.2026\u00a0statt Unser Sportgel\u00e4nde im Reusch mit den vielen Laubb\u00e4umen und einem gepflegten Rasenplatz bietet beste Voraussetzungen f\u00fcr hervorragende Jugendspiele. Das Turnier wird von den Minis bis zur A- Jugend ausgetragen. Die Spiele der F-Jugend und der m\u00e4nnlichen Jugendmannschaften finden am Sa. 04.07.2026 statt. Am [&hellip;]<\/p>\n","protected":false},"author":23,"featured_media":15245,"parent":21467,"menu_order":8,"comment_status":"closed","ping_status":"closed","template":"","meta":{"_acf_changed":false,"footnotes":""},"class_list":["post-14823","page","type-page","status-publish","has-post-thumbnail","hentry"],"acf":[],"_links":{"self":[{"href":"https:\/\/tsv-heiningen.de\/handball\/wp-json\/wp\/v2\/pages\/14823","targetHints":{"allow":["GET"]}}],"collection":[{"href":"https:\/\/tsv-heiningen.de\/handball\/wp-json\/wp\/v2\/pages"}],"about":[{"href":"https:\/\/tsv-heiningen.de\/handball\/wp-json\/wp\/v2\/types\/page"}],"author":[{"embeddable":true,"href":"https:\/\/tsv-heiningen.de\/handball\/wp-json\/wp\/v2\/users\/23"}],"replies":[{"embeddable":true,"href":"https:\/\/tsv-heiningen.de\/handball\/wp-json\/wp\/v2\/comments?post=14823"}],"version-history":[{"count":159,"href":"https:\/\/tsv-heiningen.de\/handball\/wp-json\/wp\/v2\/pages\/14823\/revisions"}],"predecessor-version":[{"id":29989,"href":"https:\/\/tsv-heiningen.de\/handball\/wp-json\/wp\/v2\/pages\/14823\/revisions\/29989"}],"up":[{"embeddable":true,"href":"https:\/\/tsv-heiningen.de\/handball\/wp-json\/wp\/v2\/pages\/21467"}],"wp:featuredmedia":[{"embeddable":true,"href":"https:\/\/tsv-heiningen.de\/handball\/wp-json\/wp\/v2\/media\/15245"}],"wp:attachment":[{"href":"https:\/\/tsv-heiningen.de\/handball\/wp-json\/wp\/v2\/media?parent=14823"}],"curies":[{"name":"wp","href":"https:\/\/api.w.org\/{rel}","templated":true}]}}