{"id":14533,"date":"2018-01-10T07:13:51","date_gmt":"2018-01-10T06:13:51","guid":{"rendered":"https:\/\/tsv-heiningen.de\/handball\/\/?page_id=14533"},"modified":"2026-03-13T06:44:17","modified_gmt":"2026-03-13T05:44:17","slug":"sponsoren-partner","status":"publish","type":"page","link":"https:\/\/tsv-heiningen.de\/handball\/sponsoren\/sponsoren-partner\/","title":{"rendered":"Sponsoren &amp; Partner"},"content":{"rendered":"<div class=\"wpb-content-wrapper\"><p>[vc_row][vc_column][vc_row_inner][vc_column_inner][vc_column_text]<\/p>\n<h2><strong>Handball begeistert<\/strong><\/h2>\n<p>Handball ist die mit Abstand beliebteste Hallenteamsportart und fester Bestandteil der deutschen Sportkultur. Dynamisch, rasant, sympathisch, fair und famili\u00e4r \u2013 Handball ist ein Sport f\u00fcr Jedermann. Der wahre Held ist immer die Mannschaft. Genau deshalb wird Handball von den Zuschauern geliebt und von Sponsoren gesch\u00e4tzt.<\/p>\n<p>&nbsp;<\/p>\n<h2><strong>Entdecken Sie unseren Verein und ziehen Sie Ihre exklusiven Vorteile<\/strong><\/h2>\n<p>Werden Sie Partner der Handballabteilung des TSV Heiningen. Erleben Sie spannende Handball Events und erschlie\u00dfen Sie neue Kontakte mit unseren Partnern. Aber nicht nur das, Sie f\u00f6rdern mit Ihrem Engagement eine hervorragende Jugendarbeit des TSV`s!<\/p>\n<p>&nbsp;<\/p>\n<h2><strong>Ebenen<\/strong><\/h2>\n<p>F\u00fcr Ihr Sponsoring beim TSV bieten wir Ihnen f\u00fcnf Gesamtebenen, eine Talentschmiedeebene sowie die Unterst\u00fctzung im F\u00f6rderverein an. Sie k\u00f6nnen Ihr Engagement also perfekt auf Ihre Bed\u00fcrfnisse zuschneiden lassen.[\/vc_column_text][\/vc_column_inner][\/vc_row_inner][vc_row_inner css=&#8220;.vc_custom_1684157689198{margin-top: 50px !important;margin-bottom: 50px !important;}&#8220;][vc_column_inner width=&#8220;1\/3&#8243;]<div class='dt-sc-image-caption type9 '><a href=\"https:\/\/tsv-heiningen.de\/handball\/wp-content\/uploads\/sites\/3\/TSV-Heiningen_Sponsorenmappe_03.2026.pdf\" target=\"_blank\" title=\"\"><div class='dt-sc-image-wrapper'><img decoding=\"async\" width=\"866\" height=\"491\" src=\"https:\/\/tsv-heiningen.de\/handball\/wp-content\/uploads\/sites\/3\/Sponsorenmappe_01-1.png\" class=\"attachment-full\" alt=\"\" title=\"Sponsorenmappe_01\" srcset=\"https:\/\/tsv-heiningen.de\/handball\/wp-content\/uploads\/sites\/3\/Sponsorenmappe_01-1.png 866w, https:\/\/tsv-heiningen.de\/handball\/wp-content\/uploads\/sites\/3\/Sponsorenmappe_01-1-768x435.png 768w\" sizes=\"(max-width: 866px) 100vw, 866px\" \/><div class=\"dt-sc-image-overlay\" style=\"background:rgba(0, 0, 0, 0.8)\"><p><\/p><\/div><\/div><div class='dt-sc-image-content'><div class='dt-sc-image-title'><h3><a href=\"https:\/\/tsv-heiningen.de\/handball\/wp-content\/uploads\/sites\/3\/TSV-Heiningen_Sponsorenmappe_03.2026.pdf\" target=\"_blank\">Hier geht`s zur Sponsorenmappe<\/a><\/h3><\/div><\/div><\/div>[\/vc_column_inner][vc_column_inner width=&#8220;1\/3&#8243;]<div class='dt-sc-image-caption type9 '><a href=\"https:\/\/tsv-heiningen.de\/handball\/hauptsponsor\/\" target=\"_self\" title=\"Sponsoren &amp; Partner\"><div class='dt-sc-image-wrapper'><img decoding=\"async\" width=\"866\" height=\"491\" src=\"https:\/\/tsv-heiningen.de\/handball\/wp-content\/uploads\/sites\/3\/Sponsoren_im_Ueberblick-1-1.png\" class=\"attachment-full\" alt=\"\" title=\"Sponsoren_im_Ueberblick (1) (1)\" srcset=\"https:\/\/tsv-heiningen.de\/handball\/wp-content\/uploads\/sites\/3\/Sponsoren_im_Ueberblick-1-1.png 866w, https:\/\/tsv-heiningen.de\/handball\/wp-content\/uploads\/sites\/3\/Sponsoren_im_Ueberblick-1-1-768x435.png 768w\" sizes=\"(max-width: 866px) 100vw, 866px\" \/><div class=\"dt-sc-image-overlay\" style=\"background:rgba(0, 0, 0, 0.8)\"><p><\/p><\/div><\/div><div class='dt-sc-image-content'><div class='dt-sc-image-title'><h3><a href=\"https:\/\/tsv-heiningen.de\/handball\/hauptsponsor\/\" target=\"_self\" title=\"Sponsoren &amp; Partner\">Unsere Sponsoren im \u00dcberblick<\/a><\/h3><\/div><\/div><\/div>[\/vc_column_inner][vc_column_inner width=&#8220;1\/3&#8243;]<div class='dt-sc-image-caption type9 '><a href=\"https:\/\/tsv-heiningen.de\/handball\/wp-content\/uploads\/sites\/3\/Saisonheft_2025_TSV_Heiningen-Handball.pdf\" target=\"_blank\" title=\"\"><div class='dt-sc-image-wrapper'><img decoding=\"async\" width=\"867\" height=\"491\" src=\"https:\/\/tsv-heiningen.de\/handball\/wp-content\/uploads\/sites\/3\/2022-2023_Saisonheft-1.png\" class=\"attachment-full\" alt=\"\" title=\"2022-2023_Saisonheft (1)\" srcset=\"https:\/\/tsv-heiningen.de\/handball\/wp-content\/uploads\/sites\/3\/2022-2023_Saisonheft-1.png 867w, https:\/\/tsv-heiningen.de\/handball\/wp-content\/uploads\/sites\/3\/2022-2023_Saisonheft-1-768x435.png 768w\" sizes=\"(max-width: 867px) 100vw, 867px\" \/><div class=\"dt-sc-image-overlay\" style=\"background:rgba(0, 0, 0, 0.8)\"><p><\/p><\/div><\/div><div class='dt-sc-image-content'><div class='dt-sc-image-title'><h3><a href=\"https:\/\/tsv-heiningen.de\/handball\/wp-content\/uploads\/sites\/3\/Saisonheft_2025_TSV_Heiningen-Handball.pdf\" target=\"_blank\">Das Saisonheft 2025 \/ 2026<\/a><\/h3><\/div><\/div><\/div>[\/vc_column_inner][\/vc_row_inner][vc_row_inner][vc_column_inner][vc_column_text]<\/p>\n<h2><strong>Haben wir Ihr Interesse geweckt?<\/strong><\/h2>\n<p>Sprechen Sie uns an und wir erstellen Ihnen ein individuelles Angebot nach Ihren W\u00fcnschen und Vorstellungen. Werden Sie Partner des TSV Heiningen![\/vc_column_text][vc_column_text css=&#8220;&#8220;]Kontakt: <a href=\"mailto:sponsoring.handball@tsv-heiningen.de\">sponsoring.handball@tsv-heiningen.de<\/a>[\/vc_column_text][\/vc_column_inner][\/vc_row_inner][vc_row_inner][vc_column_inner]<div class='dt-sc-title border-title '><h3>Ihre Ansprechpartner:<\/h3><\/div>[vc_single_image image=&#8220;28106&#8243; img_size=&#8220;full&#8220; add_caption=&#8220;yes&#8220; css=&#8220;&#8220;][\/vc_column_inner][\/vc_row_inner][vc_column_text css=&#8220;&#8220;]Das Sponsoring-Team von links: Frank Seliger, J\u00fcrgen Ladwig, Patrizia Schnirch, Detlef Kosior, Peter Wei\u00dfer[\/vc_column_text][\/vc_column][\/vc_row][vc_row][vc_column][\/vc_column][\/vc_row]<\/p>\n<\/div>","protected":false},"excerpt":{"rendered":"<p>[vc_row][vc_column][vc_row_inner][vc_column_inner][vc_column_text] Handball begeistert Handball ist die mit Abstand beliebteste Hallenteamsportart und fester Bestandteil der deutschen Sportkultur. Dynamisch, rasant, sympathisch, fair und famili\u00e4r \u2013 Handball ist ein Sport f\u00fcr Jedermann. Der wahre Held ist immer die Mannschaft. Genau deshalb wird Handball von den Zuschauern geliebt und von Sponsoren gesch\u00e4tzt. &nbsp; Entdecken Sie unseren Verein und ziehen [&hellip;]<\/p>\n","protected":false},"author":31,"featured_media":15245,"parent":908,"menu_order":6,"comment_status":"closed","ping_status":"closed","template":"","meta":{"_acf_changed":false,"footnotes":""},"class_list":["post-14533","page","type-page","status-publish","has-post-thumbnail","hentry"],"acf":[],"_links":{"self":[{"href":"https:\/\/tsv-heiningen.de\/handball\/wp-json\/wp\/v2\/pages\/14533","targetHints":{"allow":["GET"]}}],"collection":[{"href":"https:\/\/tsv-heiningen.de\/handball\/wp-json\/wp\/v2\/pages"}],"about":[{"href":"https:\/\/tsv-heiningen.de\/handball\/wp-json\/wp\/v2\/types\/page"}],"author":[{"embeddable":true,"href":"https:\/\/tsv-heiningen.de\/handball\/wp-json\/wp\/v2\/users\/31"}],"replies":[{"embeddable":true,"href":"https:\/\/tsv-heiningen.de\/handball\/wp-json\/wp\/v2\/comments?post=14533"}],"version-history":[{"count":64,"href":"https:\/\/tsv-heiningen.de\/handball\/wp-json\/wp\/v2\/pages\/14533\/revisions"}],"predecessor-version":[{"id":30176,"href":"https:\/\/tsv-heiningen.de\/handball\/wp-json\/wp\/v2\/pages\/14533\/revisions\/30176"}],"up":[{"embeddable":true,"href":"https:\/\/tsv-heiningen.de\/handball\/wp-json\/wp\/v2\/pages\/908"}],"wp:featuredmedia":[{"embeddable":true,"href":"https:\/\/tsv-heiningen.de\/handball\/wp-json\/wp\/v2\/media\/15245"}],"wp:attachment":[{"href":"https:\/\/tsv-heiningen.de\/handball\/wp-json\/wp\/v2\/media?parent=14533"}],"curies":[{"name":"wp","href":"https:\/\/api.w.org\/{rel}","templated":true}]}}