{"id":52,"date":"2018-08-22T21:15:47","date_gmt":"2018-08-22T19:15:47","guid":{"rendered":"https:\/\/tsv-heiningen.de\/budosport\/?page_id=52"},"modified":"2024-03-26T10:14:07","modified_gmt":"2024-03-26T09:14:07","slug":"sponsoren","status":"publish","type":"page","link":"https:\/\/tsv-heiningen.de\/budosport\/sponsoren\/","title":{"rendered":"Hintergrundinfos"},"content":{"rendered":"<p><strong><u>Judo &amp; Jiu-Jitsu allgemein:<\/u><\/strong><\/p>\n<p>Jiu-Jitsu ist eine Kampfkunst, die auf die japanische Ritterkaste der Samurai zur\u00fcckgef\u00fchrt werden kann. Ihr Ursprung bestand in dem Bestreben, auch bei Verlust der Waffen im\u00a0 Kampf Mann gegen Mann wehrhaft zu bleiben. Heutzutage besitzt das Jiu-Jitsu meist einen rein sportlichen Charakter und wird bei uns im Sinne der p\u00e4dagogischen Ziele Jigoro Kanos betrieben. Es gibt aber auch Stilrichtungen, die das Jiu-Jitsu als Selbstverteidigungssystem betreiben.<\/p>\n<p>Judo = (w\u00f6rtlich: &#8222;sanfter Weg&#8220;) ist eine japanische Kampfsportart, deren Motto \u201e<span class=\"cmp_parsed_location\">Siegen<\/span> durch Nachgeben\u201d ist. Judo wurde von Prof. Dr. Jigoro Kano aus verschiedenen traditionellen japanischen Kampfsystemen entwickelt. Dabei wurden alle gef\u00e4hrlichen Techniken entfernt, um aus einer urspr\u00fcnglich kriegerischen Kampfkunst eine ganzheitliche Schule f\u00fcr K\u00f6rper und Geist zu entwickeln.<\/p>\n<p>&nbsp;<\/p>\n<p><strong><u>Judo &amp; Jiu-Jitsu im TSV<\/u> <u><span class=\"cmp_parsed_location\">Heiningen<\/span><\/u><u>:<\/u><\/strong><\/p>\n<p>Der Schwerpunkt unserer Abteilung im Bereich Judo liegt in der Kinder und Jugendarbeit, w\u00e4hrend das Jiu-Jitsu vornehmlich von Jugendlichen und Erwachsenen betrieben wird.<\/p>\n<p>Im Gegensatz zu anderen Vereinen nehmen wir nicht regelm\u00e4\u00dfig an Wettk\u00e4mpfen Teil. Deshalb kann, je nach Vorlieben unserer Trainer oder unserer Sch\u00fcler,<\/p>\n<p>tiefer in Wurf-, Fall-, Boden-, W\u00fcrge-, Hebel- oder Schlagtechniken (Jiu-Jitsu) eingegangen werden. Aus diesem Grund hat \u201eunser\u201c Judo &amp; Jiu-Jitsu einen mehr sportlichen Charakter. Innerhalb unserer Abteilung haben sich zudem schon viele Freundschaften entwickelt, die durch gemeinsame Aktivit\u00e4ten, wie z.B. Zeltlager, Abteilungsausfl\u00fcge, Grillabende\u2026 gepflegt und gefestigt werden.<\/p>\n<p>&nbsp;<\/p>\n<p><strong><u>Fallen und St\u00fcrzen:<\/u><\/strong><\/p>\n<p>Ein wichtiger Aspekt im Judo &amp; Jiu-Jitsu ist das \u201esichere\u201c Fallen.<br \/>\nMan lernt hier verschiedene Falltechniken um sich bei Judo &amp; Jiu-Jitsu Techniken nicht zu verletzen.<\/p>\n<p>Dadurch k\u00f6nnen auch viele Verletzungen bei St\u00fcrzen im\u00a0 Alltag vermieden werden.<\/p>\n","protected":false},"excerpt":{"rendered":"<p>Judo &amp; Jiu-Jitsu allgemein: Jiu-Jitsu ist eine Kampfkunst, die auf die japanische Ritterkaste der Samurai zur\u00fcckgef\u00fchrt werden kann. Ihr Ursprung bestand in dem Bestreben, auch bei Verlust der Waffen im\u00a0 Kampf Mann gegen Mann wehrhaft zu bleiben. Heutzutage besitzt das Jiu-Jitsu meist einen rein sportlichen Charakter und wird bei uns im Sinne der p\u00e4dagogischen Ziele [&hellip;]<\/p>\n","protected":false},"author":31,"featured_media":26,"parent":0,"menu_order":3,"comment_status":"closed","ping_status":"closed","template":"","meta":{"_acf_changed":false,"footnotes":""},"class_list":["post-52","page","type-page","status-publish","has-post-thumbnail","hentry"],"acf":[],"_links":{"self":[{"href":"https:\/\/tsv-heiningen.de\/budosport\/wp-json\/wp\/v2\/pages\/52","targetHints":{"allow":["GET"]}}],"collection":[{"href":"https:\/\/tsv-heiningen.de\/budosport\/wp-json\/wp\/v2\/pages"}],"about":[{"href":"https:\/\/tsv-heiningen.de\/budosport\/wp-json\/wp\/v2\/types\/page"}],"author":[{"embeddable":true,"href":"https:\/\/tsv-heiningen.de\/budosport\/wp-json\/wp\/v2\/users\/31"}],"replies":[{"embeddable":true,"href":"https:\/\/tsv-heiningen.de\/budosport\/wp-json\/wp\/v2\/comments?post=52"}],"version-history":[{"count":16,"href":"https:\/\/tsv-heiningen.de\/budosport\/wp-json\/wp\/v2\/pages\/52\/revisions"}],"predecessor-version":[{"id":341,"href":"https:\/\/tsv-heiningen.de\/budosport\/wp-json\/wp\/v2\/pages\/52\/revisions\/341"}],"wp:featuredmedia":[{"embeddable":true,"href":"https:\/\/tsv-heiningen.de\/budosport\/wp-json\/wp\/v2\/media\/26"}],"wp:attachment":[{"href":"https:\/\/tsv-heiningen.de\/budosport\/wp-json\/wp\/v2\/media?parent=52"}],"curies":[{"name":"wp","href":"https:\/\/api.w.org\/{rel}","templated":true}]}}