{"id":42,"date":"2018-08-22T20:53:53","date_gmt":"2018-08-22T18:53:53","guid":{"rendered":"https:\/\/tsv-heiningen.de\/budosport\/?page_id=42"},"modified":"2023-07-02T16:21:01","modified_gmt":"2023-07-02T14:21:01","slug":"events","status":"publish","type":"page","link":"https:\/\/tsv-heiningen.de\/budosport\/events\/","title":{"rendered":"Aktuelles\/ Termine"},"content":{"rendered":"<p><strong>Starenfest Umzug<\/strong><\/p>\n<p>Die Judoabteilung nimmt am <strong>22. August 2023<\/strong> am Umzug des j\u00e4hrlichen Starenfests teil! Daf\u00fcr treffen wir uns um <strong>13:30 Uhr<\/strong> in der Uhlandstra\u00dfe in Heiningen im Judoanzug.<\/p>\n<p>Wir freuen uns auf einen gemeinsam Umzug mit euch!<\/p>\n<p>Eure Trainer<\/p>\n<hr \/>\n<p><strong>Training am Freitag den 23.06.2023<\/strong><\/p>\n<p>Leider kann am\u00a0<strong>Freitag 23.06.2023\u00a0<\/strong>das zweite Training von 19:00 Uhr bis 20:30 Uhr <strong>nicht\u00a0<\/strong>stattfinden. Alle Judokas sind daher in das erste Training von 17:30 Uhr bis 20:00 Uhr eingeladen.<\/p>\n<p>Wir freuen uns auf euch!<\/p>\n<p>Eure Trainer<\/p>\n<hr \/>\n<p><b>Training<\/b><strong>\u00a0am Freitag den 19.05.2023<\/strong><\/p>\n<p>Auch die Judokas machen am <strong>Freitag 19.05.2023<\/strong> einen Br\u00fcckentag. Deswegen findet das erste Training um 17:30 Uhr und das zweite Training um 19 Uhr <strong>nicht<\/strong> statt!<\/p>\n<p>Wir w\u00fcnschen euch ein sch\u00f6nes verl\u00e4ngertes Wochenende!<\/p>\n<p>Eure Trainer<\/p>\n<hr \/>\n<p><b>Training<\/b><strong>\u00a0am Freitag den 17.02.2023<\/strong><\/p>\n<p>Leider kann das zweite Training am Freitag den 17.02.2023 von 19:00 Uhr bis 20:30 Uhr nicht stattfinden. Wir laden alle Judokas in das erste Training von 17:30 Uhr bis 19:15 Uhr ein!<\/p>\n<p>Wir freuen uns auf euch und w\u00fcnschen noch allen ein sch\u00f6nes und gesundes neues Jahr!<\/p>\n<p>Eure Trainer<\/p>\n<hr \/>\n<p><strong>Training am Freitag den 21.10.2022<\/strong><\/p>\n<p>Leider kann das zweite Training am Freitag den 21.10.2022 von 19:00 Uhr bis 20:30 Uhr nicht stattfinden. Wir laden alle Judokas in das erste Training von 17:30 Uhr bis 19:15 Uhr ein!<\/p>\n<p>Wir freuen uns auf euch!<\/p>\n<p>Eure Trainer<\/p>\n<hr \/>\n<p><strong>Training im neuen Jahr 2022<\/strong><\/p>\n<p>Wir d\u00fcrfen laut der aktuellen Corona-Verordnung weiterhin zu den normalen Zeiten trainieren! Bittet beachtet daf\u00fcr jedoch folgend Auflagen:<\/p>\n<ul>\n<li>Es herrscht eine <strong>2G+ Pflicht<\/strong>!<\/li>\n<li>Bitte erscheint schon umgezogen in euren Judo-Anz\u00fcgen.<\/li>\n<li>Das Tragen einer <strong>FFP2 Maske<\/strong> ist seit dem 12.01. Pflicht, bitte beachte dies.<\/li>\n<li>Das Training findet unter den selben Bedienungen wie letztes Jahr statt.<\/li>\n<\/ul>\n<p>Weitere Infos findet ihr auf der Hauptseite des TSV Heiningen unter <a href=\"https:\/\/tsv-heiningen.de\/corona-virus\/\">https:\/\/tsv-heiningen.de\/corona-virus\/<\/a>.<\/p>\n<p>Wir freuen uns auf euch!<\/p>\n<p>Eure Trainer<\/p>\n<hr \/>\n<p><strong>Jubil\u00e4umsfeier<\/strong><\/p>\n<p>Liebe Judokas und Abteilungsmitglieder!<\/p>\n<p>Wir laden euch recht herzlich zu unserem 40-j\u00e4hrigem Jubil\u00e4um ein! Unsere Abteilung gibt es seit 1980 im TSV Heiningen. Da wir letzten Jahr aufgrund von Corona unser Jubil\u00e4um nicht feiern konnten, m\u00f6chten wir dies dieses Jahr nachholen!<\/p>\n<p>Hierzu laden wir euch am Freitag den 08.10.2021 ab 17:30 Uhr in die TSV Halle ein (an diesem Tag findet kein regul\u00e4res Training statt). Wir werden an diesem Abend gemeinsam Spiele spielen, einen Parcours aufbauen und durchlaufen und jede Menge Spa\u00df haben! Dazu solltet ihr neben guter Laune Sportklamotten und Hallenschuhe mitbringen! Nebenher zeigen wir Bilder von vergangenen Zeltlagern der letzten Jahre. F\u00fcr Essen und Getr\u00e4nke ist gesorgt.<\/p>\n<p><strong>Wichtig:<\/strong><\/p>\n<p>Eine Anmeldung ist aufgrund der Essensbestellung zwingend erforderlich. Somit solltet ihr euch verbindlich bis sp\u00e4testens 05.10.2021 bei der E-Mailadresse budosport@TSV-Heiningen.de anmelden. Bei der Anmeldung sollten angegeben werden, mit wie vielen Familienmitgliedern ihr kommt und ob ihr vegetarisch seid.<\/p>\n<p>Mit der Anmeldung verpflichtet ihr euch die zu dem Zeitpunkt geltenden Corona-Verordnung einzuhalten. Infos dazu findet ihr auf der TSV Homepage.<\/p>\n<p>Bei Fragen k\u00f6nnt ihr euch gerne bei uns Trainern melden!<\/p>\n<p>Wir freuen uns auf euch!<\/p>\n<p>Eure Trainer<\/p>\n<hr \/>\n<p><strong>Die Sommerpause ist vorbei!<\/strong><\/p>\n<p>Ab dem 15.09.21 trainieren die Judokas wieder mittwochs und freitags zu den gewohnten Zeiten.<\/p>\n<p>F\u00fcr die Trainings gilt:<br \/>\n&#8211; <strong>3G-Nachweis<\/strong> erforderlich (gilt nicht f\u00fcr Kinder, die\u00a0das sechste Lebensjahr noch nicht vollendet haben oder noch nicht eingeschult sind, oder f\u00fcr\u00a0Sch\u00fclerinnen oder Sch\u00fcler einer Grundschule, eines sonderp\u00e4dagogischen Bildungs- und Beratungszentrums, einer auf der Grundschule aufbauenden Schule oder einer beruflichen Schule)<br \/>\n&#8211; <strong>Maskenpflicht<\/strong> beim Betreten und Verlassen der Halle<\/p>\n<p>Das Training findet unter den bekannten Bedingungen statt.<\/p>\n<p>Wir freuen uns auf Euch! Eure Trainer<\/p>\n<hr \/>\n<p><strong>Trainingszeiten in den Sommerferien<\/strong><\/p>\n<p>Aufgrund der langen Pause durch die Corona-Verordnungen, bieten wir in den Sommerferien ebenfalls Judo-Training an. Das Training wird\u00a0\u00fcber alle Altersklassen zusammengefasst und findet nur freitags von 18:00 Uhr bis 20:00 Uhr statt. Das Training wird an folgenden Terminen stattfinden:<\/p>\n<ul>\n<li>06.08.21<\/li>\n<li>13.08.21<\/li>\n<li>20.08.21<\/li>\n<li>27.08.21<\/li>\n<li>03.09.21<\/li>\n<\/ul>\n<p>Eine Teilnahme von nicht Mitgliedern ist nur unter vorheriger Anmeldung und Abstimmung \u00fcber die Abteilungsleitung (<a href=\"mailto:Budosport@TSV-Heiningen.de\">Budosport@TSV-Heiningen.de<\/a>) oder \u00fcber die Trainer m\u00f6glich.<\/p>\n<p>Das Jiu\/ SV Training findet nach vorheriger Absprache entweder mittwochs oder parallel zum Judo freitags statt.\u00a0Eine Teilnahme von nicht Mitgliedern ist in den Sommerferien nicht m\u00f6glich.<\/p>\n<p>Wir freuen uns auf euch!<\/p>\n<p>Eure Trainer<\/p>\n","protected":false},"excerpt":{"rendered":"<p>Starenfest Umzug Die Judoabteilung nimmt am 22. August 2023 am Umzug des j\u00e4hrlichen Starenfests teil! Daf\u00fcr treffen wir uns um 13:30 Uhr in der Uhlandstra\u00dfe in Heiningen im Judoanzug. Wir freuen uns auf einen gemeinsam Umzug mit euch! Eure Trainer Training am Freitag den 23.06.2023 Leider kann am\u00a0Freitag 23.06.2023\u00a0das zweite Training von 19:00 Uhr bis [&hellip;]<\/p>\n","protected":false},"author":31,"featured_media":26,"parent":0,"menu_order":5,"comment_status":"closed","ping_status":"closed","template":"","meta":{"_acf_changed":false,"footnotes":""},"class_list":["post-42","page","type-page","status-publish","has-post-thumbnail","hentry"],"acf":[],"_links":{"self":[{"href":"https:\/\/tsv-heiningen.de\/budosport\/wp-json\/wp\/v2\/pages\/42","targetHints":{"allow":["GET"]}}],"collection":[{"href":"https:\/\/tsv-heiningen.de\/budosport\/wp-json\/wp\/v2\/pages"}],"about":[{"href":"https:\/\/tsv-heiningen.de\/budosport\/wp-json\/wp\/v2\/types\/page"}],"author":[{"embeddable":true,"href":"https:\/\/tsv-heiningen.de\/budosport\/wp-json\/wp\/v2\/users\/31"}],"replies":[{"embeddable":true,"href":"https:\/\/tsv-heiningen.de\/budosport\/wp-json\/wp\/v2\/comments?post=42"}],"version-history":[{"count":37,"href":"https:\/\/tsv-heiningen.de\/budosport\/wp-json\/wp\/v2\/pages\/42\/revisions"}],"predecessor-version":[{"id":559,"href":"https:\/\/tsv-heiningen.de\/budosport\/wp-json\/wp\/v2\/pages\/42\/revisions\/559"}],"wp:featuredmedia":[{"embeddable":true,"href":"https:\/\/tsv-heiningen.de\/budosport\/wp-json\/wp\/v2\/media\/26"}],"wp:attachment":[{"href":"https:\/\/tsv-heiningen.de\/budosport\/wp-json\/wp\/v2\/media?parent=42"}],"curies":[{"name":"wp","href":"https:\/\/api.w.org\/{rel}","templated":true}]}}